{"id":65503,"date":"2023-10-09T14:45:21","date_gmt":"2023-10-09T11:45:21","guid":{"rendered":"https:\/\/fennougria.ee\/?page_id=65503"},"modified":"2023-10-09T14:57:32","modified_gmt":"2023-10-09T11:57:32","slug":"2023-2","status":"publish","type":"page","link":"https:\/\/fennougria.ee\/ru\/sobytiya\/dni-rodstvennyh-narodov\/dni-rodstvennyh-narodov-fu\/2023-2\/","title":{"rendered":"2023"},"content":{"rendered":"<p>\u0422\u0435\u043c\u043e\u0439 \u0414\u043d\u0435\u0439 \u0440\u043e\u0434\u0441\u0442\u0432\u0435\u043d\u043d\u044b\u0445 \u043d\u0430\u0440\u043e\u0434\u043e\u0432 \u0432 \u044d\u0442\u043e\u043c \u0433\u043e\u0434\u0443 \u044f\u0432\u043b\u044f\u0435\u0442\u0441\u044f \u00ab\u0421\u043c\u0435\u043b\u043e\u0441\u0442\u044c\u00bb, \u0447\u0442\u043e \u0441\u0432\u044f\u0437\u0430\u043d\u043e \u0441 \u0442\u0440\u0443\u0434\u043d\u044b\u043c\u0438 \u0432\u0440\u0435\u043c\u0435\u043d\u0430\u043c\u0438 \u0438 \u0441\u043c\u0435\u043b\u043e\u0441\u0442\u044c\u044e \u0431\u044b\u0442\u044c \u0441\u0430\u043c\u0438\u043c\u0438 \u0441\u043e\u0431\u043e\u0439. \u0421\u0435\u0440\u0438\u044f \u043c\u0435\u0440\u043e\u043f\u0440\u0438\u044f\u0442\u0438\u0439 \u0432 \u0422\u0430\u043b\u043b\u0438\u043d\u043d\u0435 \u0438 \u0422\u0430\u0440\u0442\u0443 \u043e\u0431\u044a\u0435\u0434\u0438\u043d\u044f\u0435\u0442 \u0444\u0438\u043d\u043d\u043e-\u0443\u0433\u043e\u0440\u0441\u043a\u0438\u0445 \u043c\u0443\u0437\u044b\u043a\u0430\u043d\u0442\u043e\u0432, \u0445\u0443\u0434\u043e\u0436\u043d\u0438\u043a\u043e\u0432, \u043b\u0438\u0442\u0435\u0440\u0430\u0442\u043e\u0440\u043e\u0432 \u0438 \u0443\u0447\u0451\u043d\u044b\u0445. \u0421\u043e\u0441\u0442\u043e\u0438\u0442\u0441\u044f \u043d\u0430\u0443\u0447\u043d\u0430\u044f \u043a\u043e\u043d\u0444\u0435\u0440\u0435\u043d\u0446\u0438\u044f \u043d\u0430 \u0442\u0435\u043c\u0443 \u043a\u043e\u0440\u0435\u043d\u043d\u044b\u0445 \u043d\u0430\u0440\u043e\u0434\u043e\u0432 \u041b\u0430\u0442\u0432\u0438\u0438, \u0443 \u0433\u043e\u0441\u0442\u0435\u0439 \u0431\u0443\u0434\u0435\u0442 \u0432\u043e\u0437\u043c\u043e\u0436\u043d\u043e\u0441\u0442\u044c \u043f\u043e\u0443\u0447\u0430\u0441\u0442\u0432\u043e\u0432\u0430\u0442\u044c \u0432 \u043a\u043e\u043d\u0446\u0435\u0440\u0442\u0430\u0445 \u0442\u0440\u0430\u0434\u0438\u0446\u0438\u043e\u043d\u043d\u043e\u0439 \u043c\u0443\u0437\u044b\u043a\u0435 \u0438 \u043f\u043e\u0441\u043b\u0443\u0448\u0430\u0442\u044c \u043a\u043b\u0430\u0441\u0441\u0438\u043a\u0443. \u0413\u043e\u0440\u044f\u0447\u0438\u0435 \u043a\u043b\u0443\u0431\u043d\u044b\u0435 \u0432\u0435\u0447\u0435\u0440\u0430 \u0432 \u0422\u0430\u0440\u0442\u0443 \u0438 \u0422\u0430\u043b\u043b\u0438\u043d\u043d\u0435 \u0437\u0430\u0432\u0435\u0440\u0448\u0430\u044e\u0442 \u0444\u0438\u043d\u043d\u043e-\u0443\u0433\u043e\u0440\u0441\u043a\u0438\u0439 \u043c\u0435\u0441\u044f\u0446.<\/p><p><strong>18.10<\/strong> \u0432 19:00 <a href=\"https:\/\/fennougria.ee\/sundmus\/hoimupaevade-tantsuklubi\/\" target=\"_blank\" rel=\"noreferrer noopener\">\u0424\u0438\u043d\u043d\u043e-\u0443\u0433\u043e\u0440\u0441\u043a\u0438\u0439 \u0442\u0430\u043d\u0446\u0435\u0432\u0430\u043b\u044c\u043d\u044b\u0439 \u043a\u043b\u0443\u0431<\/a> \u0432 \u0414\u043e\u043c\u0435 \u0425\u043e\u043f\u043d\u0435\u0440\u0430 (Hopneri maja) \u0441\u043e\u0432\u043c\u0435\u0441\u0442\u043d\u043e \u0441 \u0422\u0430\u043d\u0446\u0435\u0432\u0430\u043b\u044c\u043d\u044b\u043c \u043a\u043b\u0443\u0431\u043e\u043c: \u0442\u0440\u0430\u043d\u0441\u0438\u043b\u044c\u0432\u0430\u043d\u0441\u043a\u0430\u044f \u0433\u0440\u0443\u043f\u043f\u0430 Tokos \u0438\u0437 \u0412\u0435\u043d\u0433\u0440\u0438\u0438 \u0438 \u041f\u0430\u0432\u0435\u043b \u041a\u0443\u0442\u0435\u0440\u0433\u0438\u043d \u0441 \u0443\u0434\u043c\u0443\u0440\u0442\u0441\u043a\u0438\u043c\u0438 \u0442\u0430\u043d\u0446\u0430\u043c\u0438<\/p><p><strong>18.10<\/strong> \u0432 18:00 \u00ab\u0412\u0435\u0447\u0435\u0440\u0438\u043d\u043a\u0430 \u0444\u0438\u043d\u0441\u043a\u043e-\u0443\u0433\u043e\u0440\u0441\u043a\u043e\u0439 \u043f\u043e\u044d\u0437\u0438\u0438\u00bb \u0441\u043e\u0432\u043c\u0435\u0441\u0442\u043d\u043e \u0441 \u0421\u043e\u044e\u0437\u043e\u043c \u043f\u0438\u0441\u0430\u0442\u0435\u043b\u0435\u0439 \u0414\u043e\u043c\u0435 \u043f\u0438\u0441\u0430\u0442\u0435\u043b\u0435\u0439 (Kirjanike maja musta laega saal)<\/p><p><strong>19.10<\/strong> \u0432 14-17 <a href=\"https:\/\/fennougria.ee\/sundmus\/soome-ugri-rahvad-latis-kadumine-pusimine-voi-edasiminek\/\" target=\"_blank\" rel=\"noreferrer noopener\">\u00ab\u0424\u0438\u043d\u043d\u043e-\u0443\u0433\u043e\u0440\u0441\u043a\u0438\u0435 \u043d\u0430\u0440\u043e\u0434\u044b \u0432 \u041b\u0430\u0442\u0432\u0438\u0438 \u2013 \u0438\u0441\u0447\u0435\u0437\u0430\u044e\u0442, \u043e\u0441\u0442\u0430\u044e\u0442\u0441\u044f \u0438\u043b\u0438 \u0434\u0432\u0438\u0433\u0430\u044e\u0442\u0441\u044f \u0432\u043f\u0435\u0440\u0451\u0434\u00bb<\/a>: \u043a\u043e\u043d\u0444\u0435\u0440\u0435\u043d\u0446\u0438\u044f, \u043f\u043e\u0441\u0432\u044f\u0449\u0451\u043d\u043d\u0430\u044f \u0433\u043e\u0434\u0443 \u043b\u0438\u0432\u0441\u043a\u043e\u0433\u043e \u043d\u0430\u0441\u043b\u0435\u0434\u0438\u044f, \u0441\u043e\u0441\u0442\u043e\u0438\u0442\u0441\u044f \u0432 \u043c\u043e\u043b\u043e\u0434\u0451\u0436\u043d\u043e\u043c \u0446\u0435\u043d\u0442\u0440\u0435 \u041a\u0430\u043d\u0443\u0442\u0438\u0430\u044f (Kanutiaia noortemaja). \u0412\u044b\u0441\u0442\u0443\u043f\u043b\u0435\u043d\u0438\u0435 \u043b\u0438\u0432\u0441\u043a\u043e\u0433\u043e \u0434\u0435\u0442\u0441\u043a\u043e\u0433\u043e \u0430\u043d\u0441\u0430\u043c\u0431\u043b\u044f &#171;Mierlinkizt&#187;.<\/p><p><strong>20.10<\/strong> \u0432 18-18.45 <a href=\"https:\/\/fennougria.ee\/sundmus\/moeshow-parimusmuusika-kontsert-ja-tantsuohtu\/\" target=\"_blank\" rel=\"noreferrer noopener\">\u043f\u0440\u0435\u0437\u0435\u043d\u0442\u0430\u0446\u0438\u044f \u0444\u0438\u043d\u043d\u043e-\u0443\u0433\u043e\u0440\u0441\u043a\u043e\u0433\u043e \u043a\u0430\u043b\u0435\u043d\u0434\u0430\u0440\u044f \u043d\u0430 2024 \u0433\u043e\u0434 \u0438 \u043f\u043e\u043a\u0430\u0437 \u0444\u0438\u043d\u043d\u043e-\u0443\u0433\u043e\u0440\u0441\u043a\u043e\u0439 \u043c\u043e\u0434\u044b<\/a> \u0441\u0442\u0443\u0434\u0435\u043d\u0442\u043e\u0432 \u042d\u0441\u0442\u043e\u043d\u0441\u043a\u043e\u0439 \u043a\u0443\u043b\u044c\u0442\u0443\u0440\u043d\u043e\u0439 \u0430\u043a\u0430\u0434\u0435\u043c\u0438\u0438 \u0432 \u0414\u043e\u043c\u0435 \u0423\u0447\u0438\u0442\u0435\u043b\u044f<\/p><p><strong>20.10<\/strong> \u0432 19 \u2013 23 <a href=\"https:\/\/fennougria.ee\/sundmus\/moeshow-parimusmuusika-kontsert-ja-tantsuohtu\/\" target=\"_blank\" rel=\"noreferrer noopener\">\u041a\u043e\u043d\u0446\u0435\u0440\u0442 \u0442\u0440\u0430\u0434\u0438\u0446\u0438\u043e\u043d\u043d\u043e\u0439 \u043c\u0443\u0437\u044b\u043a\u0438 \u00ab\u0421\u043c\u0435\u043b\u043e\u0441\u0442\u044c\u00bb<\/a> \u0432 \u0414\u043e\u043c\u0435 \u0443\u0447\u0438\u0442\u0435\u043b\u044f, \u043f\u0440\u0438\u0451\u043c \u0438 \u0442\u0430\u043d\u0446\u0435\u0432\u0430\u043b\u044c\u043d\u044b\u0439 \u0432\u0435\u0447\u0435\u0440 \u0441 \u0442\u0440\u0430\u043d\u0441\u0438\u043b\u044c\u0432\u0430\u043d\u0441\u043a\u0438\u043c \u0430\u043d\u0441\u0430\u043c\u0431\u043b\u0435\u043c \u0422\u043e\u043a\u043es \u0438\u0437 \u0412\u0435\u043d\u0433\u0440\u0438\u0438<\/p><p><strong>21.10<\/strong> \u0432 13.00 \u041e\u0442\u043a\u0440\u044b\u0442\u0438\u0435 \u0432\u044b\u0441\u0442\u0430\u0432\u043a\u0438 \u043e \u0444\u0438\u043d\u043d\u043e-\u0443\u0433\u043e\u0440\u0441\u043a\u0438\u0445 \u044d\u043f\u043e\u0441\u0430\u0445 \u0432 \u042d\u0441\u0442\u043e\u043d\u0441\u043a\u043e\u043c \u043d\u0430\u0446\u0438\u043e\u043d\u0430\u043b\u044c\u043d\u043e\u043c \u043c\u0443\u0437\u0435\u0435; \u0432\u044b\u0441\u0442\u0430\u0432\u043a\u0430 \u0441\u043e\u0437\u0434\u0430\u043d\u0430 \u0432 \u0441\u043e\u0442\u0440\u0443\u0434\u043d\u0438\u0447\u0435\u0441\u0442\u0432\u0435 \u0441 \u041f\u0435\u044d\u0442\u0435\u0440\u043e\u043c \u041b\u0430\u0443\u0440\u0438\u0442\u0441\u0435\u043c \u0438 \u041c\u0430\u0434\u0438\u0441\u043e\u043c \u0410\u0440\u0443\u043a\u0430\u0441\u043a\u043e\u043c<\/p><p><strong>21.10<\/strong> \u0432 14-15 \u043f\u0440\u0438\u0451\u043c \u0424\u0435\u043d\u043d\u043e-\u0423\u0433\u0440\u0438\u0438 \u0438 \u0433\u043e\u0440\u043e\u0434\u0430 \u0422\u0430\u0440\u0442\u0443 (\u043f\u043e \u043f\u0440\u0438\u0433\u043b\u0430\u0448\u0435\u043d\u0438\u044f\u043c)<\/p><p><strong>21.10<\/strong> \u0432 15-17 <a href=\"https:\/\/fennougria.ee\/sundmus\/hoimupaevade-parimusmuusika-kontsert-tartus\/\" target=\"_blank\" rel=\"noreferrer noopener\">\u041a\u043e\u043d\u0446\u0435\u0440\u0442 \u0442\u0440\u0430\u0434\u0438\u0446\u0438\u043e\u043d\u043d\u043e\u0439 \u043c\u0443\u0437\u044b\u043a\u0438 \u00ab\u0421\u043c\u0435\u043b\u043e\u0441\u0442\u044c\u00bb<\/a> \u0432 \u0422\u0430\u0440\u0442\u0443 \u0432 \u042d\u0441\u0442\u043e\u043d\u0441\u043a\u043e\u043c \u043d\u0430\u0446\u0438\u043e\u043d\u0430\u043b\u044c\u043d\u043e\u043c \u043c\u0443\u0437\u0435\u0435 (Eesti Rahva Muuseumi Hurda saal)<\/p><p><strong>25.10 \u2013 8.12<\/strong> <a href=\"https:\/\/fennougria.ee\/veelinnurahvad-soome-ugri-keeli-ja-kultuure-tutvustav-kursus\/\" target=\"_blank\" rel=\"noreferrer noopener\">\u041a\u0443\u0440\u0441 \u00ab\u041d\u0430\u0440\u043e\u0434 \u0432\u043e\u0434\u043e\u043f\u043b\u0430\u0432\u0430\u044e\u0449\u0435\u0439 \u043f\u0442\u0438\u0446\u044b: \u043a\u0443\u0440\u0441, \u0437\u043d\u0430\u043a\u043e\u043c\u044f\u0449\u0438\u0439 \u0441 \u0444\u0438\u043d\u043d\u043e-\u0443\u0433\u043e\u0440\u0441\u043a\u0438\u043c\u0438 \u044f\u0437\u044b\u043a\u0430\u043c\u0438 \u0438 \u043a\u0443\u043b\u044c\u0442\u0443\u0440\u0430\u043c\u0438\u00bb<\/a>, \u0422\u0430\u043b\u043b\u0438\u043d\u043d\u0441\u043a\u0438\u0439 \u0443\u043d\u0438\u0432\u0435\u0440\u0441\u0438\u0442\u0435\u0442 \u0438 \u0424\u0435\u043d\u043d\u043e-\u0423\u0433\u0440\u0438\u044f<\/p><p><strong>26.10<\/strong> \u0432 20:00 <a href=\"https:\/\/fennougria.ee\/sundmus\/soome-ugri-klubioo-tartus\/\" target=\"_blank\" rel=\"noreferrer noopener\">\u0424\u0438\u043d\u043d\u043e-\u0443\u0433\u043e\u0440\u0441\u043a\u0430\u044f \u043a\u043b\u0443\u0431\u043d\u0430\u044f \u0432\u0435\u0447\u0435\u0440\u0438\u043d\u043a\u0430 \u0432 \u0422\u0430\u0440\u0442\u0443<\/a> \u0432 \u043a\u043b\u0443\u0431\u0435 &#171;Genialistid&#187; \u0432 \u0422\u0430\u0440\u0442\u0443 (Duo Ruut, Jaakko Laitinen &amp; V\u00e4\u00e4r\u00e4 Raha, Oopus)<\/p><p><strong>27.10<\/strong> \u0432 20:00 <a href=\"https:\/\/fennougria.ee\/sundmus\/soome-ugri-klubioo-tallinnas\/\" target=\"_blank\" rel=\"noreferrer noopener\">\u0424\u0438\u043d\u043d\u043e-\u0443\u0433\u043e\u0440\u0441\u043a\u0430\u044f \u043a\u043b\u0443\u0431\u043d\u0430\u044f \u0432\u0435\u0447\u0435\u0440\u0438\u043d\u043a\u0430 \u0432 \u0422\u0430\u043b\u043b\u0438\u043d\u043d\u0435<\/a> \u0432 &#171;\u041a\u043b\u0443\u0431\u0435 \u0420\u0430\u0437\u043d\u044b\u0445 \u041a\u043e\u043c\u043d\u0430\u0442 \u0432 \u0422\u0430\u043b\u043b\u0438\u043d\u043d\u0435 &#171;Erinevate Tubade Klubi&#187; (Duo Ruut, Jaakko Laitinen &amp; V\u00e4\u00e4r\u00e4 Raha, Oopus)<\/p><p><strong>25.10<\/strong> \u0432 17-20 \u041a\u0438\u043d\u043e\u0432\u0435\u0447\u0435\u0440 \u00ab\u041c\u0435\u0441\u044f\u0446 \u0440\u043e\u0434\u0441\u0442\u0432\u0435\u043d\u043d\u044b\u0445 \u043d\u0430\u0440\u043e\u0434\u043e\u0432\u00bb \u0432 \u043a\u0438\u043d\u043e\u0442\u0435\u0430\u0442\u0440\u0435 Artis<\/p><p><strong>28.10<\/strong> \u0432 16-18 \u0424\u0438\u043d\u043d\u043e-\u0443\u0433\u043e\u0440\u0441\u043a\u0438\u0439 \u043a\u043e\u043d\u0446\u0435\u0440\u0442 \u043a\u043b\u0430\u0441\u0441\u0438\u0447\u0435\u0441\u043a\u043e\u0439 \u043c\u0443\u0437\u044b\u043a\u0438 \u0432 \u0441\u043e\u0442\u0440\u0443\u0434\u043d\u0438\u0447\u0435\u0441\u0442\u0432\u0435 \u0441 Kammermuusikud MT\u00dc \u0438 \u0431\u043b\u0430\u0433\u043e\u0434\u0430\u0440\u0441\u0442\u0432\u0435\u043d\u043d\u043e\u0435 \u043c\u0435\u0440\u043e\u043f\u0440\u0438\u044f\u0442\u0438\u0435, \u0414\u043e\u043c \u0425\u043e\u043f\u043d\u0435\u0440\u0430 (Hopneri maja)<\/p><hr class=\"wp-block-separator has-alpha-channel-opacity is-style-wide\"\/><p>\u041c\u0435\u0440\u043e\u043f\u0440\u0438\u044f\u0442\u0438\u044f \u043f\u0440\u043e\u0445\u043e\u0434\u044f\u0442 \u043f\u0440\u0438 \u043f\u043e\u0434\u0434\u0435\u0440\u0436\u043a\u0435 \u041c\u0438\u043d\u0438\u0441\u0442\u0435\u0440\u0441\u0442\u0432\u0430 \u043a\u0443\u043b\u044c\u0442\u0443\u0440\u044b \u042d\u0441\u0442\u043e\u043d\u0438\u0438, \u041a\u0430\u043f\u0438\u0442\u0430\u043b\u0430 \u043a\u0443\u043b\u044c\u0442\u0443\u0440\u044b, \u041f\u0440\u043e\u0433\u0440\u0430\u043c\u043c\u044b \u0440\u043e\u0434\u0441\u0442\u0432\u0435\u043d\u043d\u044b\u0445 \u043d\u0430\u0440\u043e\u0434\u043e\u0432, \u0422\u0430\u043b\u043b\u0438\u043d\u043d\u0441\u043a\u043e\u0433\u043e \u0434\u0435\u043f\u0430\u0440\u0442\u0430\u043c\u0435\u043d\u0442\u0430 \u043a\u0443\u043b\u044c\u0442\u0443\u0440\u044b \u0438 \u0441\u043f\u043e\u0440\u0442\u0430, Muusikalinn Tallinn, \u0418\u043d\u0441\u0442\u0438\u0442\u0443\u0442\u0430 \u041b\u0438\u0441\u0442\u0430 &#8212; \u0412\u0435\u043d\u0433\u0435\u0440\u0441\u043a\u043e\u0433\u043e \u043a\u0443\u043b\u044c\u0442\u0443\u0440\u043d\u043e\u0433\u043e \u0446\u0435\u043d\u0442\u0440\u0430.<\/p><hr class=\"wp-block-separator has-alpha-channel-opacity is-style-wide\"\/><p>\u0414\u041e\u041f\u041e\u041b\u041d\u0418\u0422\u0415\u041b\u042c\u041d\u0410\u042f \u0418\u041d\u0424\u041e\u0420\u041c\u0410\u0426\u0418\u042f:<br>info@fennogria.ee<\/p><p>\u041c\u0443\u0437\u044b\u043a\u0430\u043b\u044c\u043d\u044b\u0435 \u043c\u0435\u0440\u043e\u043f\u0440\u0438\u044f\u0442\u0438\u044f:<br>\u042f\u043d\u043d\u043e \u0417\u044b\u0431\u0438\u043d<br>janno@fennougria.ee<\/p>","protected":false},"excerpt":{"rendered":"<p>\u0414\u043d\u0438 \u0440\u043e\u0434\u0441\u0442\u0432\u0435\u043d\u043d\u044b\u0445 \u043d\u0430\u0440\u043e\u0434\u043e\u0432 2023<br \/>\u0412 \u044d\u0442\u043e\u043c \u0433\u043e\u0434\u0443 \u0444\u0435\u0441\u0442\u0438\u0432\u0430\u043b\u044c \u043d\u043e\u0441\u0438\u0442 \u043d\u0430\u0437\u0432\u0430\u043d\u0438\u0435 \u00ab\u0421\u043c\u0435\u043b\u043e\u0441\u0442\u044c\u00bb<\/p>\n","protected":false},"author":20,"featured_media":65439,"parent":34997,"menu_order":0,"comment_status":"closed","ping_status":"closed","template":"","meta":{"_acf_changed":false,"footnotes":""},"tags":[3116,3178,3129,3112,3130,3644],"class_list":["post-65503","page","type-page","status-publish","has-post-thumbnail","hentry","tag-dni-rodstvennyh-narodov-ru","tag-konferencziya-ru","tag-muzyka-ru","tag-uchrezhdenie-fenno-ugria-ru","tag-finno-ugorskie-narody-ru","tag-finno-ugry"],"acf":[],"yoast_head":"<!-- This site is optimized with the Yoast SEO plugin v26.8 - https:\/\/yoast.com\/product\/yoast-seo-wordpress\/ -->\n<title>2023 - Fenno-Ugria<\/title>\n<meta name=\"robots\" content=\"index, follow, max-snippet:-1, max-image-preview:large, max-video-preview:-1\" \/>\n<link rel=\"canonical\" href=\"https:\/\/fennougria.ee\/ru\/sobytiya\/dni-rodstvennyh-narodov\/dni-rodstvennyh-narodov-fu\/2023-2\/\" \/>\n<meta property=\"og:locale\" content=\"ru_RU\" \/>\n<meta property=\"og:type\" content=\"article\" \/>\n<meta property=\"og:title\" content=\"2023 - Fenno-Ugria\" \/>\n<meta property=\"og:description\" content=\"\u0414\u043d\u0438 \u0440\u043e\u0434\u0441\u0442\u0432\u0435\u043d\u043d\u044b\u0445 \u043d\u0430\u0440\u043e\u0434\u043e\u0432 2023\u0412 \u044d\u0442\u043e\u043c \u0433\u043e\u0434\u0443 \u0444\u0435\u0441\u0442\u0438\u0432\u0430\u043b\u044c \u043d\u043e\u0441\u0438\u0442 \u043d\u0430\u0437\u0432\u0430\u043d\u0438\u0435 \u00ab\u0421\u043c\u0435\u043b\u043e\u0441\u0442\u044c\u00bb\" \/>\n<meta property=\"og:url\" content=\"https:\/\/fennougria.ee\/ru\/sobytiya\/dni-rodstvennyh-narodov\/dni-rodstvennyh-narodov-fu\/2023-2\/\" \/>\n<meta property=\"og:site_name\" content=\"Fenno-Ugria\" \/>\n<meta property=\"article:publisher\" content=\"https:\/\/www.facebook.com\/fennougria\/\" \/>\n<meta property=\"article:modified_time\" content=\"2023-10-09T11:57:32+00:00\" \/>\n<meta property=\"og:image\" content=\"https:\/\/fennougria.ee\/wp-content\/uploads\/2023\/10\/kodukale_pais1-scaled.jpg\" \/>\n\t<meta property=\"og:image:width\" content=\"2560\" \/>\n\t<meta property=\"og:image:height\" content=\"1025\" \/>\n\t<meta property=\"og:image:type\" content=\"image\/jpeg\" \/>\n<meta name=\"twitter:card\" content=\"summary_large_image\" \/>\n<meta name=\"twitter:label1\" content=\"\u041f\u0440\u0438\u043c\u0435\u0440\u043d\u043e\u0435 \u0432\u0440\u0435\u043c\u044f \u0434\u043b\u044f \u0447\u0442\u0435\u043d\u0438\u044f\" \/>\n\t<meta name=\"twitter:data1\" content=\"2 \u043c\u0438\u043d\u0443\u0442\u044b\" \/>\n<script type=\"application\/ld+json\" class=\"yoast-schema-graph\">{\"@context\":\"https:\/\/schema.org\",\"@graph\":[{\"@type\":\"WebPage\",\"@id\":\"https:\/\/fennougria.ee\/ru\/sobytiya\/dni-rodstvennyh-narodov\/dni-rodstvennyh-narodov-fu\/2023-2\/\",\"url\":\"https:\/\/fennougria.ee\/ru\/sobytiya\/dni-rodstvennyh-narodov\/dni-rodstvennyh-narodov-fu\/2023-2\/\",\"name\":\"2023 - Fenno-Ugria\",\"isPartOf\":{\"@id\":\"https:\/\/fennougria.ee\/ru\/#website\"},\"primaryImageOfPage\":{\"@id\":\"https:\/\/fennougria.ee\/ru\/sobytiya\/dni-rodstvennyh-narodov\/dni-rodstvennyh-narodov-fu\/2023-2\/#primaryimage\"},\"image\":{\"@id\":\"https:\/\/fennougria.ee\/ru\/sobytiya\/dni-rodstvennyh-narodov\/dni-rodstvennyh-narodov-fu\/2023-2\/#primaryimage\"},\"thumbnailUrl\":\"https:\/\/fennougria.ee\/wp-content\/uploads\/2023\/10\/kodukale_pais1-scaled.jpg\",\"datePublished\":\"2023-10-09T11:45:21+00:00\",\"dateModified\":\"2023-10-09T11:57:32+00:00\",\"breadcrumb\":{\"@id\":\"https:\/\/fennougria.ee\/ru\/sobytiya\/dni-rodstvennyh-narodov\/dni-rodstvennyh-narodov-fu\/2023-2\/#breadcrumb\"},\"inLanguage\":\"ru-RU\",\"potentialAction\":[{\"@type\":\"ReadAction\",\"target\":[\"https:\/\/fennougria.ee\/ru\/sobytiya\/dni-rodstvennyh-narodov\/dni-rodstvennyh-narodov-fu\/2023-2\/\"]}]},{\"@type\":\"ImageObject\",\"inLanguage\":\"ru-RU\",\"@id\":\"https:\/\/fennougria.ee\/ru\/sobytiya\/dni-rodstvennyh-narodov\/dni-rodstvennyh-narodov-fu\/2023-2\/#primaryimage\",\"url\":\"https:\/\/fennougria.ee\/wp-content\/uploads\/2023\/10\/kodukale_pais1-scaled.jpg\",\"contentUrl\":\"https:\/\/fennougria.ee\/wp-content\/uploads\/2023\/10\/kodukale_pais1-scaled.jpg\",\"width\":2560,\"height\":1025,\"caption\":\"Foto: Mark Raidpere\"},{\"@type\":\"BreadcrumbList\",\"@id\":\"https:\/\/fennougria.ee\/ru\/sobytiya\/dni-rodstvennyh-narodov\/dni-rodstvennyh-narodov-fu\/2023-2\/#breadcrumb\",\"itemListElement\":[{\"@type\":\"ListItem\",\"position\":1,\"name\":\"Home\",\"item\":\"https:\/\/fennougria.ee\/ru\/\"},{\"@type\":\"ListItem\",\"position\":2,\"name\":\"\u041f\u0440\u043e\u0435\u043a\u0442\u044b \u0438 \u0441\u043e\u0431\u044b\u0442\u0438\u044f\",\"item\":\"https:\/\/fennougria.ee\/ru\/sobytiya\/\"},{\"@type\":\"ListItem\",\"position\":3,\"name\":\"\u0414\u043d\u0438 \u0440\u043e\u0434\u0441\u0442\u0432\u0435\u043d\u043d\u044b\u0445 \u043d\u0430\u0440\u043e\u0434\u043e\u0432\",\"item\":\"https:\/\/fennougria.ee\/ru\/sobytiya\/dni-rodstvennyh-narodov\/\"},{\"@type\":\"ListItem\",\"position\":4,\"name\":\"\u0414\u043d\u0438 \u0440\u043e\u0434\u0441\u0442\u0432\u0435\u043d\u043d\u044b\u0445 \u043d\u0430\u0440\u043e\u0434\u043e\u0432\",\"item\":\"https:\/\/fennougria.ee\/ru\/dni-rodstvennyh-narodov-fu\/\"},{\"@type\":\"ListItem\",\"position\":5,\"name\":\"2023\"}]},{\"@type\":\"WebSite\",\"@id\":\"https:\/\/fennougria.ee\/ru\/#website\",\"url\":\"https:\/\/fennougria.ee\/ru\/\",\"name\":\"Fenno-Ugria\",\"description\":\"Koost\u00f6\u00f6s soome-ugri rahvastega aastast 1927\",\"publisher\":{\"@id\":\"https:\/\/fennougria.ee\/ru\/#organization\"},\"potentialAction\":[{\"@type\":\"SearchAction\",\"target\":{\"@type\":\"EntryPoint\",\"urlTemplate\":\"https:\/\/fennougria.ee\/ru\/?s={search_term_string}\"},\"query-input\":{\"@type\":\"PropertyValueSpecification\",\"valueRequired\":true,\"valueName\":\"search_term_string\"}}],\"inLanguage\":\"ru-RU\"},{\"@type\":\"Organization\",\"@id\":\"https:\/\/fennougria.ee\/ru\/#organization\",\"name\":\"Fenno-Ugria\",\"url\":\"https:\/\/fennougria.ee\/ru\/\",\"logo\":{\"@type\":\"ImageObject\",\"inLanguage\":\"ru-RU\",\"@id\":\"https:\/\/fennougria.ee\/ru\/#\/schema\/logo\/image\/\",\"url\":\"https:\/\/fennougria.ee\/wp-content\/uploads\/2020\/05\/Klotslogo-RU.png\",\"contentUrl\":\"https:\/\/fennougria.ee\/wp-content\/uploads\/2020\/05\/Klotslogo-RU.png\",\"width\":170,\"height\":142,\"caption\":\"Fenno-Ugria\"},\"image\":{\"@id\":\"https:\/\/fennougria.ee\/ru\/#\/schema\/logo\/image\/\"},\"sameAs\":[\"https:\/\/www.facebook.com\/fennougria\/\",\"https:\/\/www.instagram.com\/fennougria\/\",\"https:\/\/www.youtube.com\/channel\/UC8YOp4Bv3yomOl8fSrxeqzA\",\"https:\/\/et.wikipedia.org\/wiki\/Fenno-Ugria_Asutus\"]}]}<\/script>\n<!-- \/ Yoast SEO plugin. -->","yoast_head_json":{"title":"2023 - Fenno-Ugria","robots":{"index":"index","follow":"follow","max-snippet":"max-snippet:-1","max-image-preview":"max-image-preview:large","max-video-preview":"max-video-preview:-1"},"canonical":"https:\/\/fennougria.ee\/ru\/sobytiya\/dni-rodstvennyh-narodov\/dni-rodstvennyh-narodov-fu\/2023-2\/","og_locale":"ru_RU","og_type":"article","og_title":"2023 - Fenno-Ugria","og_description":"\u0414\u043d\u0438 \u0440\u043e\u0434\u0441\u0442\u0432\u0435\u043d\u043d\u044b\u0445 \u043d\u0430\u0440\u043e\u0434\u043e\u0432 2023\u0412 \u044d\u0442\u043e\u043c \u0433\u043e\u0434\u0443 \u0444\u0435\u0441\u0442\u0438\u0432\u0430\u043b\u044c \u043d\u043e\u0441\u0438\u0442 \u043d\u0430\u0437\u0432\u0430\u043d\u0438\u0435 \u00ab\u0421\u043c\u0435\u043b\u043e\u0441\u0442\u044c\u00bb","og_url":"https:\/\/fennougria.ee\/ru\/sobytiya\/dni-rodstvennyh-narodov\/dni-rodstvennyh-narodov-fu\/2023-2\/","og_site_name":"Fenno-Ugria","article_publisher":"https:\/\/www.facebook.com\/fennougria\/","article_modified_time":"2023-10-09T11:57:32+00:00","og_image":[{"width":2560,"height":1025,"url":"https:\/\/fennougria.ee\/wp-content\/uploads\/2023\/10\/kodukale_pais1-scaled.jpg","type":"image\/jpeg"}],"twitter_card":"summary_large_image","twitter_misc":{"\u041f\u0440\u0438\u043c\u0435\u0440\u043d\u043e\u0435 \u0432\u0440\u0435\u043c\u044f \u0434\u043b\u044f \u0447\u0442\u0435\u043d\u0438\u044f":"2 \u043c\u0438\u043d\u0443\u0442\u044b"},"schema":{"@context":"https:\/\/schema.org","@graph":[{"@type":"WebPage","@id":"https:\/\/fennougria.ee\/ru\/sobytiya\/dni-rodstvennyh-narodov\/dni-rodstvennyh-narodov-fu\/2023-2\/","url":"https:\/\/fennougria.ee\/ru\/sobytiya\/dni-rodstvennyh-narodov\/dni-rodstvennyh-narodov-fu\/2023-2\/","name":"2023 - Fenno-Ugria","isPartOf":{"@id":"https:\/\/fennougria.ee\/ru\/#website"},"primaryImageOfPage":{"@id":"https:\/\/fennougria.ee\/ru\/sobytiya\/dni-rodstvennyh-narodov\/dni-rodstvennyh-narodov-fu\/2023-2\/#primaryimage"},"image":{"@id":"https:\/\/fennougria.ee\/ru\/sobytiya\/dni-rodstvennyh-narodov\/dni-rodstvennyh-narodov-fu\/2023-2\/#primaryimage"},"thumbnailUrl":"https:\/\/fennougria.ee\/wp-content\/uploads\/2023\/10\/kodukale_pais1-scaled.jpg","datePublished":"2023-10-09T11:45:21+00:00","dateModified":"2023-10-09T11:57:32+00:00","breadcrumb":{"@id":"https:\/\/fennougria.ee\/ru\/sobytiya\/dni-rodstvennyh-narodov\/dni-rodstvennyh-narodov-fu\/2023-2\/#breadcrumb"},"inLanguage":"ru-RU","potentialAction":[{"@type":"ReadAction","target":["https:\/\/fennougria.ee\/ru\/sobytiya\/dni-rodstvennyh-narodov\/dni-rodstvennyh-narodov-fu\/2023-2\/"]}]},{"@type":"ImageObject","inLanguage":"ru-RU","@id":"https:\/\/fennougria.ee\/ru\/sobytiya\/dni-rodstvennyh-narodov\/dni-rodstvennyh-narodov-fu\/2023-2\/#primaryimage","url":"https:\/\/fennougria.ee\/wp-content\/uploads\/2023\/10\/kodukale_pais1-scaled.jpg","contentUrl":"https:\/\/fennougria.ee\/wp-content\/uploads\/2023\/10\/kodukale_pais1-scaled.jpg","width":2560,"height":1025,"caption":"Foto: Mark Raidpere"},{"@type":"BreadcrumbList","@id":"https:\/\/fennougria.ee\/ru\/sobytiya\/dni-rodstvennyh-narodov\/dni-rodstvennyh-narodov-fu\/2023-2\/#breadcrumb","itemListElement":[{"@type":"ListItem","position":1,"name":"Home","item":"https:\/\/fennougria.ee\/ru\/"},{"@type":"ListItem","position":2,"name":"\u041f\u0440\u043e\u0435\u043a\u0442\u044b \u0438 \u0441\u043e\u0431\u044b\u0442\u0438\u044f","item":"https:\/\/fennougria.ee\/ru\/sobytiya\/"},{"@type":"ListItem","position":3,"name":"\u0414\u043d\u0438 \u0440\u043e\u0434\u0441\u0442\u0432\u0435\u043d\u043d\u044b\u0445 \u043d\u0430\u0440\u043e\u0434\u043e\u0432","item":"https:\/\/fennougria.ee\/ru\/sobytiya\/dni-rodstvennyh-narodov\/"},{"@type":"ListItem","position":4,"name":"\u0414\u043d\u0438 \u0440\u043e\u0434\u0441\u0442\u0432\u0435\u043d\u043d\u044b\u0445 \u043d\u0430\u0440\u043e\u0434\u043e\u0432","item":"https:\/\/fennougria.ee\/ru\/dni-rodstvennyh-narodov-fu\/"},{"@type":"ListItem","position":5,"name":"2023"}]},{"@type":"WebSite","@id":"https:\/\/fennougria.ee\/ru\/#website","url":"https:\/\/fennougria.ee\/ru\/","name":"Fenno-Ugria","description":"Koost\u00f6\u00f6s soome-ugri rahvastega aastast 1927","publisher":{"@id":"https:\/\/fennougria.ee\/ru\/#organization"},"potentialAction":[{"@type":"SearchAction","target":{"@type":"EntryPoint","urlTemplate":"https:\/\/fennougria.ee\/ru\/?s={search_term_string}"},"query-input":{"@type":"PropertyValueSpecification","valueRequired":true,"valueName":"search_term_string"}}],"inLanguage":"ru-RU"},{"@type":"Organization","@id":"https:\/\/fennougria.ee\/ru\/#organization","name":"Fenno-Ugria","url":"https:\/\/fennougria.ee\/ru\/","logo":{"@type":"ImageObject","inLanguage":"ru-RU","@id":"https:\/\/fennougria.ee\/ru\/#\/schema\/logo\/image\/","url":"https:\/\/fennougria.ee\/wp-content\/uploads\/2020\/05\/Klotslogo-RU.png","contentUrl":"https:\/\/fennougria.ee\/wp-content\/uploads\/2020\/05\/Klotslogo-RU.png","width":170,"height":142,"caption":"Fenno-Ugria"},"image":{"@id":"https:\/\/fennougria.ee\/ru\/#\/schema\/logo\/image\/"},"sameAs":["https:\/\/www.facebook.com\/fennougria\/","https:\/\/www.instagram.com\/fennougria\/","https:\/\/www.youtube.com\/channel\/UC8YOp4Bv3yomOl8fSrxeqzA","https:\/\/et.wikipedia.org\/wiki\/Fenno-Ugria_Asutus"]}]}},"_links":{"self":[{"href":"https:\/\/fennougria.ee\/ru\/wp-json\/wp\/v2\/pages\/65503","targetHints":{"allow":["GET"]}}],"collection":[{"href":"https:\/\/fennougria.ee\/ru\/wp-json\/wp\/v2\/pages"}],"about":[{"href":"https:\/\/fennougria.ee\/ru\/wp-json\/wp\/v2\/types\/page"}],"author":[{"embeddable":true,"href":"https:\/\/fennougria.ee\/ru\/wp-json\/wp\/v2\/users\/20"}],"replies":[{"embeddable":true,"href":"https:\/\/fennougria.ee\/ru\/wp-json\/wp\/v2\/comments?post=65503"}],"version-history":[{"count":3,"href":"https:\/\/fennougria.ee\/ru\/wp-json\/wp\/v2\/pages\/65503\/revisions"}],"predecessor-version":[{"id":65508,"href":"https:\/\/fennougria.ee\/ru\/wp-json\/wp\/v2\/pages\/65503\/revisions\/65508"}],"up":[{"embeddable":true,"href":"https:\/\/fennougria.ee\/ru\/wp-json\/wp\/v2\/pages\/34997"}],"wp:featuredmedia":[{"embeddable":true,"href":"https:\/\/fennougria.ee\/ru\/wp-json\/wp\/v2\/media\/65439"}],"wp:attachment":[{"href":"https:\/\/fennougria.ee\/ru\/wp-json\/wp\/v2\/media?parent=65503"}],"wp:term":[{"taxonomy":"post_tag","embeddable":true,"href":"https:\/\/fennougria.ee\/ru\/wp-json\/wp\/v2\/tags?post=65503"}],"curies":[{"name":"wp","href":"https:\/\/api.w.org\/{rel}","templated":true}]}}