{"id":19053,"date":"2020-05-18T12:25:00","date_gmt":"2020-05-18T09:25:00","guid":{"rendered":"http:\/\/fennougria.ee\/?page_id=648"},"modified":"2025-09-23T21:33:17","modified_gmt":"2025-09-23T18:33:17","slug":"chleny","status":"publish","type":"page","link":"https:\/\/fennougria.ee\/ru\/o-nas\/chleny\/","title":{"rendered":"\u0427\u043b\u0435\u043d\u044b"},"content":{"rendered":"<h3 id=\"heading-889edae5\">\u0427\u043b\u0435\u043d\u044b \u041d\u041a\u041e &#171;\u0423\u0447\u0440\u0435\u0436\u0434\u0435\u043d\u0438\u0435 \u0424\u0435\u043d\u043d\u043e-\u0423\u0433\u0440\u0438\u0430&#187;<\/h3><ol class=\"wp-block-list\"><li>\u042f\u0437\u044b\u043a\u043e\u0432\u0430\u044f \u0438\u043d\u0441\u043f\u0435\u043a\u0446\u0438\u044f \u2013 Keeleinspektsioon<\/li>\n\n<li>\u0422\u0430\u0440\u0442\u0443\u0441\u043a\u0438\u0439 \u0423\u043d\u0438\u0432\u0435\u0440\u0441\u0438\u0442\u0435\u0442 \/<span style=\"color: initial;\">\u0424\u0438\u043d\u043d\u043e-\u0443\u0433\u043e\u0440\u0441\u043a\u043e\u0435 \u043e\u0442\u0434\u0435\u043b\u0435\u043d\u0438\u0435 \u0418\u043d\u0441\u0442\u0438\u0442\u0443\u0442\u0430 \u044d\u0441\u0442\u043e\u043d\u0441\u043a\u043e\u0433\u043e \u044f\u0437\u044b\u043a\u0430 \u0438 \u043e\u0431\u0449\u0435\u0433\u043e \u044f\u0437\u044b\u043a\u043e\u0437\u043d\u0430\u043d\u0438\u044f<\/span> \u2013 Tartu \u00dclikool \/ e<span style=\"color: initial;\">esti ja \u00fcldkeeleteaduse instituudi soome-ugri osakond<\/span><\/li>\n\n<li>\u0410\u043a\u0430\u0434\u0435\u043c\u0438\u044f \u043a\u0443\u043b\u044c\u0442\u0443\u0440\u044b \u0412\u0438\u043b\u044c\u044f\u043d\u0434\u0438 \u0422\u0430\u0440\u0442\u0443\u0441\u043a\u043e\u0433\u043e \u0443\u043d\u0438\u0432\u0435\u0440\u0441\u0438\u0442\u0435\u0442\u0430 \u2013 <a href=\"http:\/\/www.kultuur.ut.ee\" target=\"_blank\" rel=\"noreferrer noopener\">Tartu \u00dclikooli Viljandi kultuuriakadeemia<\/a><\/li>\n\n<li>\u0422\u0430\u043b\u043b\u0438\u043d\u043d\u0441\u043a\u0438\u0439 \u0443\u043d\u0438\u0432\u0435\u0440\u0441\u0438\u0442\u0435\u0442 \u2013 <a href=\"http:\/\/www.tlu.ee\" target=\"_blank\" rel=\"noreferrer noopener\">Tallinna \u00dclikool<\/a><\/li>\n\n<li>\u042d\u0441\u0442\u043e\u043d\u0441\u043a\u0438\u0439 \u0443\u043d\u0438\u0432\u0435\u0440\u0441\u0438\u0442\u0435\u0442 \u0435\u0441\u0442\u0435\u0441\u0442\u0432\u0435\u043d\u043d\u044b\u0445 \u043d\u0430\u0443\u043a \u2013 <a href=\"http:\/\/www.emu.ee\" target=\"_blank\" rel=\"noreferrer noopener\">Eesti Maa\u00fclikool<\/a><\/li>\n\n<li>\u0422\u0430\u0440\u0442\u0443\u0441\u043a\u0438\u0439 \u0445\u0443\u0434\u043e\u0436\u0435\u0441\u0442\u0432\u0435\u043d\u043d\u044b\u0439 \u043a\u043e\u043b\u043b\u0435\u0434\u0436 \u2013 <a href=\"http:\/\/www.artcol.ee\" target=\"_blank\" rel=\"noreferrer noopener\">Tartu K\u00f5rgem Kunstikool<\/a><\/li>\n\n<li>\u0422\u0430\u043b\u043b\u0438\u043d\u043d\u0441\u043a\u0430\u044f \u044b\u0439\u0441\u043c\u044f\u0435\u0441\u0441\u043a\u0430\u044f \u0433\u0438\u043c\u043d\u0430\u0437\u0438\u044f \u2013 <a href=\"http:\/\/oismae.tln.edu.ee\" target=\"_blank\" rel=\"noreferrer noopener\">Tallinna\u00a0\u00d5ism\u00e4e G\u00fcmnaasium<\/a><\/li>\n\n<li>\u0418\u043d\u0441\u0442\u0438\u0442\u0443\u0442 \u044d\u0441\u0442\u043e\u043d\u0441\u043a\u043e\u0433\u043e \u044f\u0437\u044b\u043a\u0430 \u2013 <a href=\"http:\/\/www.eki.ee\" target=\"_blank\" rel=\"noreferrer noopener\">Eesti Keele Instituut<\/a><\/li>\n\n<li>\u041b\u0438\u0442\u0435\u0440\u0430\u0442\u0443\u0440\u043d\u044b\u0439 \u0446\u0435\u043d\u0442\u0440 \u0423\u043d\u0434\u0435\u0440\u0430 \u0438 \u0422\u0443\u0433\u043b\u0430\u0441\u0430 \u043f\u0440\u0438 \u0410\u043a\u0430\u0434\u0435\u043c\u0438\u0438 \u043d\u0430\u0443\u043a \u2013 TA\u00a0Underi ja Tuglase Kirjanduskeskus <\/li>\n\n<li>\u042d\u0441\u0442\u043e\u043d\u0441\u043a\u0430\u044f \u043d\u0430\u0446\u0438\u043e\u043d\u0430\u043b\u044c\u043d\u0430\u044f \u0431\u0438\u0431\u043b\u0438\u043e\u0442\u0435\u043a\u0430 \u2013 Eesti Rahvusraamatukogu <\/li>\n\n<li>\u042d\u0441\u0442\u043e\u043d\u0441\u043a\u0438\u0439 \u043d\u0430\u0446\u0438\u043e\u043d\u0430\u043b\u044c\u043d\u044b\u0439 \u043c\u0443\u0437\u0435\u0439 \u2013 Eesti Rahva Muuseum <\/li>\n\n<li>\u042d\u0441\u0442\u043e\u043d\u0441\u043a\u0438\u0439 \u043b\u0438\u0442\u0435\u0440\u0430\u0442\u0443\u0440\u043d\u044b\u0439 \u043c\u0443\u0437\u0435\u0439 \u2013 Eesti Kirjandusmuuseum <\/li>\n\n<li>\u042d\u0441\u0442\u043e\u043d\u0441\u043a\u0438\u0439 \u043c\u0443\u0437\u0435\u0439 \u0438\u0437\u043e\u0431\u0440\u0430\u0437\u0438\u0442\u0435\u043b\u044c\u043d\u044b\u0445 \u0438\u0441\u043a\u0443\u0441\u0441\u0442\u0432 \u2013 Eesti Kunstimuuseum\u00a0 <\/li>\n\n<li>\u042d\u0441\u0442\u043e\u043d\u0441\u043a\u0438\u0439 \u043c\u0443\u0437\u0435\u0439 \u0442\u0435\u0430\u0442\u0440\u0430 \u0438 \u043c\u0443\u0437\u044b\u043a\u0438 \u2013 Eesti Teatri- ja Muusikamuuseum <\/li>\n\n<li>\u042d\u0441\u0442\u043e\u043d\u0441\u043a\u0438\u0439 \u043a\u043e\u043c\u0438\u0442\u0435\u0442 \u0444\u0435\u043d\u043d\u043e\u0443\u0433\u0440\u0438\u0441\u0442\u043e\u0432 \u2013 Eesti Fennougristide Komitee <\/li>\n\n<li>\u0422\u0430\u0440\u0442\u0443\u0441\u043a\u043e\u0435 \u043e\u0431\u044a\u0435\u0434\u0438\u043d\u0435\u043d\u0438\u0435 NEFA \u2013 Tartu NEFA (Nordisk Etnologi Folktro Arbeitgrup) r\u00fchm<\/li>\n\n<li>\u042d\u0441\u0442\u043e\u043d\u0441\u043a\u043e\u0435 \u043d\u0430\u0446\u0438\u043e\u043d\u0430\u043b\u044c\u043d\u043e\u0435 \u0442\u0435\u043b\u0435\u0440\u0430\u0434\u0438\u043e\u0432\u0435\u0449\u0430\u043d\u0438\u0435 \u2013 Eesti Rahvusringh\u00e4\u00e4ling <\/li>\n\n<li>\u0418\u0437\u0434\u0430\u0442\u0435\u043b\u044c\u0441\u0442\u0432\u043e \u042d\u0441\u0442\u043e\u043d\u0441\u043a\u043e\u0439 \u0430\u043a\u0430\u0434\u0435\u043c\u0438\u0438 \u043d\u0430\u0443\u043a \u2013 Eesti Teaduste Akadeemia kirjastus <\/li>\n\n<li>\u0426\u0435\u043b\u0435\u0432\u043e\u0435 \u0443\u0447\u0440\u0435\u0436\u0434\u0435\u043d\u0438\u0435 &#171;\u041a\u0443\u043b\u044c\u0442\u0443\u0440\u0438\u043b\u0435\u0445\u0442&#187; \u2013 Sihtasutus Kultuurileht <\/li>\n\n<li>\u042d\u0441\u0442\u043e\u043d\u0441\u043a\u0438\u0439 \u0441\u043e\u044e\u0437 \u043f\u0438\u0441\u0430\u0442\u0435\u043b\u0435\u0439 \u2013 Eesti Kirjanike Liit <\/li>\n\n<li>\u042d\u0441\u0442\u043e\u043d\u0441\u043a\u0438\u0439 \u0441\u043e\u044e\u0437 \u0445\u0443\u0434\u043e\u0436\u043d\u0438\u043a\u043e\u0432 \u2013 Eesti Kunstnike Liit<\/li>\n\n<li>\u042d\u0441\u0442\u043e\u043d\u0441\u043a\u0438\u0439 \u0441\u043e\u044e\u0437 \u043a\u043e\u043c\u043f\u043e\u0437\u0438\u0442\u043e\u0440\u043e\u0432 \u2013 Eesti Heliloojate Liit <\/li>\n\n<li>\u041e\u0431\u0449\u0435\u0441\u0442\u0432\u043e \u0440\u043e\u0434\u043d\u043e\u0433\u043e \u044f\u0437\u044b\u043a\u0430 \u042d\u0441\u0442\u043e\u043d\u0441\u043a\u043e\u0439 \u0430\u043a\u0430\u0434\u0435\u043c\u0438\u0438 \u043d\u0430\u0443\u043a \u2013 Eesti Teaduste Akadeemia Emakeele Selts <\/li>\n\n<li>\u041e\u0431\u0449\u0435\u0441\u0442\u0432\u043e &#171;\u042d\u0441\u0442\u043e\u043d\u0438\u044f&#187; \u2013 Estonia Selts <\/li>\n\n<li>\u041e\u0431\u0449\u0435\u0441\u0442\u0432\u043e \u042d\u043b\u0438\u0430\u0441\u0430 \u041b\u0451\u043d\u0440\u043e\u0442\u0430 \u2013 Elias L\u00f6nnroti Selts <\/li>\n\n<li>\u042d\u0441\u0442\u043e\u043d\u0441\u043a\u043e\u0435 \u043e\u0431\u0449\u0435\u0441\u0442\u0432\u043e \u043d\u0430\u0440\u043e\u0434\u043d\u043e\u0433\u043e \u0442\u0430\u043d\u0446\u0430 \u0438 \u043c\u0443\u0437\u044b\u043a\u0438 \u2013 Eesti Rahvatantsu ja Rahvamuusika Selts<\/li>\n\n<li>\u042d\u0441\u0442\u043e\u043d\u0441\u043a\u0438\u0439 \u043d\u0430\u0446\u0438\u043e\u043d\u0430\u043b\u044c\u043d\u044b\u0439 \u0444\u043e\u043b\u044c\u043a\u043b\u043e\u0440\u043d\u044b\u0439 \u0441\u043e\u0432\u0435\u0442 \u2013 Eesti Rahvuslik Folkloorin\u00f5ukogu<\/li>\n\n<li>\u042d\u0441\u0442\u043e\u043d\u0441\u043a\u0438\u0439 \u0441\u043e\u044e\u0437 \u043d\u0430\u0440\u043e\u0434\u043d\u043e\u0433\u043e \u0442\u0432\u043e\u0440\u0447\u0435\u0441\u0442\u0432\u0430 \u0438 \u0440\u0435\u043c\u0435\u0441\u043b\u0430 \u2013 Eesti Rahvakunsti ja K\u00e4sit\u00f6\u00f6 Liit <\/li>\n\n<li>\u041e\u0431\u0449\u0435\u0441\u0442\u0432\u043e \u0432\u044b\u0440\u043e VKKF \u2013 V\u00f5ro Selts VKKF <\/li>\n\n<li>\u0422\u0430\u043b\u043b\u0438\u043d\u043d\u0441\u043a\u043e\u0435 \u043e\u0431\u0449\u0435\u0441\u0442\u0432\u043e \u0432\u044b\u0440\u0443 \u2013 Tallinna V\u00f5ru Selts<\/li>\n\n<li>\u042d\u0441\u0442\u043e\u043d\u0441\u043a\u0438\u0439 \u0441\u043e\u044e\u0437 \u0438\u043d\u0433\u0435\u0440\u043c\u0430\u043d\u043b\u0430\u043d\u0434\u0441\u043a\u0438\u0445 \u0444\u0438\u043d\u043d\u043e\u0432 \u2013 Eesti Ingerisoomlaste Liit<\/li>\n\n<li>\u042d\u0441\u0442\u043e\u043d\u0441\u043a\u043e-\u0432\u0435\u043d\u0433\u0435\u0440\u0441\u043a\u043e\u0435 \u043e\u0431\u0449\u0435\u0441\u0442\u0432\u043e \u2013 Eesti-Ungari Selts<\/li>\n\n<li>\u042d\u0441\u0442\u043e\u043d\u0441\u043a\u043e-\u043c\u043e\u0440\u0434\u043e\u0432\u0441\u043a\u043e\u0435 \u043a\u0443\u043b\u044c\u0442\u0443\u0440\u043d\u043e\u0435 \u043e\u0431\u0449\u0435\u0441\u0442\u0432\u043e \u2013 Eesti-Mordva Kultuuriselts\u00a0<\/li>\n\n<li>\u042d\u0440\u0437\u044f\u043d\u0441\u043a\u043e\u0435 \u043a\u0443\u043b\u044c\u0442\u0443\u0440\u043d\u043e\u0435 \u043e\u0431\u044a\u0435\u0434\u0438\u043d\u0435\u043d\u0438\u0435 &#171;\u0421\u044f\u0442\u043a\u043e&#187; \u2013 Ersa Kultuuri\u00fching Sjatko<\/li>\n\n<li>\u0423\u0434\u043c\u0443\u0440\u0442\u0441\u043a\u043e\u0435 \u043e\u0431\u0449\u0435\u0441\u0442\u0432\u043e &#171;\u041e\u0448\u043c\u0435\u0441&#187; \u2013 Udmurdi Selts O\u0161mes<\/li>\n\n<li><a href=\"https:\/\/www.facebook.com\/groups\/438823542961699\/about\/\" target=\"_blank\" rel=\"noreferrer noopener\">\u041a\u043e\u043c\u0438 \u043a\u0443\u043b\u044c\u0442\u0443\u0440\u0430 \u043a\u043e\u0442\u044b\u0440<\/a> \u2013 Komi Kultuuriselts<\/li>\n\n<li>\u0421\u0430\u0443\u0435\u0441\u0441\u043a\u0430\u044f \u0433\u0438\u043c\u043d\u0430\u0437\u0438\u044f \u2013 Saue G\u00fcmnaasium<strong>\u00a0<\/strong><\/li>\n\n<li>\u041e\u0431\u0449\u0435\u0441\u0442\u0432\u043e \u0432\u043e\u0441\u0442\u043e\u0447\u043d\u044b\u0445 \u044d\u0441\u0442\u043e\u043d\u0446\u0435\u0432 \u2013 Ida-Eestlaste Selts<\/li>\n\n<li>\u041d\u041a\u041e &#171;\u0412\u0438\u043a\u0438\u043c\u0435\u0434\u0438\u044f \u042d\u044d\u0441\u0442\u0438&#187; \u2013 MT\u00dc\u00a0Wikimedia Eesti<\/li>\n\n<li><a href=\"https:\/\/fuff.ee\/Finno-Ugric-Film-Foundation\" target=\"_blank\" rel=\"noreferrer noopener\">MT\u00dc Soome-Ugri Filmi Fond<\/a><\/li>\n\n<li>MT\u00dc Tallinna Mari Selts<\/li>\n\n<li><a href=\"http:\/\/www.hoimuloimed.ee\" target=\"_blank\" rel=\"noreferrer noopener\">MT\u00dc H\u00f5imul\u00f5imed<\/a><\/li>\n\n<li><a href=\"https:\/\/vorokongress.ee\/congress-of-the-voru-people\/\" target=\"_blank\" rel=\"noreferrer noopener\">\u041a\u043e\u043d\u0433\u0440\u0435\u0441\u0441 \u043d\u0430\u0440\u043e\u0434\u0430 \u0432\u044b\u0440\u043e<\/a><\/li><\/ol><hr class=\"wp-block-separator has-css-opacity\"\/><h2 id=\"heading-374f59cc\">\u041e\u0441\u043d\u043e\u0432\u043d\u044b\u0435 \u0441\u0442\u043e\u0440\u043e\u043d\u043d\u0438\u043a\u0438 \u0434\u0435\u044f\u0442\u0435\u043b\u044c\u043d\u043e\u0441\u0442\u0438<\/h2><ol class=\"wp-block-list\"><li><a href=\"https:\/\/www.kul.ee\/ru\" target=\"_blank\" rel=\"noreferrer noopener\">\u041c\u0438\u043d\u0438\u0441\u0442\u0435\u0440\u0441\u0442\u0432\u043e \u043a\u0443\u043b\u044c\u0442\u0443\u0440\u044b \u042d\u0420 \u2013 EV Kultuuriministeerium\u00a0<\/a><\/li>\n\n<li><a href=\"https:\/\/fennougria.ee\/ru\/granty\/programma-rodstvennyh-narodov\/\" target=\"_blank\" rel=\"noreferrer noopener\">\u041f\u0440\u043e\u0433\u0440\u0430\u043c\u043c\u0430 \u0440\u043e\u0434\u0441\u0442\u0432\u0435\u043d\u043d\u044b\u0445 \u043d\u0430\u0440\u043e\u0434\u043e\u0432<\/a> \u2013 <a href=\"https:\/\/fennougria.ee\/ru\/granty\/programma-rodstvennyh-narodov\/\" target=\"_blank\" rel=\"noreferrer noopener\">HTM h\u00f5imurahvaste programm<\/a><\/li>\n\n<li><a href=\"https:\/\/www.kulka.ee\/en\" target=\"_blank\" rel=\"noreferrer noopener\">Cultural Endowment of Estonia \u2013 Eesti Kultuurikapital<\/a><\/li><\/ol>","protected":false},"excerpt":{"rendered":"<p>\u0427\u043b\u0435\u043d\u044b \u041d\u041a\u041e &#171;\u0423\u0447\u0440\u0435\u0436\u0434\u0435\u043d\u0438\u0435 \u0424\u0435\u043d\u043d\u043e-\u0423\u0433\u0440\u0438\u0430&#187; \u041e\u0441\u043d\u043e\u0432\u043d\u044b\u0435 \u0441\u0442\u043e\u0440\u043e\u043d\u043d\u0438\u043a\u0438 \u0434\u0435\u044f\u0442\u0435\u043b\u044c\u043d\u043e\u0441\u0442\u0438<\/p>\n","protected":false},"author":17,"featured_media":21460,"parent":19009,"menu_order":3,"comment_status":"closed","ping_status":"closed","template":"","meta":{"_acf_changed":false,"footnotes":""},"tags":[3112],"class_list":["post-19053","page","type-page","status-publish","has-post-thumbnail","hentry","tag-uchrezhdenie-fenno-ugria-ru"],"acf":[],"yoast_head":"<!-- This site is optimized with the Yoast SEO plugin v26.8 - https:\/\/yoast.com\/product\/yoast-seo-wordpress\/ -->\n<title>\u0427\u043b\u0435\u043d\u044b - Fenno-Ugria<\/title>\n<meta name=\"robots\" content=\"index, follow, max-snippet:-1, max-image-preview:large, max-video-preview:-1\" \/>\n<link rel=\"canonical\" href=\"https:\/\/fennougria.ee\/ru\/o-nas\/chleny\/\" \/>\n<meta property=\"og:locale\" content=\"ru_RU\" \/>\n<meta property=\"og:type\" content=\"article\" \/>\n<meta property=\"og:title\" content=\"\u0427\u043b\u0435\u043d\u044b - Fenno-Ugria\" \/>\n<meta property=\"og:description\" content=\"\u0427\u043b\u0435\u043d\u044b \u041d\u041a\u041e &#171;\u0423\u0447\u0440\u0435\u0436\u0434\u0435\u043d\u0438\u0435 \u0424\u0435\u043d\u043d\u043e-\u0423\u0433\u0440\u0438\u0430&#187; \u041e\u0441\u043d\u043e\u0432\u043d\u044b\u0435 \u0441\u0442\u043e\u0440\u043e\u043d\u043d\u0438\u043a\u0438 \u0434\u0435\u044f\u0442\u0435\u043b\u044c\u043d\u043e\u0441\u0442\u0438\" \/>\n<meta property=\"og:url\" content=\"https:\/\/fennougria.ee\/ru\/o-nas\/chleny\/\" \/>\n<meta property=\"og:site_name\" content=\"Fenno-Ugria\" \/>\n<meta property=\"article:publisher\" content=\"https:\/\/www.facebook.com\/fennougria\/\" \/>\n<meta property=\"article:modified_time\" content=\"2025-09-23T18:33:17+00:00\" \/>\n<meta property=\"og:image\" content=\"https:\/\/fennougria.ee\/wp-content\/uploads\/2016\/11\/fenno-ugrialogohall-scaled-e1643806499407.jpg\" \/>\n\t<meta property=\"og:image:width\" content=\"2499\" \/>\n\t<meta property=\"og:image:height\" content=\"2560\" \/>\n\t<meta property=\"og:image:type\" content=\"image\/jpeg\" \/>\n<meta name=\"twitter:card\" content=\"summary_large_image\" \/>\n<meta name=\"twitter:label1\" content=\"\u041f\u0440\u0438\u043c\u0435\u0440\u043d\u043e\u0435 \u0432\u0440\u0435\u043c\u044f \u0434\u043b\u044f \u0447\u0442\u0435\u043d\u0438\u044f\" \/>\n\t<meta name=\"twitter:data1\" content=\"2 \u043c\u0438\u043d\u0443\u0442\u044b\" \/>\n<script type=\"application\/ld+json\" class=\"yoast-schema-graph\">{\"@context\":\"https:\/\/schema.org\",\"@graph\":[{\"@type\":\"WebPage\",\"@id\":\"https:\/\/fennougria.ee\/ru\/o-nas\/chleny\/\",\"url\":\"https:\/\/fennougria.ee\/ru\/o-nas\/chleny\/\",\"name\":\"\u0427\u043b\u0435\u043d\u044b - Fenno-Ugria\",\"isPartOf\":{\"@id\":\"https:\/\/fennougria.ee\/ru\/#website\"},\"primaryImageOfPage\":{\"@id\":\"https:\/\/fennougria.ee\/ru\/o-nas\/chleny\/#primaryimage\"},\"image\":{\"@id\":\"https:\/\/fennougria.ee\/ru\/o-nas\/chleny\/#primaryimage\"},\"thumbnailUrl\":\"https:\/\/fennougria.ee\/wp-content\/uploads\/2016\/11\/fenno-ugrialogohall-scaled-e1643806499407.jpg\",\"datePublished\":\"2020-05-18T09:25:00+00:00\",\"dateModified\":\"2025-09-23T18:33:17+00:00\",\"breadcrumb\":{\"@id\":\"https:\/\/fennougria.ee\/ru\/o-nas\/chleny\/#breadcrumb\"},\"inLanguage\":\"ru-RU\",\"potentialAction\":[{\"@type\":\"ReadAction\",\"target\":[\"https:\/\/fennougria.ee\/ru\/o-nas\/chleny\/\"]}]},{\"@type\":\"ImageObject\",\"inLanguage\":\"ru-RU\",\"@id\":\"https:\/\/fennougria.ee\/ru\/o-nas\/chleny\/#primaryimage\",\"url\":\"https:\/\/fennougria.ee\/wp-content\/uploads\/2016\/11\/fenno-ugrialogohall-scaled-e1643806499407.jpg\",\"contentUrl\":\"https:\/\/fennougria.ee\/wp-content\/uploads\/2016\/11\/fenno-ugrialogohall-scaled-e1643806499407.jpg\",\"width\":2499,\"height\":2560,\"caption\":\"Kunstnikud Urmo ja T\u00fc\u00fcne-Kristin Vaikla: Veelind \/ fragment Fenno-Ugria logost\"},{\"@type\":\"BreadcrumbList\",\"@id\":\"https:\/\/fennougria.ee\/ru\/o-nas\/chleny\/#breadcrumb\",\"itemListElement\":[{\"@type\":\"ListItem\",\"position\":1,\"name\":\"Home\",\"item\":\"https:\/\/fennougria.ee\/ru\/\"},{\"@type\":\"ListItem\",\"position\":2,\"name\":\"\u0423\u0447\u0440\u0435\u0436\u0434\u0435\u043d\u0438\u0435 \u0424\u0435\u043d\u043d\u043e-\u0423\u0433\u0440\u0438\u0430\",\"item\":\"https:\/\/fennougria.ee\/ru\/o-nas\/\"},{\"@type\":\"ListItem\",\"position\":3,\"name\":\"\u0427\u043b\u0435\u043d\u044b\"}]},{\"@type\":\"WebSite\",\"@id\":\"https:\/\/fennougria.ee\/ru\/#website\",\"url\":\"https:\/\/fennougria.ee\/ru\/\",\"name\":\"Fenno-Ugria\",\"description\":\"Koost\u00f6\u00f6s soome-ugri rahvastega aastast 1927\",\"publisher\":{\"@id\":\"https:\/\/fennougria.ee\/ru\/#organization\"},\"potentialAction\":[{\"@type\":\"SearchAction\",\"target\":{\"@type\":\"EntryPoint\",\"urlTemplate\":\"https:\/\/fennougria.ee\/ru\/?s={search_term_string}\"},\"query-input\":{\"@type\":\"PropertyValueSpecification\",\"valueRequired\":true,\"valueName\":\"search_term_string\"}}],\"inLanguage\":\"ru-RU\"},{\"@type\":\"Organization\",\"@id\":\"https:\/\/fennougria.ee\/ru\/#organization\",\"name\":\"Fenno-Ugria\",\"url\":\"https:\/\/fennougria.ee\/ru\/\",\"logo\":{\"@type\":\"ImageObject\",\"inLanguage\":\"ru-RU\",\"@id\":\"https:\/\/fennougria.ee\/ru\/#\/schema\/logo\/image\/\",\"url\":\"https:\/\/fennougria.ee\/wp-content\/uploads\/2020\/05\/Klotslogo-RU.png\",\"contentUrl\":\"https:\/\/fennougria.ee\/wp-content\/uploads\/2020\/05\/Klotslogo-RU.png\",\"width\":170,\"height\":142,\"caption\":\"Fenno-Ugria\"},\"image\":{\"@id\":\"https:\/\/fennougria.ee\/ru\/#\/schema\/logo\/image\/\"},\"sameAs\":[\"https:\/\/www.facebook.com\/fennougria\/\",\"https:\/\/www.instagram.com\/fennougria\/\",\"https:\/\/www.youtube.com\/channel\/UC8YOp4Bv3yomOl8fSrxeqzA\",\"https:\/\/et.wikipedia.org\/wiki\/Fenno-Ugria_Asutus\"]}]}<\/script>\n<!-- \/ Yoast SEO plugin. -->","yoast_head_json":{"title":"\u0427\u043b\u0435\u043d\u044b - Fenno-Ugria","robots":{"index":"index","follow":"follow","max-snippet":"max-snippet:-1","max-image-preview":"max-image-preview:large","max-video-preview":"max-video-preview:-1"},"canonical":"https:\/\/fennougria.ee\/ru\/o-nas\/chleny\/","og_locale":"ru_RU","og_type":"article","og_title":"\u0427\u043b\u0435\u043d\u044b - Fenno-Ugria","og_description":"\u0427\u043b\u0435\u043d\u044b \u041d\u041a\u041e &#171;\u0423\u0447\u0440\u0435\u0436\u0434\u0435\u043d\u0438\u0435 \u0424\u0435\u043d\u043d\u043e-\u0423\u0433\u0440\u0438\u0430&#187; \u041e\u0441\u043d\u043e\u0432\u043d\u044b\u0435 \u0441\u0442\u043e\u0440\u043e\u043d\u043d\u0438\u043a\u0438 \u0434\u0435\u044f\u0442\u0435\u043b\u044c\u043d\u043e\u0441\u0442\u0438","og_url":"https:\/\/fennougria.ee\/ru\/o-nas\/chleny\/","og_site_name":"Fenno-Ugria","article_publisher":"https:\/\/www.facebook.com\/fennougria\/","article_modified_time":"2025-09-23T18:33:17+00:00","og_image":[{"width":2499,"height":2560,"url":"https:\/\/fennougria.ee\/wp-content\/uploads\/2016\/11\/fenno-ugrialogohall-scaled-e1643806499407.jpg","type":"image\/jpeg"}],"twitter_card":"summary_large_image","twitter_misc":{"\u041f\u0440\u0438\u043c\u0435\u0440\u043d\u043e\u0435 \u0432\u0440\u0435\u043c\u044f \u0434\u043b\u044f \u0447\u0442\u0435\u043d\u0438\u044f":"2 \u043c\u0438\u043d\u0443\u0442\u044b"},"schema":{"@context":"https:\/\/schema.org","@graph":[{"@type":"WebPage","@id":"https:\/\/fennougria.ee\/ru\/o-nas\/chleny\/","url":"https:\/\/fennougria.ee\/ru\/o-nas\/chleny\/","name":"\u0427\u043b\u0435\u043d\u044b - Fenno-Ugria","isPartOf":{"@id":"https:\/\/fennougria.ee\/ru\/#website"},"primaryImageOfPage":{"@id":"https:\/\/fennougria.ee\/ru\/o-nas\/chleny\/#primaryimage"},"image":{"@id":"https:\/\/fennougria.ee\/ru\/o-nas\/chleny\/#primaryimage"},"thumbnailUrl":"https:\/\/fennougria.ee\/wp-content\/uploads\/2016\/11\/fenno-ugrialogohall-scaled-e1643806499407.jpg","datePublished":"2020-05-18T09:25:00+00:00","dateModified":"2025-09-23T18:33:17+00:00","breadcrumb":{"@id":"https:\/\/fennougria.ee\/ru\/o-nas\/chleny\/#breadcrumb"},"inLanguage":"ru-RU","potentialAction":[{"@type":"ReadAction","target":["https:\/\/fennougria.ee\/ru\/o-nas\/chleny\/"]}]},{"@type":"ImageObject","inLanguage":"ru-RU","@id":"https:\/\/fennougria.ee\/ru\/o-nas\/chleny\/#primaryimage","url":"https:\/\/fennougria.ee\/wp-content\/uploads\/2016\/11\/fenno-ugrialogohall-scaled-e1643806499407.jpg","contentUrl":"https:\/\/fennougria.ee\/wp-content\/uploads\/2016\/11\/fenno-ugrialogohall-scaled-e1643806499407.jpg","width":2499,"height":2560,"caption":"Kunstnikud Urmo ja T\u00fc\u00fcne-Kristin Vaikla: Veelind \/ fragment Fenno-Ugria logost"},{"@type":"BreadcrumbList","@id":"https:\/\/fennougria.ee\/ru\/o-nas\/chleny\/#breadcrumb","itemListElement":[{"@type":"ListItem","position":1,"name":"Home","item":"https:\/\/fennougria.ee\/ru\/"},{"@type":"ListItem","position":2,"name":"\u0423\u0447\u0440\u0435\u0436\u0434\u0435\u043d\u0438\u0435 \u0424\u0435\u043d\u043d\u043e-\u0423\u0433\u0440\u0438\u0430","item":"https:\/\/fennougria.ee\/ru\/o-nas\/"},{"@type":"ListItem","position":3,"name":"\u0427\u043b\u0435\u043d\u044b"}]},{"@type":"WebSite","@id":"https:\/\/fennougria.ee\/ru\/#website","url":"https:\/\/fennougria.ee\/ru\/","name":"Fenno-Ugria","description":"Koost\u00f6\u00f6s soome-ugri rahvastega aastast 1927","publisher":{"@id":"https:\/\/fennougria.ee\/ru\/#organization"},"potentialAction":[{"@type":"SearchAction","target":{"@type":"EntryPoint","urlTemplate":"https:\/\/fennougria.ee\/ru\/?s={search_term_string}"},"query-input":{"@type":"PropertyValueSpecification","valueRequired":true,"valueName":"search_term_string"}}],"inLanguage":"ru-RU"},{"@type":"Organization","@id":"https:\/\/fennougria.ee\/ru\/#organization","name":"Fenno-Ugria","url":"https:\/\/fennougria.ee\/ru\/","logo":{"@type":"ImageObject","inLanguage":"ru-RU","@id":"https:\/\/fennougria.ee\/ru\/#\/schema\/logo\/image\/","url":"https:\/\/fennougria.ee\/wp-content\/uploads\/2020\/05\/Klotslogo-RU.png","contentUrl":"https:\/\/fennougria.ee\/wp-content\/uploads\/2020\/05\/Klotslogo-RU.png","width":170,"height":142,"caption":"Fenno-Ugria"},"image":{"@id":"https:\/\/fennougria.ee\/ru\/#\/schema\/logo\/image\/"},"sameAs":["https:\/\/www.facebook.com\/fennougria\/","https:\/\/www.instagram.com\/fennougria\/","https:\/\/www.youtube.com\/channel\/UC8YOp4Bv3yomOl8fSrxeqzA","https:\/\/et.wikipedia.org\/wiki\/Fenno-Ugria_Asutus"]}]}},"_links":{"self":[{"href":"https:\/\/fennougria.ee\/ru\/wp-json\/wp\/v2\/pages\/19053","targetHints":{"allow":["GET"]}}],"collection":[{"href":"https:\/\/fennougria.ee\/ru\/wp-json\/wp\/v2\/pages"}],"about":[{"href":"https:\/\/fennougria.ee\/ru\/wp-json\/wp\/v2\/types\/page"}],"author":[{"embeddable":true,"href":"https:\/\/fennougria.ee\/ru\/wp-json\/wp\/v2\/users\/17"}],"replies":[{"embeddable":true,"href":"https:\/\/fennougria.ee\/ru\/wp-json\/wp\/v2\/comments?post=19053"}],"version-history":[{"count":5,"href":"https:\/\/fennougria.ee\/ru\/wp-json\/wp\/v2\/pages\/19053\/revisions"}],"predecessor-version":[{"id":70843,"href":"https:\/\/fennougria.ee\/ru\/wp-json\/wp\/v2\/pages\/19053\/revisions\/70843"}],"up":[{"embeddable":true,"href":"https:\/\/fennougria.ee\/ru\/wp-json\/wp\/v2\/pages\/19009"}],"wp:featuredmedia":[{"embeddable":true,"href":"https:\/\/fennougria.ee\/ru\/wp-json\/wp\/v2\/media\/21460"}],"wp:attachment":[{"href":"https:\/\/fennougria.ee\/ru\/wp-json\/wp\/v2\/media?parent=19053"}],"wp:term":[{"taxonomy":"post_tag","embeddable":true,"href":"https:\/\/fennougria.ee\/ru\/wp-json\/wp\/v2\/tags?post=19053"}],"curies":[{"name":"wp","href":"https:\/\/api.w.org\/{rel}","templated":true}]}}