{"id":19029,"date":"2021-03-29T15:26:00","date_gmt":"2021-03-29T12:26:00","guid":{"rendered":"http:\/\/fennougria.ee\/?page_id=149"},"modified":"2021-04-20T15:03:46","modified_gmt":"2021-04-20T12:03:46","slug":"sponsory","status":"publish","type":"page","link":"https:\/\/fennougria.ee\/ru\/granty\/fond-lennarta-meri\/sponsory\/","title":{"rendered":"\u0421\u043f\u043e\u043d\u0441\u043e\u0440\u044b"},"content":{"rendered":"<div class=\"wp-block-columns is-layout-flex wp-container-core-columns-is-layout-9d6595d7 wp-block-columns-is-layout-flex\"><div class=\"wp-block-column is-layout-flow wp-block-column-is-layout-flow\"><p>T\u00f5nu Seilenthal<br>Tiia Margus<br>Birute Klaas-Lang<br>Jaan Ross<br>Kadri Viires<br>Helle Metslang<br>Mare&nbsp;Sepp<br>Ago K\u00fcnnap<br>Kadi Sarv<br>Maia R\u00f5igas<br>Katrin Mandra<br>Ragna J\u00f5esaar<br>Margit Kuusk<br>Rein Saukas<br>Urve Talvik<br>Peeter P\u00e4ll<br>Mare Onga<br>Madis Arukask<br>Sirje \u00d5im<br>Viktoria Toth<br>Reet Kasik<br>Tuomas Johannes Huumo<br>Pille Penjam<br>Pire Teras<br>Heili Orav<\/p><\/div>\n\n<div class=\"wp-block-column is-layout-flow wp-block-column-is-layout-flow\"><p>Kersti Sepper<br>Ergo-Hart V\u00e4strik<br>K\u00fclli Habicht<br>Piret Klesment<br>\u00dclo Valk<br>Tiina Kikerpill<br>Rutt Hinrikus<br>Silvi Tenjes<br>Art Leete<br>Heli Laanekask<br>Riina Kasterpalu<br>Heiki-Jaan Kaalep<br>Mart Siimann<br>Aado Lintrop<br>Reet Kroll<br>J\u00fcri Valge<br>Kersti Lepaj\u00f5e<br>Inga Ignatyeva<br>Tiia Reimand<br>Viia-Kadi Raudalainen<br>Taisto Raudalainen<br>Juha-Matti Aronen<br>Karl Pajusalu<br>Helander Niilo Saatio<br>Rein Saukas<\/p><\/div>\n\n<div class=\"wp-block-column is-layout-flow wp-block-column-is-layout-flow\"><p>Niina Aasm\u00e4e<br>Andra Veidemann<br>Marje Joalaid<br>Mari Aakre<br>Arvo Vallikivi<br>Anu-Reet Hausenberg<br>Mart Meri<br>T\u00fc\u00fcne-Kristin Vaikla<br>Pille Kivihall<br>Nikolai Kuznetsov<br>Maret Merisaar<br>Aivar J\u00fcrgenson<br>Mare Valge<br>Reet Klettenberg<br>Alo Merilo<br>Kaire J\u00fcrgenson<br>Anne-Ly Reimaa<\/p><\/div><\/div><hr class=\"wp-block-separator\"\/>","protected":false},"excerpt":{"rendered":"<p>\u0424\u043e\u043d\u0434\u0430 \u00ab\u041d\u0430\u0440\u043e\u0434 \u0432\u043e\u0434\u043e\u043f\u043b\u0430\u0432\u0430\u044e\u0449\u0435\u0439 \u043f\u0442\u0438\u0446\u044b \u041b\u0435\u043d\u043d\u0430\u0440\u0442\u0430 \u041c\u0435\u0440\u0438\u00bb <\/p>\n","protected":false},"author":1,"featured_media":21460,"parent":19027,"menu_order":3,"comment_status":"closed","ping_status":"closed","template":"","meta":{"_acf_changed":false,"footnotes":""},"tags":[3144,3172],"class_list":["post-19029","page","type-page","status-publish","has-post-thumbnail","hentry","tag-persona-ru","tag-fond-lennarta-meri-ru"],"acf":[],"yoast_head":"<!-- This site is optimized with the Yoast SEO plugin v27.3 - https:\/\/yoast.com\/product\/yoast-seo-wordpress\/ -->\n<title>\u0421\u043f\u043e\u043d\u0441\u043e\u0440\u044b - Fenno-Ugria<\/title>\n<meta name=\"robots\" content=\"index, follow, max-snippet:-1, max-image-preview:large, max-video-preview:-1\" \/>\n<link rel=\"canonical\" href=\"https:\/\/fennougria.ee\/ru\/granty\/fond-lennarta-meri\/sponsory\/\" \/>\n<meta property=\"og:locale\" content=\"ru_RU\" \/>\n<meta property=\"og:type\" content=\"article\" \/>\n<meta property=\"og:title\" content=\"\u0421\u043f\u043e\u043d\u0441\u043e\u0440\u044b - Fenno-Ugria\" \/>\n<meta property=\"og:description\" content=\"\u0424\u043e\u043d\u0434\u0430 \u00ab\u041d\u0430\u0440\u043e\u0434 \u0432\u043e\u0434\u043e\u043f\u043b\u0430\u0432\u0430\u044e\u0449\u0435\u0439 \u043f\u0442\u0438\u0446\u044b \u041b\u0435\u043d\u043d\u0430\u0440\u0442\u0430 \u041c\u0435\u0440\u0438\u00bb\" \/>\n<meta property=\"og:url\" content=\"https:\/\/fennougria.ee\/ru\/granty\/fond-lennarta-meri\/sponsory\/\" \/>\n<meta property=\"og:site_name\" content=\"Fenno-Ugria\" \/>\n<meta property=\"article:publisher\" content=\"https:\/\/www.facebook.com\/fennougria\/\" \/>\n<meta property=\"article:modified_time\" content=\"2021-04-20T12:03:46+00:00\" \/>\n<meta property=\"og:image\" content=\"https:\/\/fennougria.ee\/wp-content\/uploads\/2016\/11\/fenno-ugrialogohall-scaled-e1620483755910.jpg\" \/>\n\t<meta property=\"og:image:width\" content=\"2499\" \/>\n\t<meta property=\"og:image:height\" content=\"2560\" \/>\n\t<meta property=\"og:image:type\" content=\"image\/jpeg\" \/>\n<meta name=\"twitter:card\" content=\"summary_large_image\" \/>\n<meta name=\"twitter:label1\" content=\"\u041f\u0440\u0438\u043c\u0435\u0440\u043d\u043e\u0435 \u0432\u0440\u0435\u043c\u044f \u0434\u043b\u044f \u0447\u0442\u0435\u043d\u0438\u044f\" \/>\n\t<meta name=\"twitter:data1\" content=\"1 \u043c\u0438\u043d\u0443\u0442\u0430\" \/>\n<script type=\"application\/ld+json\" class=\"yoast-schema-graph\">{\"@context\":\"https:\\\/\\\/schema.org\",\"@graph\":[{\"@type\":\"WebPage\",\"@id\":\"https:\\\/\\\/fennougria.ee\\\/ru\\\/granty\\\/fond-lennarta-meri\\\/sponsory\\\/\",\"url\":\"https:\\\/\\\/fennougria.ee\\\/ru\\\/granty\\\/fond-lennarta-meri\\\/sponsory\\\/\",\"name\":\"\u0421\u043f\u043e\u043d\u0441\u043e\u0440\u044b - Fenno-Ugria\",\"isPartOf\":{\"@id\":\"https:\\\/\\\/fennougria.ee\\\/ru\\\/#website\"},\"primaryImageOfPage\":{\"@id\":\"https:\\\/\\\/fennougria.ee\\\/ru\\\/granty\\\/fond-lennarta-meri\\\/sponsory\\\/#primaryimage\"},\"image\":{\"@id\":\"https:\\\/\\\/fennougria.ee\\\/ru\\\/granty\\\/fond-lennarta-meri\\\/sponsory\\\/#primaryimage\"},\"thumbnailUrl\":\"https:\\\/\\\/fennougria.ee\\\/wp-content\\\/uploads\\\/2016\\\/11\\\/fenno-ugrialogohall-scaled-e1643806499407.jpg\",\"datePublished\":\"2021-03-29T12:26:00+00:00\",\"dateModified\":\"2021-04-20T12:03:46+00:00\",\"breadcrumb\":{\"@id\":\"https:\\\/\\\/fennougria.ee\\\/ru\\\/granty\\\/fond-lennarta-meri\\\/sponsory\\\/#breadcrumb\"},\"inLanguage\":\"ru-RU\",\"potentialAction\":[{\"@type\":\"ReadAction\",\"target\":[\"https:\\\/\\\/fennougria.ee\\\/ru\\\/granty\\\/fond-lennarta-meri\\\/sponsory\\\/\"]}]},{\"@type\":\"ImageObject\",\"inLanguage\":\"ru-RU\",\"@id\":\"https:\\\/\\\/fennougria.ee\\\/ru\\\/granty\\\/fond-lennarta-meri\\\/sponsory\\\/#primaryimage\",\"url\":\"https:\\\/\\\/fennougria.ee\\\/wp-content\\\/uploads\\\/2016\\\/11\\\/fenno-ugrialogohall-scaled-e1643806499407.jpg\",\"contentUrl\":\"https:\\\/\\\/fennougria.ee\\\/wp-content\\\/uploads\\\/2016\\\/11\\\/fenno-ugrialogohall-scaled-e1643806499407.jpg\",\"width\":2499,\"height\":2560,\"caption\":\"Kunstnikud Urmo ja T\u00fc\u00fcne-Kristin Vaikla: Veelind \\\/ fragment Fenno-Ugria logost\"},{\"@type\":\"BreadcrumbList\",\"@id\":\"https:\\\/\\\/fennougria.ee\\\/ru\\\/granty\\\/fond-lennarta-meri\\\/sponsory\\\/#breadcrumb\",\"itemListElement\":[{\"@type\":\"ListItem\",\"position\":1,\"name\":\"Home\",\"item\":\"https:\\\/\\\/fennougria.ee\\\/ru\\\/\"},{\"@type\":\"ListItem\",\"position\":2,\"name\":\"\u0413\u0440\u0430\u043d\u0442\u044b\",\"item\":\"https:\\\/\\\/fennougria.ee\\\/ru\\\/granty\\\/\"},{\"@type\":\"ListItem\",\"position\":3,\"name\":\"\u0424\u043e\u043d\u0434 \u041b\u0435\u043d\u043d\u0430\u0440\u0442\u0430 \u041c\u0435\u0440\u0438\",\"item\":\"https:\\\/\\\/fennougria.ee\\\/ru\\\/granty\\\/fond-lennarta-meri\\\/\"},{\"@type\":\"ListItem\",\"position\":4,\"name\":\"\u0421\u043f\u043e\u043d\u0441\u043e\u0440\u044b\"}]},{\"@type\":\"WebSite\",\"@id\":\"https:\\\/\\\/fennougria.ee\\\/ru\\\/#website\",\"url\":\"https:\\\/\\\/fennougria.ee\\\/ru\\\/\",\"name\":\"Fenno-Ugria\",\"description\":\"Koost\u00f6\u00f6s soome-ugri rahvastega aastast 1927\",\"publisher\":{\"@id\":\"https:\\\/\\\/fennougria.ee\\\/ru\\\/#organization\"},\"potentialAction\":[{\"@type\":\"SearchAction\",\"target\":{\"@type\":\"EntryPoint\",\"urlTemplate\":\"https:\\\/\\\/fennougria.ee\\\/ru\\\/?s={search_term_string}\"},\"query-input\":{\"@type\":\"PropertyValueSpecification\",\"valueRequired\":true,\"valueName\":\"search_term_string\"}}],\"inLanguage\":\"ru-RU\"},{\"@type\":\"Organization\",\"@id\":\"https:\\\/\\\/fennougria.ee\\\/ru\\\/#organization\",\"name\":\"Fenno-Ugria\",\"url\":\"https:\\\/\\\/fennougria.ee\\\/ru\\\/\",\"logo\":{\"@type\":\"ImageObject\",\"inLanguage\":\"ru-RU\",\"@id\":\"https:\\\/\\\/fennougria.ee\\\/ru\\\/#\\\/schema\\\/logo\\\/image\\\/\",\"url\":\"https:\\\/\\\/fennougria.ee\\\/wp-content\\\/uploads\\\/2020\\\/05\\\/Klotslogo-RU.png\",\"contentUrl\":\"https:\\\/\\\/fennougria.ee\\\/wp-content\\\/uploads\\\/2020\\\/05\\\/Klotslogo-RU.png\",\"width\":170,\"height\":142,\"caption\":\"Fenno-Ugria\"},\"image\":{\"@id\":\"https:\\\/\\\/fennougria.ee\\\/ru\\\/#\\\/schema\\\/logo\\\/image\\\/\"},\"sameAs\":[\"https:\\\/\\\/www.facebook.com\\\/fennougria\\\/\",\"https:\\\/\\\/www.instagram.com\\\/fennougria\\\/\",\"https:\\\/\\\/www.youtube.com\\\/channel\\\/UC8YOp4Bv3yomOl8fSrxeqzA\",\"https:\\\/\\\/et.wikipedia.org\\\/wiki\\\/Fenno-Ugria_Asutus\"]}]}<\/script>\n<!-- \/ Yoast SEO plugin. -->","yoast_head_json":{"title":"\u0421\u043f\u043e\u043d\u0441\u043e\u0440\u044b - Fenno-Ugria","robots":{"index":"index","follow":"follow","max-snippet":"max-snippet:-1","max-image-preview":"max-image-preview:large","max-video-preview":"max-video-preview:-1"},"canonical":"https:\/\/fennougria.ee\/ru\/granty\/fond-lennarta-meri\/sponsory\/","og_locale":"ru_RU","og_type":"article","og_title":"\u0421\u043f\u043e\u043d\u0441\u043e\u0440\u044b - Fenno-Ugria","og_description":"\u0424\u043e\u043d\u0434\u0430 \u00ab\u041d\u0430\u0440\u043e\u0434 \u0432\u043e\u0434\u043e\u043f\u043b\u0430\u0432\u0430\u044e\u0449\u0435\u0439 \u043f\u0442\u0438\u0446\u044b \u041b\u0435\u043d\u043d\u0430\u0440\u0442\u0430 \u041c\u0435\u0440\u0438\u00bb","og_url":"https:\/\/fennougria.ee\/ru\/granty\/fond-lennarta-meri\/sponsory\/","og_site_name":"Fenno-Ugria","article_publisher":"https:\/\/www.facebook.com\/fennougria\/","article_modified_time":"2021-04-20T12:03:46+00:00","og_image":[{"width":2499,"height":2560,"url":"https:\/\/fennougria.ee\/wp-content\/uploads\/2016\/11\/fenno-ugrialogohall-scaled-e1620483755910.jpg","type":"image\/jpeg"}],"twitter_card":"summary_large_image","twitter_misc":{"\u041f\u0440\u0438\u043c\u0435\u0440\u043d\u043e\u0435 \u0432\u0440\u0435\u043c\u044f \u0434\u043b\u044f \u0447\u0442\u0435\u043d\u0438\u044f":"1 \u043c\u0438\u043d\u0443\u0442\u0430"},"schema":{"@context":"https:\/\/schema.org","@graph":[{"@type":"WebPage","@id":"https:\/\/fennougria.ee\/ru\/granty\/fond-lennarta-meri\/sponsory\/","url":"https:\/\/fennougria.ee\/ru\/granty\/fond-lennarta-meri\/sponsory\/","name":"\u0421\u043f\u043e\u043d\u0441\u043e\u0440\u044b - Fenno-Ugria","isPartOf":{"@id":"https:\/\/fennougria.ee\/ru\/#website"},"primaryImageOfPage":{"@id":"https:\/\/fennougria.ee\/ru\/granty\/fond-lennarta-meri\/sponsory\/#primaryimage"},"image":{"@id":"https:\/\/fennougria.ee\/ru\/granty\/fond-lennarta-meri\/sponsory\/#primaryimage"},"thumbnailUrl":"https:\/\/fennougria.ee\/wp-content\/uploads\/2016\/11\/fenno-ugrialogohall-scaled-e1643806499407.jpg","datePublished":"2021-03-29T12:26:00+00:00","dateModified":"2021-04-20T12:03:46+00:00","breadcrumb":{"@id":"https:\/\/fennougria.ee\/ru\/granty\/fond-lennarta-meri\/sponsory\/#breadcrumb"},"inLanguage":"ru-RU","potentialAction":[{"@type":"ReadAction","target":["https:\/\/fennougria.ee\/ru\/granty\/fond-lennarta-meri\/sponsory\/"]}]},{"@type":"ImageObject","inLanguage":"ru-RU","@id":"https:\/\/fennougria.ee\/ru\/granty\/fond-lennarta-meri\/sponsory\/#primaryimage","url":"https:\/\/fennougria.ee\/wp-content\/uploads\/2016\/11\/fenno-ugrialogohall-scaled-e1643806499407.jpg","contentUrl":"https:\/\/fennougria.ee\/wp-content\/uploads\/2016\/11\/fenno-ugrialogohall-scaled-e1643806499407.jpg","width":2499,"height":2560,"caption":"Kunstnikud Urmo ja T\u00fc\u00fcne-Kristin Vaikla: Veelind \/ fragment Fenno-Ugria logost"},{"@type":"BreadcrumbList","@id":"https:\/\/fennougria.ee\/ru\/granty\/fond-lennarta-meri\/sponsory\/#breadcrumb","itemListElement":[{"@type":"ListItem","position":1,"name":"Home","item":"https:\/\/fennougria.ee\/ru\/"},{"@type":"ListItem","position":2,"name":"\u0413\u0440\u0430\u043d\u0442\u044b","item":"https:\/\/fennougria.ee\/ru\/granty\/"},{"@type":"ListItem","position":3,"name":"\u0424\u043e\u043d\u0434 \u041b\u0435\u043d\u043d\u0430\u0440\u0442\u0430 \u041c\u0435\u0440\u0438","item":"https:\/\/fennougria.ee\/ru\/granty\/fond-lennarta-meri\/"},{"@type":"ListItem","position":4,"name":"\u0421\u043f\u043e\u043d\u0441\u043e\u0440\u044b"}]},{"@type":"WebSite","@id":"https:\/\/fennougria.ee\/ru\/#website","url":"https:\/\/fennougria.ee\/ru\/","name":"Fenno-Ugria","description":"Koost\u00f6\u00f6s soome-ugri rahvastega aastast 1927","publisher":{"@id":"https:\/\/fennougria.ee\/ru\/#organization"},"potentialAction":[{"@type":"SearchAction","target":{"@type":"EntryPoint","urlTemplate":"https:\/\/fennougria.ee\/ru\/?s={search_term_string}"},"query-input":{"@type":"PropertyValueSpecification","valueRequired":true,"valueName":"search_term_string"}}],"inLanguage":"ru-RU"},{"@type":"Organization","@id":"https:\/\/fennougria.ee\/ru\/#organization","name":"Fenno-Ugria","url":"https:\/\/fennougria.ee\/ru\/","logo":{"@type":"ImageObject","inLanguage":"ru-RU","@id":"https:\/\/fennougria.ee\/ru\/#\/schema\/logo\/image\/","url":"https:\/\/fennougria.ee\/wp-content\/uploads\/2020\/05\/Klotslogo-RU.png","contentUrl":"https:\/\/fennougria.ee\/wp-content\/uploads\/2020\/05\/Klotslogo-RU.png","width":170,"height":142,"caption":"Fenno-Ugria"},"image":{"@id":"https:\/\/fennougria.ee\/ru\/#\/schema\/logo\/image\/"},"sameAs":["https:\/\/www.facebook.com\/fennougria\/","https:\/\/www.instagram.com\/fennougria\/","https:\/\/www.youtube.com\/channel\/UC8YOp4Bv3yomOl8fSrxeqzA","https:\/\/et.wikipedia.org\/wiki\/Fenno-Ugria_Asutus"]}]}},"_links":{"self":[{"href":"https:\/\/fennougria.ee\/ru\/wp-json\/wp\/v2\/pages\/19029","targetHints":{"allow":["GET"]}}],"collection":[{"href":"https:\/\/fennougria.ee\/ru\/wp-json\/wp\/v2\/pages"}],"about":[{"href":"https:\/\/fennougria.ee\/ru\/wp-json\/wp\/v2\/types\/page"}],"author":[{"embeddable":true,"href":"https:\/\/fennougria.ee\/ru\/wp-json\/wp\/v2\/users\/1"}],"replies":[{"embeddable":true,"href":"https:\/\/fennougria.ee\/ru\/wp-json\/wp\/v2\/comments?post=19029"}],"version-history":[{"count":3,"href":"https:\/\/fennougria.ee\/ru\/wp-json\/wp\/v2\/pages\/19029\/revisions"}],"predecessor-version":[{"id":33906,"href":"https:\/\/fennougria.ee\/ru\/wp-json\/wp\/v2\/pages\/19029\/revisions\/33906"}],"up":[{"embeddable":true,"href":"https:\/\/fennougria.ee\/ru\/wp-json\/wp\/v2\/pages\/19027"}],"wp:featuredmedia":[{"embeddable":true,"href":"https:\/\/fennougria.ee\/ru\/wp-json\/wp\/v2\/media\/21460"}],"wp:attachment":[{"href":"https:\/\/fennougria.ee\/ru\/wp-json\/wp\/v2\/media?parent=19029"}],"wp:term":[{"taxonomy":"post_tag","embeddable":true,"href":"https:\/\/fennougria.ee\/ru\/wp-json\/wp\/v2\/tags?post=19029"}],"curies":[{"name":"wp","href":"https:\/\/api.w.org\/{rel}","templated":true}]}}