{"id":8230,"date":"2019-05-28T08:56:17","date_gmt":"2019-05-28T05:56:17","guid":{"rendered":"https:\/\/fennougria.ee\/?page_id=8230"},"modified":"2021-11-16T11:37:53","modified_gmt":"2021-11-16T09:37:53","slug":"eighth","status":"publish","type":"page","link":"https:\/\/fennougria.ee\/en\/representative-bodies\/worldcongresses\/eighth\/","title":{"rendered":"VIII World Congress"},"content":{"rendered":"<div class=\"wp-block-columns is-layout-flex wp-container-core-columns-is-layout-9d6595d7 wp-block-columns-is-layout-flex\"><div class=\"wp-block-column is-layout-flow wp-block-column-is-layout-flow\" style=\"flex-basis:66.66%\"><pre class=\"wp-block-verse\">The 8th World Congress of Finno-Ugric Peoples\n16-18 June 2021 \nin Tartu, in the <a href=\"http:\/\/www.erm.ee\" target=\"_blank\" rel=\"noreferrer noopener\">Estonian National Museum<\/a>\nThe main theme of the Congress will be \u201cCultural landscapes \u2013 language and mind\u201d.&nbsp;\n<\/pre>\n\n<div class=\"wp-block-buttons is-layout-flex wp-block-buttons-is-layout-flex\"><div class=\"wp-block-button\"><a class=\"wp-block-button__link\" href=\"https:\/\/fennougria.ee\/en\/representative-bodies\/worldcongresses\/eighth\/resolution-2021\/\" target=\"_blank\" rel=\"noreferrer noopener\">Resolution 2021<\/a><\/div>\n\n<div class=\"wp-block-button is-style-outline is-style-outline--1\"><a class=\"wp-block-button__link\" href=\"https:\/\/www.flickr.com\/photos\/tartu2020fu\/albums\" target=\"_blank\" rel=\"noreferrer noopener\">Gallery<\/a><\/div><\/div><\/div>\n\n<div class=\"wp-block-column is-layout-flow wp-block-column-is-layout-flow\" style=\"flex-basis:33.33%\"><figure class=\"wp-block-image size-large\"><img loading=\"lazy\" decoding=\"async\" width=\"720\" height=\"720\" src=\"https:\/\/fennougria.ee\/wp-content\/uploads\/2020\/05\/ENG_punamust-720x720.png\" alt=\"\" class=\"wp-image-18191\" srcset=\"https:\/\/fennougria.ee\/wp-content\/uploads\/2020\/05\/ENG_punamust-720x720.png 720w, https:\/\/fennougria.ee\/wp-content\/uploads\/2020\/05\/ENG_punamust-400x400.png 400w, https:\/\/fennougria.ee\/wp-content\/uploads\/2020\/05\/ENG_punamust-200x200.png 200w, https:\/\/fennougria.ee\/wp-content\/uploads\/2020\/05\/ENG_punamust-768x768.png 768w, https:\/\/fennougria.ee\/wp-content\/uploads\/2020\/05\/ENG_punamust.png 1490w\" sizes=\"auto, (max-width: 720px) 100vw, 720px\" \/><\/figure><\/div><\/div><hr class=\"wp-block-separator\"\/><p><strong>14 Finno-Ugric peoples<\/strong> will take part of the VIII Finno-Ugric Peoples World Congress. In all, 400 people take part in the Congress, including <strong>124 delegates<\/strong> and<strong> 229 observers<\/strong>, as well as guests and journalists. The Finnish, Hungarian, Russian, Latvian and Estonian presidents are invited to the World Congress.  <\/p><p><a href=\"https:\/\/fennougria.ee\/en\/event\/opening-ceremony\/\" target=\"_blank\" rel=\"noreferrer noopener\">The Opening ceremony can also be viewed via an ERR livestream online. <\/a>In addition to the official Congress, all interested people are invited to a simultaneous <a href=\"https:\/\/fennougria.ee\/en\/viii-world-congress-hosts-unique-cultural-experiences-in-tartu\/\" target=\"_blank\" rel=\"noreferrer noopener\">culture program in Tartu<\/a>. The events are free of charge.<\/p><p>The organizer of the Congress, NGO Fenno-Ugria, announces that considering the current situation caused by the COVID-19 virus, the Congress will be organized <strong>in hybrid form<\/strong>, in-person&nbsp;attendees&nbsp;in Tartu&nbsp;and virtual attendees online. All online participants will have access to plenary sessions and one of the thematic session chosen.&nbsp;Accession to the congress will be via link sent to the connection e-mail. Event content will also be recorded and made available online to foster further discussions after the event has ended, build out a knowledge portal for event participants.<\/p><div class=\"wp-block-columns is-layout-flex wp-container-core-columns-is-layout-9d6595d7 wp-block-columns-is-layout-flex\"><div class=\"wp-block-column is-layout-flow wp-block-column-is-layout-flow\"><figure class=\"wp-block-embed is-type-video is-provider-youtube wp-block-embed-youtube wp-embed-aspect-16-9 wp-has-aspect-ratio\"><div class=\"wp-block-embed__wrapper\">\n<iframe loading=\"lazy\" title=\"VIII soome-ugri rahvaste maailmakongress Tartus \u2013 avap\u00e4ev, 16. juuni 2021\" width=\"500\" height=\"281\" src=\"https:\/\/www.youtube.com\/embed\/wKbygarkHZY?start=877&#038;feature=oembed\" frameborder=\"0\" allow=\"accelerometer; autoplay; clipboard-write; encrypted-media; gyroscope; picture-in-picture; web-share\" referrerpolicy=\"strict-origin-when-cross-origin\" allowfullscreen><\/iframe>\n<\/div><figcaption>16.06.2021 \/ <a href=\"https:\/\/www.youtube.com\/channel\/UC8YOp4Bv3yomOl8fSrxeqzA\" target=\"_blank\" rel=\"noreferrer noopener\">Fenno-Ugria @YT<\/a><\/figcaption><\/figure><\/div>\n\n<div class=\"wp-block-column is-layout-flow wp-block-column-is-layout-flow\"><figure class=\"wp-block-embed is-type-video is-provider-youtube wp-block-embed-youtube wp-embed-aspect-16-9 wp-has-aspect-ratio\"><div class=\"wp-block-embed__wrapper\">\n<iframe loading=\"lazy\" title=\"VIII soome-ugri rahvaste maailmakongress 18.juunil 2021 l\u00f5pp-plenaaristung\" width=\"500\" height=\"281\" src=\"https:\/\/www.youtube.com\/embed\/h8F40qkw8z8?start=50&#038;feature=oembed\" frameborder=\"0\" allow=\"accelerometer; autoplay; clipboard-write; encrypted-media; gyroscope; picture-in-picture; web-share\" referrerpolicy=\"strict-origin-when-cross-origin\" allowfullscreen><\/iframe>\n<\/div><figcaption>18.06.2021 \/ <a href=\"https:\/\/www.youtube.com\/channel\/UC8YOp4Bv3yomOl8fSrxeqzA\" target=\"_blank\" rel=\"noreferrer noopener\">Fenno-Ugria @YT<\/a><\/figcaption><\/figure><\/div><\/div><div class=\"accordion my-10 border-top\" id=\"accordion-block_60c0f5f51b9b5\">\r\n    \n<div class=\"card border-bottom\">\r\n    <div class=\"card-header p-0\" id=\"accordion-heading-block_60d1eb526eb17\">\r\n        <button class=\"btn d-flex align-items-center w-100 text-left collapsed border-0 p-0 item-title\" type=\"button\" data-toggle=\"collapse\" data-target=\"#accordion-item-block_60d1eb526eb17\" aria-expanded=\"false\" aria-controls=\"accordion-item-block_60d1eb526eb17\">\r\n            <span class=\"h3 my-4 ml-2 mr-4 d-inline-block text-body\">Decision of The VIII World Congress of Finno-Ugric Peoples<\/span>\r\n        <\/button>\r\n    <\/div>\r\n    <div id=\"accordion-item-block_60d1eb526eb17\" class=\"collapse\" aria-labelledby=\"accordion-heading-block_60d1eb526eb17\">\r\n        <div class=\"card-body pt-0 pl-8 pr-4 pb-6 pb-md-10\">\r\n            \n<p><strong>The VIII World Congress of Finno-Ugric Peoples, in order to develop further effective cooperation of the Finno-Ugric and Samoyed peoples, decided to hold the IX World Congress of Finno-Ugric Peoples in 2024.<\/strong><\/p>\n\n<p><strong>Note:<\/strong><\/p>\n\n<p>According to the Regulations of the Consultative Committee of the Finno-Ugric Peoples, the Consultative Committee organizes the preparation of the congresses of the Finno-Ugric Peoples. In this regard, the Consultative Committee will need to determine the venue for the IX World Congress of Finno-Ugric Peoples in 2024.<\/p>\n\r\n        <\/div>\r\n    <\/div>\r\n<\/div>\n\n<div class=\"card border-bottom\">\r\n    <div class=\"card-header p-0\" id=\"accordion-heading-block_60c0f5f51b9b6\">\r\n        <button class=\"btn d-flex align-items-center w-100 text-left collapsed border-0 p-0 item-title\" type=\"button\" data-toggle=\"collapse\" data-target=\"#accordion-item-block_60c0f5f51b9b6\" aria-expanded=\"false\" aria-controls=\"accordion-item-block_60c0f5f51b9b6\">\r\n            <span class=\"h3 my-4 ml-2 mr-4 d-inline-block text-body\">Meetings of the working groups:<\/span>\r\n        <\/button>\r\n    <\/div>\r\n    <div id=\"accordion-item-block_60c0f5f51b9b6\" class=\"collapse\" aria-labelledby=\"accordion-heading-block_60c0f5f51b9b6\">\r\n        <div class=\"card-body pt-0 pl-8 pr-4 pb-6 pb-md-10\">\r\n            \n<pre class=\"wp-block-verse\">Meetings of the working groups:\n<strong>1. Civil society activities in preserving and developing Finno-Ugric languages<\/strong>\nLanguage(s) and identity\nBilingualism\nParental responsibility for and role in transferring the language to next generations\nThe role and tasks of NGOs in preserving and developing Finno-Ugric languages\nBest practices of teaching Finno-Ugric languages\n<strong>2. Finno-Ugric cultures \u2013 from tradition(al) to modern times<\/strong>\nContemporary innovations in the development of Finno-Ugric cultures\nBranding\n<strong>3. Finno-Ugric peoples in a changing environment<\/strong>\nClimate change impact on the daily life of Finno-Ugric peoples\nClimate change - what will it bring?\nPanel discussion: what should we do under climate change?\n<strong>4. Mass media channels<\/strong>\nTraditional journalism\nSocial networks\nLanguage resources in IT<\/pre>\n\r\n        <\/div>\r\n    <\/div>\r\n<\/div>\n\n<div class=\"card border-bottom\">\r\n    <div class=\"card-header p-0\" id=\"accordion-heading-block_60c0fa9d1b9b7\">\r\n        <button class=\"btn d-flex align-items-center w-100 text-left collapsed border-0 p-0 item-title\" type=\"button\" data-toggle=\"collapse\" data-target=\"#accordion-item-block_60c0fa9d1b9b7\" aria-expanded=\"false\" aria-controls=\"accordion-item-block_60c0fa9d1b9b7\">\r\n            <span class=\"h3 my-4 ml-2 mr-4 d-inline-block text-body\">Media coverage<\/span>\r\n        <\/button>\r\n    <\/div>\r\n    <div id=\"accordion-item-block_60c0fa9d1b9b7\" class=\"collapse\" aria-labelledby=\"accordion-heading-block_60c0fa9d1b9b7\">\r\n        <div class=\"card-body pt-0 pl-8 pr-4 pb-6 pb-md-10\">\r\n            \n<ul class=\"wp-block-list\" id=\"block-1acdf6bd-e259-43c9-b292-eac9fdbd56a1\"><li>27.08.2021 <a href=\"http:\/\/windowoneurasia2.blogspot.com\/2021\/06\/free-idel-ural-group-calls-for-shifting.html\" target=\"_blank\" rel=\"noreferrer noopener\">Free Idel-Ural Group Calls for Shifting Future Venues of Finno-Ugric Congresses to Lithuania<\/a> (<a href=\"http:\/\/windowoneurasia2.blogspot.com\/\" target=\"_blank\" rel=\"noreferrer noopener\">Window on Eurasia<\/a>)<\/li><li>10.06.2021 <a href=\"https:\/\/news.err.ee\/1608241917\/bank-of-estonia-issuing-2-coin-for-finno-ugric-peoples\">Bank of Estonia issuing \u20ac2 coin for Finno-Ugric peoples<\/a> (ERR News)<\/li><li>21.05.2021 <a href=\"https:\/\/news.err.ee\/1608220303\/two-planned-large-scale-summer-events-to-go-ahead\">Two planned large-scale summer events to go ahead<\/a> (ERR News)<\/li><li>15.05.2021 <a href=\"https:\/\/news.err.ee\/1608213829\/estonia-removed-from-kremlin-list-of-unfriendly-states\" target=\"_blank\" rel=\"noreferrer noopener\">Estonia removed from Kremlin list of &#8216;unfriendly&#8217; states<\/a> (ERR News)<\/li><li>11.05.2021&nbsp;<a href=\"https:\/\/www.hs.fi\/ulkomaat\/art-2000007968534.html\" target=\"_blank\" rel=\"noreferrer noopener\">Suomi ja Viro ovat ven\u00e4l\u00e4isen j\u00e4rjest\u00f6n mukaan ylimielisi\u00e4 velji\u00e4, ja siksi maa ei aio osallistua suomalais-ugrilaisten maailmankongressiin Tartossa t\u00e4n\u00e4 kes\u00e4n\u00e4<\/a>&nbsp;(Helsingin Sanomat)<\/li><li>03.05.2021&nbsp;<a href=\"https:\/\/estonianworld.com\/culture\/russian-delegations-putin-could-still-attend-the-finno-ugric-world-congress-in-estonia\/?fbclid=IwAR1NvgNavSUUjmJmBEfKKgetqXwpIihJj9OFMCfqZKhQGuM8pWmVN_RZjOw\" target=\"_blank\" rel=\"noreferrer noopener\">Russian delegations, Putin could still attend the Finno-Ugric World Congress in Estonia<\/a>&nbsp;(Estonian World)<\/li><li>26.04.2021&nbsp;<a href=\"https:\/\/www.is.fi\/ulkomaat\/art-2000007942913.html?fbclid=IwAR1leznt1odHgOav4_jgBr7n_7-FGjTyXgIuJZYpLhIbzgqsD0wiiWiG5mE\" target=\"_blank\" rel=\"noreferrer noopener\">Suomea syytet\u00e4\u00e4n Ven\u00e4j\u00e4ll\u00e4 maan \u201dsis\u00e4isiin asioihin puuttumisesta\u201d \u2013 Kremli\u00e4 l\u00e4hell\u00e4 oleva yhdistys vaatii boikottia sukukansa\u00adkokoontumisille<\/a>&nbsp;(Iltasanomat)<\/li><\/ul>\n\r\n        <\/div>\r\n    <\/div>\r\n<\/div>\n\r\n<\/div><figure class=\"wp-block-image size-large\"><img loading=\"lazy\" decoding=\"async\" width=\"1280\" height=\"325\" src=\"https:\/\/fennougria.ee\/wp-content\/uploads\/2021\/11\/maailmakongressi-toetajad_partnerid-1-1280x325.png\" alt=\"\" class=\"wp-image-47166\" srcset=\"https:\/\/fennougria.ee\/wp-content\/uploads\/2021\/11\/maailmakongressi-toetajad_partnerid-1-1280x325.png 1280w, https:\/\/fennougria.ee\/wp-content\/uploads\/2021\/11\/maailmakongressi-toetajad_partnerid-1-600x152.png 600w, https:\/\/fennougria.ee\/wp-content\/uploads\/2021\/11\/maailmakongressi-toetajad_partnerid-1-300x76.png 300w, https:\/\/fennougria.ee\/wp-content\/uploads\/2021\/11\/maailmakongressi-toetajad_partnerid-1-768x195.png 768w, https:\/\/fennougria.ee\/wp-content\/uploads\/2021\/11\/maailmakongressi-toetajad_partnerid-1-1536x390.png 1536w, https:\/\/fennougria.ee\/wp-content\/uploads\/2021\/11\/maailmakongressi-toetajad_partnerid-1-2048x520.png 2048w, https:\/\/fennougria.ee\/wp-content\/uploads\/2021\/11\/maailmakongressi-toetajad_partnerid-1-1200x305.png 1200w, https:\/\/fennougria.ee\/wp-content\/uploads\/2021\/11\/maailmakongressi-toetajad_partnerid-1-1980x503.png 1980w\" sizes=\"auto, (max-width: 1280px) 100vw, 1280px\" \/><\/figure><hr class=\"wp-block-separator\"\/>","protected":false},"excerpt":{"rendered":"<p>The main theme of the Congress will be \u201cCultural landscapes \u2013 language and mind\u201d. <\/p>\n","protected":false},"author":17,"featured_media":40146,"parent":18248,"menu_order":7,"comment_status":"closed","ping_status":"closed","template":"","meta":{"_acf_changed":false,"footnotes":""},"tags":[3301,3217,3242,3245,3246],"class_list":["post-8230","page","type-page","status-publish","has-post-thumbnail","hentry","tag-2021-en","tag-estonians-en","tag-fenno-ugria-en","tag-representative-bodies-en","tag-world-congress-en"],"acf":[],"yoast_head":"<!-- This site is optimized with the Yoast SEO plugin v27.3 - https:\/\/yoast.com\/product\/yoast-seo-wordpress\/ -->\n<title>VIII World Congress - Fenno-Ugria<\/title>\n<meta name=\"robots\" content=\"index, follow, max-snippet:-1, max-image-preview:large, max-video-preview:-1\" \/>\n<link rel=\"canonical\" href=\"https:\/\/fennougria.ee\/en\/representative-bodies\/worldcongresses\/eighth\/\" \/>\n<meta property=\"og:locale\" content=\"en_US\" \/>\n<meta property=\"og:type\" content=\"article\" \/>\n<meta property=\"og:title\" content=\"VIII World Congress - Fenno-Ugria\" \/>\n<meta property=\"og:description\" content=\"The main theme of the Congress will be \u201cCultural landscapes \u2013 language and mind\u201d.\" \/>\n<meta property=\"og:url\" content=\"https:\/\/fennougria.ee\/en\/representative-bodies\/worldcongresses\/eighth\/\" \/>\n<meta property=\"og:site_name\" content=\"Fenno-Ugria\" \/>\n<meta property=\"article:publisher\" content=\"https:\/\/www.facebook.com\/fennougria\/\" \/>\n<meta property=\"article:modified_time\" content=\"2021-11-16T09:37:53+00:00\" \/>\n<meta property=\"og:image\" content=\"https:\/\/fennougria.ee\/wp-content\/uploads\/2021\/06\/tartu2021fu_ii-paev_saaliplaan.jpg\" \/>\n\t<meta property=\"og:image:width\" content=\"640\" \/>\n\t<meta property=\"og:image:height\" content=\"480\" \/>\n\t<meta property=\"og:image:type\" content=\"image\/jpeg\" \/>\n<meta name=\"twitter:card\" content=\"summary_large_image\" \/>\n<meta name=\"twitter:label1\" content=\"Est. reading time\" \/>\n\t<meta name=\"twitter:data1\" content=\"3 minutes\" \/>\n<script type=\"application\/ld+json\" class=\"yoast-schema-graph\">{\"@context\":\"https:\\\/\\\/schema.org\",\"@graph\":[{\"@type\":\"WebPage\",\"@id\":\"https:\\\/\\\/fennougria.ee\\\/en\\\/representative-bodies\\\/worldcongresses\\\/eighth\\\/\",\"url\":\"https:\\\/\\\/fennougria.ee\\\/en\\\/representative-bodies\\\/worldcongresses\\\/eighth\\\/\",\"name\":\"VIII World Congress - Fenno-Ugria\",\"isPartOf\":{\"@id\":\"https:\\\/\\\/fennougria.ee\\\/en\\\/#website\"},\"primaryImageOfPage\":{\"@id\":\"https:\\\/\\\/fennougria.ee\\\/en\\\/representative-bodies\\\/worldcongresses\\\/eighth\\\/#primaryimage\"},\"image\":{\"@id\":\"https:\\\/\\\/fennougria.ee\\\/en\\\/representative-bodies\\\/worldcongresses\\\/eighth\\\/#primaryimage\"},\"thumbnailUrl\":\"https:\\\/\\\/fennougria.ee\\\/wp-content\\\/uploads\\\/2021\\\/06\\\/tartu2021fu_ii-paev_saaliplaan.jpg\",\"datePublished\":\"2019-05-28T05:56:17+00:00\",\"dateModified\":\"2021-11-16T09:37:53+00:00\",\"breadcrumb\":{\"@id\":\"https:\\\/\\\/fennougria.ee\\\/en\\\/representative-bodies\\\/worldcongresses\\\/eighth\\\/#breadcrumb\"},\"inLanguage\":\"en-US\",\"potentialAction\":[{\"@type\":\"ReadAction\",\"target\":[\"https:\\\/\\\/fennougria.ee\\\/en\\\/representative-bodies\\\/worldcongresses\\\/eighth\\\/\"]}]},{\"@type\":\"ImageObject\",\"inLanguage\":\"en-US\",\"@id\":\"https:\\\/\\\/fennougria.ee\\\/en\\\/representative-bodies\\\/worldcongresses\\\/eighth\\\/#primaryimage\",\"url\":\"https:\\\/\\\/fennougria.ee\\\/wp-content\\\/uploads\\\/2021\\\/06\\\/tartu2021fu_ii-paev_saaliplaan.jpg\",\"contentUrl\":\"https:\\\/\\\/fennougria.ee\\\/wp-content\\\/uploads\\\/2021\\\/06\\\/tartu2021fu_ii-paev_saaliplaan.jpg\",\"width\":640,\"height\":480},{\"@type\":\"BreadcrumbList\",\"@id\":\"https:\\\/\\\/fennougria.ee\\\/en\\\/representative-bodies\\\/worldcongresses\\\/eighth\\\/#breadcrumb\",\"itemListElement\":[{\"@type\":\"ListItem\",\"position\":1,\"name\":\"Home\",\"item\":\"https:\\\/\\\/fennougria.ee\\\/en\\\/\"},{\"@type\":\"ListItem\",\"position\":2,\"name\":\"Representative Bodies\",\"item\":\"https:\\\/\\\/fennougria.ee\\\/en\\\/representative-bodies\\\/\"},{\"@type\":\"ListItem\",\"position\":3,\"name\":\"World Congresses\",\"item\":\"https:\\\/\\\/fennougria.ee\\\/en\\\/representative-bodies\\\/worldcongresses\\\/\"},{\"@type\":\"ListItem\",\"position\":4,\"name\":\"VIII World Congress\"}]},{\"@type\":\"WebSite\",\"@id\":\"https:\\\/\\\/fennougria.ee\\\/en\\\/#website\",\"url\":\"https:\\\/\\\/fennougria.ee\\\/en\\\/\",\"name\":\"Fenno-Ugria\",\"description\":\"Koost\u00f6\u00f6s soome-ugri rahvastega aastast 1927\",\"potentialAction\":[{\"@type\":\"SearchAction\",\"target\":{\"@type\":\"EntryPoint\",\"urlTemplate\":\"https:\\\/\\\/fennougria.ee\\\/en\\\/?s={search_term_string}\"},\"query-input\":{\"@type\":\"PropertyValueSpecification\",\"valueRequired\":true,\"valueName\":\"search_term_string\"}}],\"inLanguage\":\"en-US\"}]}<\/script>\n<!-- \/ Yoast SEO plugin. -->","yoast_head_json":{"title":"VIII World Congress - Fenno-Ugria","robots":{"index":"index","follow":"follow","max-snippet":"max-snippet:-1","max-image-preview":"max-image-preview:large","max-video-preview":"max-video-preview:-1"},"canonical":"https:\/\/fennougria.ee\/en\/representative-bodies\/worldcongresses\/eighth\/","og_locale":"en_US","og_type":"article","og_title":"VIII World Congress - Fenno-Ugria","og_description":"The main theme of the Congress will be \u201cCultural landscapes \u2013 language and mind\u201d.","og_url":"https:\/\/fennougria.ee\/en\/representative-bodies\/worldcongresses\/eighth\/","og_site_name":"Fenno-Ugria","article_publisher":"https:\/\/www.facebook.com\/fennougria\/","article_modified_time":"2021-11-16T09:37:53+00:00","og_image":[{"width":640,"height":480,"url":"https:\/\/fennougria.ee\/wp-content\/uploads\/2021\/06\/tartu2021fu_ii-paev_saaliplaan.jpg","type":"image\/jpeg"}],"twitter_card":"summary_large_image","twitter_misc":{"Est. reading time":"3 minutes"},"schema":{"@context":"https:\/\/schema.org","@graph":[{"@type":"WebPage","@id":"https:\/\/fennougria.ee\/en\/representative-bodies\/worldcongresses\/eighth\/","url":"https:\/\/fennougria.ee\/en\/representative-bodies\/worldcongresses\/eighth\/","name":"VIII World Congress - Fenno-Ugria","isPartOf":{"@id":"https:\/\/fennougria.ee\/en\/#website"},"primaryImageOfPage":{"@id":"https:\/\/fennougria.ee\/en\/representative-bodies\/worldcongresses\/eighth\/#primaryimage"},"image":{"@id":"https:\/\/fennougria.ee\/en\/representative-bodies\/worldcongresses\/eighth\/#primaryimage"},"thumbnailUrl":"https:\/\/fennougria.ee\/wp-content\/uploads\/2021\/06\/tartu2021fu_ii-paev_saaliplaan.jpg","datePublished":"2019-05-28T05:56:17+00:00","dateModified":"2021-11-16T09:37:53+00:00","breadcrumb":{"@id":"https:\/\/fennougria.ee\/en\/representative-bodies\/worldcongresses\/eighth\/#breadcrumb"},"inLanguage":"en-US","potentialAction":[{"@type":"ReadAction","target":["https:\/\/fennougria.ee\/en\/representative-bodies\/worldcongresses\/eighth\/"]}]},{"@type":"ImageObject","inLanguage":"en-US","@id":"https:\/\/fennougria.ee\/en\/representative-bodies\/worldcongresses\/eighth\/#primaryimage","url":"https:\/\/fennougria.ee\/wp-content\/uploads\/2021\/06\/tartu2021fu_ii-paev_saaliplaan.jpg","contentUrl":"https:\/\/fennougria.ee\/wp-content\/uploads\/2021\/06\/tartu2021fu_ii-paev_saaliplaan.jpg","width":640,"height":480},{"@type":"BreadcrumbList","@id":"https:\/\/fennougria.ee\/en\/representative-bodies\/worldcongresses\/eighth\/#breadcrumb","itemListElement":[{"@type":"ListItem","position":1,"name":"Home","item":"https:\/\/fennougria.ee\/en\/"},{"@type":"ListItem","position":2,"name":"Representative Bodies","item":"https:\/\/fennougria.ee\/en\/representative-bodies\/"},{"@type":"ListItem","position":3,"name":"World Congresses","item":"https:\/\/fennougria.ee\/en\/representative-bodies\/worldcongresses\/"},{"@type":"ListItem","position":4,"name":"VIII World Congress"}]},{"@type":"WebSite","@id":"https:\/\/fennougria.ee\/en\/#website","url":"https:\/\/fennougria.ee\/en\/","name":"Fenno-Ugria","description":"Koost\u00f6\u00f6s soome-ugri rahvastega aastast 1927","potentialAction":[{"@type":"SearchAction","target":{"@type":"EntryPoint","urlTemplate":"https:\/\/fennougria.ee\/en\/?s={search_term_string}"},"query-input":{"@type":"PropertyValueSpecification","valueRequired":true,"valueName":"search_term_string"}}],"inLanguage":"en-US"}]}},"_links":{"self":[{"href":"https:\/\/fennougria.ee\/en\/wp-json\/wp\/v2\/pages\/8230","targetHints":{"allow":["GET"]}}],"collection":[{"href":"https:\/\/fennougria.ee\/en\/wp-json\/wp\/v2\/pages"}],"about":[{"href":"https:\/\/fennougria.ee\/en\/wp-json\/wp\/v2\/types\/page"}],"author":[{"embeddable":true,"href":"https:\/\/fennougria.ee\/en\/wp-json\/wp\/v2\/users\/17"}],"replies":[{"embeddable":true,"href":"https:\/\/fennougria.ee\/en\/wp-json\/wp\/v2\/comments?post=8230"}],"version-history":[{"count":5,"href":"https:\/\/fennougria.ee\/en\/wp-json\/wp\/v2\/pages\/8230\/revisions"}],"predecessor-version":[{"id":48052,"href":"https:\/\/fennougria.ee\/en\/wp-json\/wp\/v2\/pages\/8230\/revisions\/48052"}],"up":[{"embeddable":true,"href":"https:\/\/fennougria.ee\/en\/wp-json\/wp\/v2\/pages\/18248"}],"wp:featuredmedia":[{"embeddable":true,"href":"https:\/\/fennougria.ee\/en\/wp-json\/wp\/v2\/media\/40146"}],"wp:attachment":[{"href":"https:\/\/fennougria.ee\/en\/wp-json\/wp\/v2\/media?parent=8230"}],"wp:term":[{"taxonomy":"post_tag","embeddable":true,"href":"https:\/\/fennougria.ee\/en\/wp-json\/wp\/v2\/tags?post=8230"}],"curies":[{"name":"wp","href":"https:\/\/api.w.org\/{rel}","templated":true}]}}