{"id":7708,"date":"2016-03-29T15:26:47","date_gmt":"2016-03-29T15:26:47","guid":{"rendered":"http:\/\/fennougria.ee\/?page_id=149"},"modified":"2024-09-09T17:02:15","modified_gmt":"2024-09-09T14:02:15","slug":"supporters","status":"publish","type":"page","link":"https:\/\/fennougria.ee\/en\/grants\/lennartmerifund\/supporters\/","title":{"rendered":"Supporters"},"content":{"rendered":"<div class=\"wp-block-columns is-layout-flex wp-container-core-columns-is-layout-9d6595d7 wp-block-columns-is-layout-flex\"><div class=\"wp-block-column is-layout-flow wp-block-column-is-layout-flow\"><p>T\u00f5nu Seilenthal<br>Tiia Margus<br>Birute Klaas-Lang<br>Jaan Ross<br>Kadri Viires<br>Helle Metslang<br>Mare&nbsp;Sepp<br>Ago K\u00fcnnap<br>Kadi Sarv<br>Maia R\u00f5igas<br>Katrin Mandra<br>Ragna J\u00f5esaar<br>Margit Kuusk<br>Rein Saukas<br>Urve Talvik<br>Peeter P\u00e4ll<br>Mare Onga<br>Madis Arukask<br>Sirje \u00d5im<br>Viktoria Toth<br>Reet Kasik<br>Tuomas Johannes Huumo<br>Pille Penjam<br>Pire Teras<br>Heili Orav<\/p><\/div>\n\n<div class=\"wp-block-column is-layout-flow wp-block-column-is-layout-flow\"><p>Kersti Sepper<br>Ergo-Hart V\u00e4strik<br>K\u00fclli Habicht<br>Piret Klesment<br>\u00dclo Valk<br>Tiina Kikerpill<br>Rutt Hinrikus<br>Silvi Tenjes<br>Art Leete<br>Heli Laanekask<br>Riina Kasterpalu<br>Heiki-Jaan Kaalep<br>Mart Siimann<br>Aado Lintrop<br>Reet Kroll<br>J\u00fcri Valge<br>Kersti Lepaj\u00f5e<br>Inga Ignatyeva<br>Tiia Reimand<br>Viia-Kadi Raudalainen<br>Taisto Raudalainen<br>Juha-Matti Aronen<br>Karl Pajusalu<br>Helander Niilo Saatio<br>Rein Saukas<\/p><\/div>\n\n<div class=\"wp-block-column is-layout-flow wp-block-column-is-layout-flow\"><p>Niina Aasm\u00e4e<br>Andra Veidemann<br>Marje Joalaid<br>Mari Aakre<br>Arvo Vallikivi<br>Anu-Reet Hausenberg<br>Mart Meri<br>T\u00fc\u00fcne-Kristin Vaikla<br>Pille Kivihall<br>Nikolai Kuznetsov<br>Maret Merisaar<br>Aivar J\u00fcrgenson<br>Mare Valge<br>Reet Klettenberg<br>Alo Merilo<br>Kaire J\u00fcrgenson<br>Anne-Ly Reimaa<\/p><\/div><\/div><hr class=\"wp-block-separator\"\/><div id=\"notice-block_608e767924ff1\" class=\"my-12 my-lg-16 pt-8 pb-6 px-6 bg-gray-100 border-secondary-left notice\">\r\n    \n<p>The Waterfowl Fund accepts donations:<\/p>\n\n<p>MT\u00dc Fenno-Ugria Asutus, EE937700771000674192 in <a href=\"http:\/\/www.lhv.ee\" target=\"_blank\" rel=\"noreferrer noopener\">LHV bank<\/a> (explanation: Waterfowl Fund, their name and personal identification code).<\/p>\n\n<p>Thank you very much for your support!<\/p>\n\r\n<\/div>","protected":false},"excerpt":{"rendered":"<p>T\u00f5nu SeilenthalTiia MargusBirute Klaas-LangJaan RossKadri ViiresHelle MetslangMare&nbsp;SeppAgo K\u00fcnnapKadi SarvMaia R\u00f5igasKatrin MandraRagna J\u00f5esaarMargit KuuskRein SaukasUrve TalvikPeeter P\u00e4llMare OngaMadis ArukaskSirje \u00d5imViktoria TothReet KasikTuomas Johannes HuumoPille PenjamPire TerasHeili &hellip;<\/p>\n","protected":false},"author":1,"featured_media":24496,"parent":18250,"menu_order":3,"comment_status":"closed","ping_status":"closed","template":"","meta":{"_acf_changed":false,"footnotes":""},"tags":[],"class_list":["post-7708","page","type-page","status-publish","has-post-thumbnail","hentry"],"acf":[],"yoast_head":"<!-- This site is optimized with the Yoast SEO plugin v27.3 - https:\/\/yoast.com\/product\/yoast-seo-wordpress\/ -->\n<title>Supporters - Fenno-Ugria<\/title>\n<meta name=\"robots\" content=\"index, follow, max-snippet:-1, max-image-preview:large, max-video-preview:-1\" \/>\n<link rel=\"canonical\" href=\"https:\/\/fennougria.ee\/en\/grants\/lennartmerifund\/supporters\/\" \/>\n<meta property=\"og:locale\" content=\"en_US\" \/>\n<meta property=\"og:type\" content=\"article\" \/>\n<meta property=\"og:title\" content=\"Supporters - Fenno-Ugria\" \/>\n<meta property=\"og:description\" content=\"T\u00f5nu SeilenthalTiia MargusBirute Klaas-LangJaan RossKadri ViiresHelle MetslangMare&nbsp;SeppAgo K\u00fcnnapKadi SarvMaia R\u00f5igasKatrin MandraRagna J\u00f5esaarMargit KuuskRein SaukasUrve TalvikPeeter P\u00e4llMare OngaMadis ArukaskSirje \u00d5imViktoria TothReet KasikTuomas Johannes HuumoPille PenjamPire TerasHeili &hellip;\" \/>\n<meta property=\"og:url\" content=\"https:\/\/fennougria.ee\/en\/grants\/lennartmerifund\/supporters\/\" \/>\n<meta property=\"og:site_name\" content=\"Fenno-Ugria\" \/>\n<meta property=\"article:publisher\" content=\"https:\/\/www.facebook.com\/fennougria\/\" \/>\n<meta property=\"article:modified_time\" content=\"2024-09-09T14:02:15+00:00\" \/>\n<meta property=\"og:image\" content=\"https:\/\/fennougria.ee\/wp-content\/uploads\/2016\/11\/fenno-ugrialogohall-scaled-e1643806499407.jpg\" \/>\n\t<meta property=\"og:image:width\" content=\"2499\" \/>\n\t<meta property=\"og:image:height\" content=\"2560\" \/>\n\t<meta property=\"og:image:type\" content=\"image\/jpeg\" \/>\n<meta name=\"twitter:card\" content=\"summary_large_image\" \/>\n<meta name=\"twitter:label1\" content=\"Est. reading time\" \/>\n\t<meta name=\"twitter:data1\" content=\"2 minutes\" \/>\n<script type=\"application\/ld+json\" class=\"yoast-schema-graph\">{\"@context\":\"https:\\\/\\\/schema.org\",\"@graph\":[{\"@type\":\"WebPage\",\"@id\":\"https:\\\/\\\/fennougria.ee\\\/en\\\/grants\\\/lennartmerifund\\\/supporters\\\/\",\"url\":\"https:\\\/\\\/fennougria.ee\\\/en\\\/grants\\\/lennartmerifund\\\/supporters\\\/\",\"name\":\"Supporters - Fenno-Ugria\",\"isPartOf\":{\"@id\":\"https:\\\/\\\/fennougria.ee\\\/en\\\/#website\"},\"primaryImageOfPage\":{\"@id\":\"https:\\\/\\\/fennougria.ee\\\/en\\\/grants\\\/lennartmerifund\\\/supporters\\\/#primaryimage\"},\"image\":{\"@id\":\"https:\\\/\\\/fennougria.ee\\\/en\\\/grants\\\/lennartmerifund\\\/supporters\\\/#primaryimage\"},\"thumbnailUrl\":\"https:\\\/\\\/fennougria.ee\\\/wp-content\\\/uploads\\\/2016\\\/11\\\/fenno-ugrialogohall-scaled-e1643806499407.jpg\",\"datePublished\":\"2016-03-29T15:26:47+00:00\",\"dateModified\":\"2024-09-09T14:02:15+00:00\",\"breadcrumb\":{\"@id\":\"https:\\\/\\\/fennougria.ee\\\/en\\\/grants\\\/lennartmerifund\\\/supporters\\\/#breadcrumb\"},\"inLanguage\":\"en-US\",\"potentialAction\":[{\"@type\":\"ReadAction\",\"target\":[\"https:\\\/\\\/fennougria.ee\\\/en\\\/grants\\\/lennartmerifund\\\/supporters\\\/\"]}]},{\"@type\":\"ImageObject\",\"inLanguage\":\"en-US\",\"@id\":\"https:\\\/\\\/fennougria.ee\\\/en\\\/grants\\\/lennartmerifund\\\/supporters\\\/#primaryimage\",\"url\":\"https:\\\/\\\/fennougria.ee\\\/wp-content\\\/uploads\\\/2016\\\/11\\\/fenno-ugrialogohall-scaled-e1643806499407.jpg\",\"contentUrl\":\"https:\\\/\\\/fennougria.ee\\\/wp-content\\\/uploads\\\/2016\\\/11\\\/fenno-ugrialogohall-scaled-e1643806499407.jpg\",\"width\":2499,\"height\":2560,\"caption\":\"Kunstnikud Urmo ja T\u00fc\u00fcne-Kristin Vaikla: Veelind \\\/ fragment Fenno-Ugria logost\"},{\"@type\":\"BreadcrumbList\",\"@id\":\"https:\\\/\\\/fennougria.ee\\\/en\\\/grants\\\/lennartmerifund\\\/supporters\\\/#breadcrumb\",\"itemListElement\":[{\"@type\":\"ListItem\",\"position\":1,\"name\":\"Home\",\"item\":\"https:\\\/\\\/fennougria.ee\\\/en\\\/\"},{\"@type\":\"ListItem\",\"position\":2,\"name\":\"Grants\",\"item\":\"https:\\\/\\\/fennougria.ee\\\/en\\\/grants\\\/\"},{\"@type\":\"ListItem\",\"position\":3,\"name\":\"Lennart Meri Waterfowl Fund\",\"item\":\"https:\\\/\\\/fennougria.ee\\\/en\\\/grants\\\/lennartmerifund\\\/\"},{\"@type\":\"ListItem\",\"position\":4,\"name\":\"Supporters\"}]},{\"@type\":\"WebSite\",\"@id\":\"https:\\\/\\\/fennougria.ee\\\/en\\\/#website\",\"url\":\"https:\\\/\\\/fennougria.ee\\\/en\\\/\",\"name\":\"Fenno-Ugria\",\"description\":\"Koost\u00f6\u00f6s soome-ugri rahvastega aastast 1927\",\"potentialAction\":[{\"@type\":\"SearchAction\",\"target\":{\"@type\":\"EntryPoint\",\"urlTemplate\":\"https:\\\/\\\/fennougria.ee\\\/en\\\/?s={search_term_string}\"},\"query-input\":{\"@type\":\"PropertyValueSpecification\",\"valueRequired\":true,\"valueName\":\"search_term_string\"}}],\"inLanguage\":\"en-US\"}]}<\/script>\n<!-- \/ Yoast SEO plugin. -->","yoast_head_json":{"title":"Supporters - Fenno-Ugria","robots":{"index":"index","follow":"follow","max-snippet":"max-snippet:-1","max-image-preview":"max-image-preview:large","max-video-preview":"max-video-preview:-1"},"canonical":"https:\/\/fennougria.ee\/en\/grants\/lennartmerifund\/supporters\/","og_locale":"en_US","og_type":"article","og_title":"Supporters - Fenno-Ugria","og_description":"T\u00f5nu SeilenthalTiia MargusBirute Klaas-LangJaan RossKadri ViiresHelle MetslangMare&nbsp;SeppAgo K\u00fcnnapKadi SarvMaia R\u00f5igasKatrin MandraRagna J\u00f5esaarMargit KuuskRein SaukasUrve TalvikPeeter P\u00e4llMare OngaMadis ArukaskSirje \u00d5imViktoria TothReet KasikTuomas Johannes HuumoPille PenjamPire TerasHeili &hellip;","og_url":"https:\/\/fennougria.ee\/en\/grants\/lennartmerifund\/supporters\/","og_site_name":"Fenno-Ugria","article_publisher":"https:\/\/www.facebook.com\/fennougria\/","article_modified_time":"2024-09-09T14:02:15+00:00","og_image":[{"width":2499,"height":2560,"url":"https:\/\/fennougria.ee\/wp-content\/uploads\/2016\/11\/fenno-ugrialogohall-scaled-e1643806499407.jpg","type":"image\/jpeg"}],"twitter_card":"summary_large_image","twitter_misc":{"Est. reading time":"2 minutes"},"schema":{"@context":"https:\/\/schema.org","@graph":[{"@type":"WebPage","@id":"https:\/\/fennougria.ee\/en\/grants\/lennartmerifund\/supporters\/","url":"https:\/\/fennougria.ee\/en\/grants\/lennartmerifund\/supporters\/","name":"Supporters - Fenno-Ugria","isPartOf":{"@id":"https:\/\/fennougria.ee\/en\/#website"},"primaryImageOfPage":{"@id":"https:\/\/fennougria.ee\/en\/grants\/lennartmerifund\/supporters\/#primaryimage"},"image":{"@id":"https:\/\/fennougria.ee\/en\/grants\/lennartmerifund\/supporters\/#primaryimage"},"thumbnailUrl":"https:\/\/fennougria.ee\/wp-content\/uploads\/2016\/11\/fenno-ugrialogohall-scaled-e1643806499407.jpg","datePublished":"2016-03-29T15:26:47+00:00","dateModified":"2024-09-09T14:02:15+00:00","breadcrumb":{"@id":"https:\/\/fennougria.ee\/en\/grants\/lennartmerifund\/supporters\/#breadcrumb"},"inLanguage":"en-US","potentialAction":[{"@type":"ReadAction","target":["https:\/\/fennougria.ee\/en\/grants\/lennartmerifund\/supporters\/"]}]},{"@type":"ImageObject","inLanguage":"en-US","@id":"https:\/\/fennougria.ee\/en\/grants\/lennartmerifund\/supporters\/#primaryimage","url":"https:\/\/fennougria.ee\/wp-content\/uploads\/2016\/11\/fenno-ugrialogohall-scaled-e1643806499407.jpg","contentUrl":"https:\/\/fennougria.ee\/wp-content\/uploads\/2016\/11\/fenno-ugrialogohall-scaled-e1643806499407.jpg","width":2499,"height":2560,"caption":"Kunstnikud Urmo ja T\u00fc\u00fcne-Kristin Vaikla: Veelind \/ fragment Fenno-Ugria logost"},{"@type":"BreadcrumbList","@id":"https:\/\/fennougria.ee\/en\/grants\/lennartmerifund\/supporters\/#breadcrumb","itemListElement":[{"@type":"ListItem","position":1,"name":"Home","item":"https:\/\/fennougria.ee\/en\/"},{"@type":"ListItem","position":2,"name":"Grants","item":"https:\/\/fennougria.ee\/en\/grants\/"},{"@type":"ListItem","position":3,"name":"Lennart Meri Waterfowl Fund","item":"https:\/\/fennougria.ee\/en\/grants\/lennartmerifund\/"},{"@type":"ListItem","position":4,"name":"Supporters"}]},{"@type":"WebSite","@id":"https:\/\/fennougria.ee\/en\/#website","url":"https:\/\/fennougria.ee\/en\/","name":"Fenno-Ugria","description":"Koost\u00f6\u00f6s soome-ugri rahvastega aastast 1927","potentialAction":[{"@type":"SearchAction","target":{"@type":"EntryPoint","urlTemplate":"https:\/\/fennougria.ee\/en\/?s={search_term_string}"},"query-input":{"@type":"PropertyValueSpecification","valueRequired":true,"valueName":"search_term_string"}}],"inLanguage":"en-US"}]}},"_links":{"self":[{"href":"https:\/\/fennougria.ee\/en\/wp-json\/wp\/v2\/pages\/7708","targetHints":{"allow":["GET"]}}],"collection":[{"href":"https:\/\/fennougria.ee\/en\/wp-json\/wp\/v2\/pages"}],"about":[{"href":"https:\/\/fennougria.ee\/en\/wp-json\/wp\/v2\/types\/page"}],"author":[{"embeddable":true,"href":"https:\/\/fennougria.ee\/en\/wp-json\/wp\/v2\/users\/1"}],"replies":[{"embeddable":true,"href":"https:\/\/fennougria.ee\/en\/wp-json\/wp\/v2\/comments?post=7708"}],"version-history":[{"count":5,"href":"https:\/\/fennougria.ee\/en\/wp-json\/wp\/v2\/pages\/7708\/revisions"}],"predecessor-version":[{"id":67984,"href":"https:\/\/fennougria.ee\/en\/wp-json\/wp\/v2\/pages\/7708\/revisions\/67984"}],"up":[{"embeddable":true,"href":"https:\/\/fennougria.ee\/en\/wp-json\/wp\/v2\/pages\/18250"}],"wp:featuredmedia":[{"embeddable":true,"href":"https:\/\/fennougria.ee\/en\/wp-json\/wp\/v2\/media\/24496"}],"wp:attachment":[{"href":"https:\/\/fennougria.ee\/en\/wp-json\/wp\/v2\/media?parent=7708"}],"wp:term":[{"taxonomy":"post_tag","embeddable":true,"href":"https:\/\/fennougria.ee\/en\/wp-json\/wp\/v2\/tags?post=7708"}],"curies":[{"name":"wp","href":"https:\/\/api.w.org\/{rel}","templated":true}]}}