{"id":71191,"date":"2025-10-13T14:16:34","date_gmt":"2025-10-13T11:16:34","guid":{"rendered":"https:\/\/fennougria.ee\/?page_id=71191"},"modified":"2025-10-13T23:53:54","modified_gmt":"2025-10-13T20:53:54","slug":"kindred-peoples-day-2025","status":"publish","type":"page","link":"https:\/\/fennougria.ee\/en\/events\/finno-ugrian-days\/finno-ugrian-days-background\/kindred-peoples-day-2025\/","title":{"rendered":"Kindred Peoples&#8217; Day 2025"},"content":{"rendered":"<p>Kindred Peoples&#8217; Days, the largest celebration of Finno-Ugric peoples in Estonia, have started. We look forward to seeing you again this year to participate and perform at Kindred Peoples&#8217; Days in October.&nbsp;<\/p><p>In connection with Narva being the Finno-Ugric Capital of Culture in 2025, these will mainly take place in Narva, but the program also includes events in Tallinn and Tartu. NB! Subject to change.<\/p><p><strong>TARTU<\/strong><\/p><p><strong>Fri 10 Oct 7pm<\/strong> Kindred Peoples&#8217; Day <a href=\"https:\/\/fennougria.ee\/en\/event\/tartu-community-evening-2025\/\">community evening and traditional music concert<\/a> at Karlova Theatre (T\u00e4he 66). Mari Kum\u00f5l (Mari), V\u00e4ike Hellero (Estonian), Yumshan Gur (Udmurt), K\u00e4nnu Peal K\u00e4bi (Finno-Ugric).<\/p><p><strong>TALLINN<\/strong><\/p><p><strong>Wed 15 Oct 6-8.30pm<\/strong> poetry gaiety of the Union of Writers in the Tallinn House of Writers (Harju 1)<\/p><p><strong>Wed 15 Oct 9pm<\/strong> <a href=\"https:\/\/fennougria.ee\/en\/event\/georg-buljo-duo-concert-tallinn-2025\/\">Georg Buljo Duo (Norway, Saami) concert<\/a> at the Tallinn Art School (Kevade 4)<\/p><p><strong>Thu 30 Oct 7pm<\/strong> Finno-Ugric classics at the Rootsi-Mihkli Church of the Estonian Evangelical Lutheran Church (R\u00fc\u00fctli 9): <br>T\u00e4he-Lee Liiv (piano), Olga Voronova (violin), Yana M\u00e4gila (violin), Toomas Nestor (viola), Levi Daniel M\u00e4gila (cello)<\/p><p><strong>NARVA<\/strong><\/p><p><strong>Thu 16 Oct 2-6pm<\/strong> Fenno-Ugria&#8217;s Kindred Peoples&#8217; Day conference <a href=\"https:\/\/fennougria.ee\/en\/event\/conference-ingria-land-people-culture-2025\/\">&#8220;Ingria &#8211; land, people, culture&#8221;<\/a> on the traces of Ingrian and Finnish culture in Narva and Ida-Viru County at the Narva Town Hall (Raekoja plats 1). <br>The audience is greeted at the opening by performances of the Iloiset Yst\u00e4v\u00e4t choir of the Narva Ingrian Finnish Society and the dance group Mets\u00e4kukat of the Ida-Viru Ingrian Finnish Society.<\/p><p><strong>Thu 16 Oct 5.30pm<\/strong> opening of the fashion exhibition <a href=\"https:\/\/fennougria.ee\/en\/event\/fashion-exhibition-hoimuloim\/\">&#8220;H\u00f5imul\u00f5im&#8221;<\/a> at Narva Art Residency (Joala 18) <br>A free-of-charge bus will transport the participants of the exhibition to the Georg Buljo Duo concert.<\/p><p><strong>Thu 16 Oct 7pm<\/strong> <a href=\"https:\/\/fennougria.ee\/en\/event\/georg-buljo-duo-narva-2025\/\">Georg Buljo Duo (Norway, Saami) concert<\/a> at the lobby of the University of Tartu Narva College (Raekoja plats 2)<\/p><p><strong>Fri 17 Oct 12-4.30pm<\/strong> Kindred Peoples&#8217; Day literature conference <a href=\"https:\/\/fennougria.ee\/en\/event\/conference-freedom-viii-narva-2025\/\">&#8220;The concept of &#8216;freedom&#8217; in East European literatures VIII&#8221;<\/a> at the University of Tartu Narva College (Raekoja plats 2). <br>Organiser: Szil\u00e1rd Tibor T\u00f3th.<\/p><p><strong>Fri 17 Oct 5pm<\/strong> opening of the exhibition &#8220;Mune veelinnu pesast&#8221; (Eggs from the Nest of the Water Bird) by T\u00f5nu Seilenthal, professor emeritus at the University of Tartu and linguist, at the Rugodiv Cultural Centre (Pu\u0161kini 8) with the author in attendance. <br>Anna Makeev and members of the Tallinn Mari Society and the Tartu Mari Union will welcome the audience with songs and dances.<\/p><p><strong>Fri 17 Oct 6pm<\/strong> screening of the film &#8220;Veelinnurahvas&#8221; (&#8220;The Waterfowl People&#8221;) in the small hall of Rugodiv Cultural Centre (Pu\u0161kini 8)<\/p><p><strong>Sat 18 Oct 4-6.30pm<\/strong> <a href=\"https:\/\/fennougria.ee\/en\/event\/kindred-peoples-day-concert-narva-2025\/\">Kindred Peoples&#8217; Day concert &#8220;Ida-Viru &#8211; our Ingria&#8221;<\/a> at the Rugodiv Cultural Centre (Pu\u0161kini 8):<br>Performers: Oshmes (Udmurt), Suprjadki (Estonian, Votic), D\u00e4nkki Briha (Karelian, Finnish), Ar God (Estonian-Udmurt), Lolav! (Komi), Anna Makeev &amp; Co (Mari), P\u00e1ntlika (Hungarian, in cooperation with the Liszt Institute), Natalia Abrosimova (Erzya)<\/p><p><strong>Sat 18 Oct 8pm<\/strong> <a href=\"https:\/\/fennougria.ee\/en\/event\/finno-ugric-beats-2025\/\">Finno-Ugric Beats<\/a> \/ ending of the day at Club Ro-Ro (J\u00f5e 3):<br>D\u00e4nkki Briha (Finland), P\u00e1ntlika (Hungary, in cooperation with the Liszt Institute); DJs Daysleeper, Kaspar Jassa and Janno Z\u00f5bin<\/p><p><strong>Thu 23 Oct 4-7pm<\/strong> <a href=\"https:\/\/fennougria.ee\/en\/event\/finno-ugric-wikipedia-workshop\/\">Finno-Ugric Wikipedia workshop<\/a> at the University of Tartu (Jakobi 2-423):<br>Organisers: H\u00f5imul\u00f5imed, University of Tartu Institute of Estonian and General Linguistics, Wikimedia Estonia<\/p><p><strong>FINNO-UGRIC CLUB NIGHTS:<\/strong><\/p><p><strong>Fri 24 Oct 8pm<\/strong> Maustetyt\u00f6t (Finland), Avemaria (Estonia) at Tartu Genialistide Klubi (Magasini 5)<\/p><p><strong>Sat 25 Oct 8pm<\/strong> Maustetyt\u00f6t (Finland), Avemaria (Estonia) at Tallinn Paavli Kultuurivabrik (Paavli 7)<\/p><figure class=\"wp-block-image size-large\"><img loading=\"lazy\" decoding=\"async\" width=\"1280\" height=\"714\" src=\"https:\/\/fennougria.ee\/wp-content\/uploads\/2025\/09\/hoimupaevad_pohi-02-1280x714.jpg\" alt=\"h\u00f5imup\u00e4evad\" class=\"wp-image-70709\" srcset=\"https:\/\/fennougria.ee\/wp-content\/uploads\/2025\/09\/hoimupaevad_pohi-02-1280x714.jpg 1280w, https:\/\/fennougria.ee\/wp-content\/uploads\/2025\/09\/hoimupaevad_pohi-02-600x335.jpg 600w, https:\/\/fennougria.ee\/wp-content\/uploads\/2025\/09\/hoimupaevad_pohi-02-300x167.jpg 300w, https:\/\/fennougria.ee\/wp-content\/uploads\/2025\/09\/hoimupaevad_pohi-02-768x428.jpg 768w, https:\/\/fennougria.ee\/wp-content\/uploads\/2025\/09\/hoimupaevad_pohi-02-1536x856.jpg 1536w, https:\/\/fennougria.ee\/wp-content\/uploads\/2025\/09\/hoimupaevad_pohi-02-2048x1142.jpg 2048w, https:\/\/fennougria.ee\/wp-content\/uploads\/2025\/09\/hoimupaevad_pohi-02-1200x669.jpg 1200w, https:\/\/fennougria.ee\/wp-content\/uploads\/2025\/09\/hoimupaevad_pohi-02-1980x1104.jpg 1980w\" sizes=\"auto, (max-width: 1280px) 100vw, 1280px\" \/><\/figure><p>Supported by the Ministry of Culture, the Cultural Endowment, the Kindred Peoples&#8217; Programme, the City of Tallinn, and the Liszt Institute; events in Narva are supported by the Just Transition Fund.<\/p><figure class=\"wp-block-gallery has-nested-images columns-6 wp-block-gallery-1 is-layout-flex wp-block-gallery-is-layout-flex\"><figure class=\"wp-block-image size-large\"><img loading=\"lazy\" decoding=\"async\" width=\"1280\" height=\"425\" data-id=\"45963\" src=\"https:\/\/fennougria.ee\/wp-content\/uploads\/2021\/10\/ev-kultuuriministeerium-1280x425.png\" alt=\"\" class=\"wp-image-45963\" srcset=\"https:\/\/fennougria.ee\/wp-content\/uploads\/2021\/10\/ev-kultuuriministeerium-1280x425.png 1280w, https:\/\/fennougria.ee\/wp-content\/uploads\/2021\/10\/ev-kultuuriministeerium-600x199.png 600w, https:\/\/fennougria.ee\/wp-content\/uploads\/2021\/10\/ev-kultuuriministeerium-300x100.png 300w, https:\/\/fennougria.ee\/wp-content\/uploads\/2021\/10\/ev-kultuuriministeerium-768x255.png 768w, https:\/\/fennougria.ee\/wp-content\/uploads\/2021\/10\/ev-kultuuriministeerium-1536x510.png 1536w, https:\/\/fennougria.ee\/wp-content\/uploads\/2021\/10\/ev-kultuuriministeerium-1200x398.png 1200w, https:\/\/fennougria.ee\/wp-content\/uploads\/2021\/10\/ev-kultuuriministeerium-1980x657.png 1980w, https:\/\/fennougria.ee\/wp-content\/uploads\/2021\/10\/ev-kultuuriministeerium.png 2024w\" sizes=\"auto, (max-width: 1280px) 100vw, 1280px\" \/><\/figure>\n\n<figure class=\"wp-block-image size-large\"><img loading=\"lazy\" decoding=\"async\" width=\"1104\" height=\"720\" data-id=\"855\" src=\"https:\/\/fennougria.ee\/wp-content\/uploads\/2016\/05\/HPlogo-1104x720.jpg\" alt=\"v\u00e4ike\" class=\"wp-image-855\" srcset=\"https:\/\/fennougria.ee\/wp-content\/uploads\/2016\/05\/HPlogo-1104x720.jpg 1104w, https:\/\/fennougria.ee\/wp-content\/uploads\/2016\/05\/HPlogo-600x391.jpg 600w, https:\/\/fennougria.ee\/wp-content\/uploads\/2016\/05\/HPlogo-300x196.jpg 300w, https:\/\/fennougria.ee\/wp-content\/uploads\/2016\/05\/HPlogo-768x501.jpg 768w, https:\/\/fennougria.ee\/wp-content\/uploads\/2016\/05\/HPlogo-1536x1002.jpg 1536w, https:\/\/fennougria.ee\/wp-content\/uploads\/2016\/05\/HPlogo-1200x783.jpg 1200w, https:\/\/fennougria.ee\/wp-content\/uploads\/2016\/05\/HPlogo-150x98.jpg 150w, https:\/\/fennougria.ee\/wp-content\/uploads\/2016\/05\/HPlogo-1024x668.jpg 1024w, https:\/\/fennougria.ee\/wp-content\/uploads\/2016\/05\/HPlogo-1980x1291.jpg 1980w, https:\/\/fennougria.ee\/wp-content\/uploads\/2016\/05\/HPlogo-1568x1023.jpg 1568w, https:\/\/fennougria.ee\/wp-content\/uploads\/2016\/05\/HPlogo.jpg 2013w\" sizes=\"auto, (max-width: 1104px) 100vw, 1104px\" \/><\/figure>\n\n<figure class=\"wp-block-image size-large\"><img loading=\"lazy\" decoding=\"async\" width=\"1063\" height=\"591\" data-id=\"853\" src=\"https:\/\/fennougria.ee\/wp-content\/uploads\/2016\/05\/Kultuurkapital.jpg\" alt=\"\" class=\"wp-image-853\" srcset=\"https:\/\/fennougria.ee\/wp-content\/uploads\/2016\/05\/Kultuurkapital.jpg 1063w, https:\/\/fennougria.ee\/wp-content\/uploads\/2016\/05\/Kultuurkapital-600x334.jpg 600w, https:\/\/fennougria.ee\/wp-content\/uploads\/2016\/05\/Kultuurkapital-300x167.jpg 300w, https:\/\/fennougria.ee\/wp-content\/uploads\/2016\/05\/Kultuurkapital-768x427.jpg 768w, https:\/\/fennougria.ee\/wp-content\/uploads\/2016\/05\/Kultuurkapital-150x83.jpg 150w, https:\/\/fennougria.ee\/wp-content\/uploads\/2016\/05\/Kultuurkapital-1024x569.jpg 1024w\" sizes=\"auto, (max-width: 1063px) 100vw, 1063px\" \/><figcaption class=\"wp-element-caption\">\n<\/figcaption><\/figure>\n\n<figure class=\"wp-block-image size-large\"><img loading=\"lazy\" decoding=\"async\" width=\"391\" height=\"720\" data-id=\"70771\" src=\"https:\/\/fennougria.ee\/wp-content\/uploads\/2025\/09\/kaasrahastanud_el_kaksiklogod_est_ver_color_rgb-391x720.jpg\" alt=\"\" class=\"wp-image-70771\" srcset=\"https:\/\/fennougria.ee\/wp-content\/uploads\/2025\/09\/kaasrahastanud_el_kaksiklogod_est_ver_color_rgb-391x720.jpg 391w, https:\/\/fennougria.ee\/wp-content\/uploads\/2025\/09\/kaasrahastanud_el_kaksiklogod_est_ver_color_rgb-217x400.jpg 217w, https:\/\/fennougria.ee\/wp-content\/uploads\/2025\/09\/kaasrahastanud_el_kaksiklogod_est_ver_color_rgb-109x200.jpg 109w, https:\/\/fennougria.ee\/wp-content\/uploads\/2025\/09\/kaasrahastanud_el_kaksiklogod_est_ver_color_rgb.jpg 586w\" sizes=\"auto, (max-width: 391px) 100vw, 391px\" \/><\/figure>\n\n<figure class=\"wp-block-image size-large\"><img loading=\"lazy\" decoding=\"async\" width=\"1209\" height=\"485\" data-id=\"68355\" src=\"https:\/\/fennougria.ee\/wp-content\/uploads\/2024\/10\/liszti-instituut.jpg\" alt=\"\" class=\"wp-image-68355\" srcset=\"https:\/\/fennougria.ee\/wp-content\/uploads\/2024\/10\/liszti-instituut.jpg 1209w, https:\/\/fennougria.ee\/wp-content\/uploads\/2024\/10\/liszti-instituut-600x241.jpg 600w, https:\/\/fennougria.ee\/wp-content\/uploads\/2024\/10\/liszti-instituut-300x120.jpg 300w, https:\/\/fennougria.ee\/wp-content\/uploads\/2024\/10\/liszti-instituut-768x308.jpg 768w, https:\/\/fennougria.ee\/wp-content\/uploads\/2024\/10\/liszti-instituut-1200x481.jpg 1200w\" sizes=\"auto, (max-width: 1209px) 100vw, 1209px\" \/><\/figure>\n\n<figure class=\"wp-block-image size-large\"><img loading=\"lazy\" decoding=\"async\" width=\"1280\" height=\"388\" data-id=\"70777\" src=\"https:\/\/fennougria.ee\/wp-content\/uploads\/2025\/09\/tallinn_logo_rgb-1280x388.png\" alt=\"\" class=\"wp-image-70777\" srcset=\"https:\/\/fennougria.ee\/wp-content\/uploads\/2025\/09\/tallinn_logo_rgb-1280x388.png 1280w, https:\/\/fennougria.ee\/wp-content\/uploads\/2025\/09\/tallinn_logo_rgb-600x182.png 600w, https:\/\/fennougria.ee\/wp-content\/uploads\/2025\/09\/tallinn_logo_rgb-300x91.png 300w, https:\/\/fennougria.ee\/wp-content\/uploads\/2025\/09\/tallinn_logo_rgb-768x233.png 768w, https:\/\/fennougria.ee\/wp-content\/uploads\/2025\/09\/tallinn_logo_rgb-1536x465.png 1536w, https:\/\/fennougria.ee\/wp-content\/uploads\/2025\/09\/tallinn_logo_rgb-1200x364.png 1200w, https:\/\/fennougria.ee\/wp-content\/uploads\/2025\/09\/tallinn_logo_rgb.png 1921w\" sizes=\"auto, (max-width: 1280px) 100vw, 1280px\" \/><\/figure><\/figure><div class=\"my-12 my-md-16 px-4 pt-6 border-primary-top content-section\">\r\n    \n<p>FURTHER INFORMATION:<\/p>\n\n<p>Janno Z\u00f5bin<br><a href=\"mailto:janno@fennougria.ee\">janno@fennougria.ee<\/a> <br>Project Manager of Fenno-Ugria Foundation<br>Tel. +372 566 11 346<\/p>\n\r\n<\/div>","protected":false},"excerpt":{"rendered":"<p>Kindred Peoples&#8217; Days, the largest celebration of Finno-Ugric peoples in Estonia, have started. We look forward to seeing you again this year to participate and &hellip;<\/p>\n","protected":false},"author":22,"featured_media":70709,"parent":18245,"menu_order":-2,"comment_status":"closed","ping_status":"closed","template":"","meta":{"_acf_changed":false,"footnotes":""},"tags":[3242,3282],"class_list":["post-71191","page","type-page","status-publish","has-post-thumbnail","hentry","tag-fenno-ugria-en","tag-finno-ugric-days-en"],"acf":[],"yoast_head":"<!-- This site is optimized with the Yoast SEO plugin v26.8 - https:\/\/yoast.com\/product\/yoast-seo-wordpress\/ -->\n<title>Kindred Peoples&#039; Day 2025 - Fenno-Ugria<\/title>\n<meta name=\"robots\" content=\"index, follow, max-snippet:-1, max-image-preview:large, max-video-preview:-1\" \/>\n<link rel=\"canonical\" href=\"https:\/\/fennougria.ee\/en\/events\/finno-ugrian-days\/finno-ugrian-days-background\/kindred-peoples-day-2025\/\" \/>\n<meta property=\"og:locale\" content=\"en_US\" \/>\n<meta property=\"og:type\" content=\"article\" \/>\n<meta property=\"og:title\" content=\"Kindred Peoples&#039; Day 2025 - Fenno-Ugria\" \/>\n<meta property=\"og:description\" content=\"Kindred Peoples&#8217; Days, the largest celebration of Finno-Ugric peoples in Estonia, have started. We look forward to seeing you again this year to participate and &hellip;\" \/>\n<meta property=\"og:url\" content=\"https:\/\/fennougria.ee\/en\/events\/finno-ugrian-days\/finno-ugrian-days-background\/kindred-peoples-day-2025\/\" \/>\n<meta property=\"og:site_name\" content=\"Fenno-Ugria\" \/>\n<meta property=\"article:publisher\" content=\"https:\/\/www.facebook.com\/fennougria\/\" \/>\n<meta property=\"article:modified_time\" content=\"2025-10-13T20:53:54+00:00\" \/>\n<meta property=\"og:image\" content=\"https:\/\/fennougria.ee\/wp-content\/uploads\/2025\/09\/hoimupaevad_pohi-02-scaled.jpg\" \/>\n\t<meta property=\"og:image:width\" content=\"2560\" \/>\n\t<meta property=\"og:image:height\" content=\"1427\" \/>\n\t<meta property=\"og:image:type\" content=\"image\/jpeg\" \/>\n<meta name=\"twitter:card\" content=\"summary_large_image\" \/>\n<meta name=\"twitter:label1\" content=\"Est. reading time\" \/>\n\t<meta name=\"twitter:data1\" content=\"5 minutes\" \/>\n<script type=\"application\/ld+json\" class=\"yoast-schema-graph\">{\"@context\":\"https:\/\/schema.org\",\"@graph\":[{\"@type\":\"WebPage\",\"@id\":\"https:\/\/fennougria.ee\/en\/events\/finno-ugrian-days\/finno-ugrian-days-background\/kindred-peoples-day-2025\/\",\"url\":\"https:\/\/fennougria.ee\/en\/events\/finno-ugrian-days\/finno-ugrian-days-background\/kindred-peoples-day-2025\/\",\"name\":\"Kindred Peoples' Day 2025 - Fenno-Ugria\",\"isPartOf\":{\"@id\":\"https:\/\/fennougria.ee\/en\/#website\"},\"primaryImageOfPage\":{\"@id\":\"https:\/\/fennougria.ee\/en\/events\/finno-ugrian-days\/finno-ugrian-days-background\/kindred-peoples-day-2025\/#primaryimage\"},\"image\":{\"@id\":\"https:\/\/fennougria.ee\/en\/events\/finno-ugrian-days\/finno-ugrian-days-background\/kindred-peoples-day-2025\/#primaryimage\"},\"thumbnailUrl\":\"https:\/\/fennougria.ee\/wp-content\/uploads\/2025\/09\/hoimupaevad_pohi-02-scaled.jpg\",\"datePublished\":\"2025-10-13T11:16:34+00:00\",\"dateModified\":\"2025-10-13T20:53:54+00:00\",\"breadcrumb\":{\"@id\":\"https:\/\/fennougria.ee\/en\/events\/finno-ugrian-days\/finno-ugrian-days-background\/kindred-peoples-day-2025\/#breadcrumb\"},\"inLanguage\":\"en-US\",\"potentialAction\":[{\"@type\":\"ReadAction\",\"target\":[\"https:\/\/fennougria.ee\/en\/events\/finno-ugrian-days\/finno-ugrian-days-background\/kindred-peoples-day-2025\/\"]}]},{\"@type\":\"ImageObject\",\"inLanguage\":\"en-US\",\"@id\":\"https:\/\/fennougria.ee\/en\/events\/finno-ugrian-days\/finno-ugrian-days-background\/kindred-peoples-day-2025\/#primaryimage\",\"url\":\"https:\/\/fennougria.ee\/wp-content\/uploads\/2025\/09\/hoimupaevad_pohi-02-scaled.jpg\",\"contentUrl\":\"https:\/\/fennougria.ee\/wp-content\/uploads\/2025\/09\/hoimupaevad_pohi-02-scaled.jpg\",\"width\":2560,\"height\":1427,\"caption\":\"h\u00f5imup\u00e4evad\"},{\"@type\":\"BreadcrumbList\",\"@id\":\"https:\/\/fennougria.ee\/en\/events\/finno-ugrian-days\/finno-ugrian-days-background\/kindred-peoples-day-2025\/#breadcrumb\",\"itemListElement\":[{\"@type\":\"ListItem\",\"position\":1,\"name\":\"Home\",\"item\":\"https:\/\/fennougria.ee\/en\/\"},{\"@type\":\"ListItem\",\"position\":2,\"name\":\"Events&#038;Projects\",\"item\":\"https:\/\/fennougria.ee\/en\/events\/\"},{\"@type\":\"ListItem\",\"position\":3,\"name\":\"Finno-Ugrian Days\",\"item\":\"https:\/\/fennougria.ee\/en\/events\/finno-ugrian-days\/\"},{\"@type\":\"ListItem\",\"position\":4,\"name\":\"General information\",\"item\":\"https:\/\/fennougria.ee\/en\/events\/finno-ugrian-days\/finno-ugrian-days-background\/\"},{\"@type\":\"ListItem\",\"position\":5,\"name\":\"Kindred Peoples&#8217; Day 2025\"}]},{\"@type\":\"WebSite\",\"@id\":\"https:\/\/fennougria.ee\/en\/#website\",\"url\":\"https:\/\/fennougria.ee\/en\/\",\"name\":\"Fenno-Ugria\",\"description\":\"Koost\u00f6\u00f6s soome-ugri rahvastega aastast 1927\",\"potentialAction\":[{\"@type\":\"SearchAction\",\"target\":{\"@type\":\"EntryPoint\",\"urlTemplate\":\"https:\/\/fennougria.ee\/en\/?s={search_term_string}\"},\"query-input\":{\"@type\":\"PropertyValueSpecification\",\"valueRequired\":true,\"valueName\":\"search_term_string\"}}],\"inLanguage\":\"en-US\"}]}<\/script>\n<!-- \/ Yoast SEO plugin. -->","yoast_head_json":{"title":"Kindred Peoples' Day 2025 - Fenno-Ugria","robots":{"index":"index","follow":"follow","max-snippet":"max-snippet:-1","max-image-preview":"max-image-preview:large","max-video-preview":"max-video-preview:-1"},"canonical":"https:\/\/fennougria.ee\/en\/events\/finno-ugrian-days\/finno-ugrian-days-background\/kindred-peoples-day-2025\/","og_locale":"en_US","og_type":"article","og_title":"Kindred Peoples' Day 2025 - Fenno-Ugria","og_description":"Kindred Peoples&#8217; Days, the largest celebration of Finno-Ugric peoples in Estonia, have started. We look forward to seeing you again this year to participate and &hellip;","og_url":"https:\/\/fennougria.ee\/en\/events\/finno-ugrian-days\/finno-ugrian-days-background\/kindred-peoples-day-2025\/","og_site_name":"Fenno-Ugria","article_publisher":"https:\/\/www.facebook.com\/fennougria\/","article_modified_time":"2025-10-13T20:53:54+00:00","og_image":[{"width":2560,"height":1427,"url":"https:\/\/fennougria.ee\/wp-content\/uploads\/2025\/09\/hoimupaevad_pohi-02-scaled.jpg","type":"image\/jpeg"}],"twitter_card":"summary_large_image","twitter_misc":{"Est. reading time":"5 minutes"},"schema":{"@context":"https:\/\/schema.org","@graph":[{"@type":"WebPage","@id":"https:\/\/fennougria.ee\/en\/events\/finno-ugrian-days\/finno-ugrian-days-background\/kindred-peoples-day-2025\/","url":"https:\/\/fennougria.ee\/en\/events\/finno-ugrian-days\/finno-ugrian-days-background\/kindred-peoples-day-2025\/","name":"Kindred Peoples' Day 2025 - Fenno-Ugria","isPartOf":{"@id":"https:\/\/fennougria.ee\/en\/#website"},"primaryImageOfPage":{"@id":"https:\/\/fennougria.ee\/en\/events\/finno-ugrian-days\/finno-ugrian-days-background\/kindred-peoples-day-2025\/#primaryimage"},"image":{"@id":"https:\/\/fennougria.ee\/en\/events\/finno-ugrian-days\/finno-ugrian-days-background\/kindred-peoples-day-2025\/#primaryimage"},"thumbnailUrl":"https:\/\/fennougria.ee\/wp-content\/uploads\/2025\/09\/hoimupaevad_pohi-02-scaled.jpg","datePublished":"2025-10-13T11:16:34+00:00","dateModified":"2025-10-13T20:53:54+00:00","breadcrumb":{"@id":"https:\/\/fennougria.ee\/en\/events\/finno-ugrian-days\/finno-ugrian-days-background\/kindred-peoples-day-2025\/#breadcrumb"},"inLanguage":"en-US","potentialAction":[{"@type":"ReadAction","target":["https:\/\/fennougria.ee\/en\/events\/finno-ugrian-days\/finno-ugrian-days-background\/kindred-peoples-day-2025\/"]}]},{"@type":"ImageObject","inLanguage":"en-US","@id":"https:\/\/fennougria.ee\/en\/events\/finno-ugrian-days\/finno-ugrian-days-background\/kindred-peoples-day-2025\/#primaryimage","url":"https:\/\/fennougria.ee\/wp-content\/uploads\/2025\/09\/hoimupaevad_pohi-02-scaled.jpg","contentUrl":"https:\/\/fennougria.ee\/wp-content\/uploads\/2025\/09\/hoimupaevad_pohi-02-scaled.jpg","width":2560,"height":1427,"caption":"h\u00f5imup\u00e4evad"},{"@type":"BreadcrumbList","@id":"https:\/\/fennougria.ee\/en\/events\/finno-ugrian-days\/finno-ugrian-days-background\/kindred-peoples-day-2025\/#breadcrumb","itemListElement":[{"@type":"ListItem","position":1,"name":"Home","item":"https:\/\/fennougria.ee\/en\/"},{"@type":"ListItem","position":2,"name":"Events&#038;Projects","item":"https:\/\/fennougria.ee\/en\/events\/"},{"@type":"ListItem","position":3,"name":"Finno-Ugrian Days","item":"https:\/\/fennougria.ee\/en\/events\/finno-ugrian-days\/"},{"@type":"ListItem","position":4,"name":"General information","item":"https:\/\/fennougria.ee\/en\/events\/finno-ugrian-days\/finno-ugrian-days-background\/"},{"@type":"ListItem","position":5,"name":"Kindred Peoples&#8217; Day 2025"}]},{"@type":"WebSite","@id":"https:\/\/fennougria.ee\/en\/#website","url":"https:\/\/fennougria.ee\/en\/","name":"Fenno-Ugria","description":"Koost\u00f6\u00f6s soome-ugri rahvastega aastast 1927","potentialAction":[{"@type":"SearchAction","target":{"@type":"EntryPoint","urlTemplate":"https:\/\/fennougria.ee\/en\/?s={search_term_string}"},"query-input":{"@type":"PropertyValueSpecification","valueRequired":true,"valueName":"search_term_string"}}],"inLanguage":"en-US"}]}},"_links":{"self":[{"href":"https:\/\/fennougria.ee\/en\/wp-json\/wp\/v2\/pages\/71191","targetHints":{"allow":["GET"]}}],"collection":[{"href":"https:\/\/fennougria.ee\/en\/wp-json\/wp\/v2\/pages"}],"about":[{"href":"https:\/\/fennougria.ee\/en\/wp-json\/wp\/v2\/types\/page"}],"author":[{"embeddable":true,"href":"https:\/\/fennougria.ee\/en\/wp-json\/wp\/v2\/users\/22"}],"replies":[{"embeddable":true,"href":"https:\/\/fennougria.ee\/en\/wp-json\/wp\/v2\/comments?post=71191"}],"version-history":[{"count":5,"href":"https:\/\/fennougria.ee\/en\/wp-json\/wp\/v2\/pages\/71191\/revisions"}],"predecessor-version":[{"id":71227,"href":"https:\/\/fennougria.ee\/en\/wp-json\/wp\/v2\/pages\/71191\/revisions\/71227"}],"up":[{"embeddable":true,"href":"https:\/\/fennougria.ee\/en\/wp-json\/wp\/v2\/pages\/18245"}],"wp:featuredmedia":[{"embeddable":true,"href":"https:\/\/fennougria.ee\/en\/wp-json\/wp\/v2\/media\/70709"}],"wp:attachment":[{"href":"https:\/\/fennougria.ee\/en\/wp-json\/wp\/v2\/media?parent=71191"}],"wp:term":[{"taxonomy":"post_tag","embeddable":true,"href":"https:\/\/fennougria.ee\/en\/wp-json\/wp\/v2\/tags?post=71191"}],"curies":[{"name":"wp","href":"https:\/\/api.w.org\/{rel}","templated":true}]}}