{"id":50972,"date":"2021-09-21T18:26:30","date_gmt":"2021-09-21T15:26:30","guid":{"rendered":"https:\/\/fennougria.ee\/finno-ugrian-days-background\/hoimupaevad-2021\/"},"modified":"2022-06-08T10:54:34","modified_gmt":"2022-06-08T07:54:34","slug":"finno-ugrian-days-2021","status":"publish","type":"page","link":"https:\/\/fennougria.ee\/en\/events\/finno-ugrian-days\/finno-ugrian-days-background\/finno-ugrian-days-2021\/","title":{"rendered":"Finno-Ugrian Days 2021"},"content":{"rendered":"<div class=\"wp-block-columns is-layout-flex wp-container-core-columns-is-layout-9d6595d7 wp-block-columns-is-layout-flex\"><div class=\"wp-block-column is-layout-flow wp-block-column-is-layout-flow\" style=\"flex-basis:66.66%\"><pre class=\"wp-block-verse\">This year's main theme is \"Indigenous Peoples and Nature\"\nFinno-Ugrian Days belong to the list of\u00a0<a href=\"http:\/\/www.cioff.org\/events-festivals.cfm\" target=\"_blank\" rel=\"noreferrer noopener\">CIOFF festivals<\/a>.\u00a0<\/pre>\n\n<div class=\"wp-block-buttons is-layout-flex wp-block-buttons-is-layout-flex\"><div class=\"wp-block-button is-style-outline is-style-outline--1\"><a class=\"wp-block-button__link\" href=\"https:\/\/www.flickr.com\/photos\/fennougria\/albums\/72157720099127745\" target=\"_blank\" rel=\"noreferrer noopener\">Photo Gallery<\/a><\/div>\n\n<div class=\"wp-block-button\"><a class=\"wp-block-button__link\" href=\"https:\/\/www.youtube.com\/hashtag\/h%C3%B5imup%C3%A4evad\" target=\"_blank\" rel=\"noreferrer noopener\">Videos<\/a><\/div><\/div>\n\n<div class=\"accordion my-10 border-top\" id=\"accordion-block_60897b46d50aa\">\r\n    \n<div class=\"card border-bottom\">\r\n    <div class=\"card-header p-0\" id=\"accordion-heading-block_60897d0a1db29\">\r\n        <button class=\"btn d-flex align-items-center w-100 text-left collapsed border-0 p-0 item-title\" type=\"button\" data-toggle=\"collapse\" data-target=\"#accordion-item-block_60897d0a1db29\" aria-expanded=\"false\" aria-controls=\"accordion-item-block_60897d0a1db29\">\r\n            <span class=\"h3 my-4 ml-2 mr-4 d-inline-block text-body\">Supporters and Partners<\/span>\r\n        <\/button>\r\n    <\/div>\r\n    <div id=\"accordion-item-block_60897d0a1db29\" class=\"collapse\" aria-labelledby=\"accordion-heading-block_60897d0a1db29\">\r\n        <div class=\"card-body pt-0 pl-8 pr-4 pb-6 pb-md-10\">\r\n            \n<h6 id=\"heading-5ab46519\">Supporters:<\/h6>\n\n<p>Estonian Cultural Endowment, Kindred Peoples\u00b4 Programme of Ministry of Education and Science, Tallinn culture board, City of Tartu, The Hungarian Institute\/Balassi Institute, NKA.<\/p>\n\n<h6 id=\"heading-716254ce\">Partners:<\/h6>\n\n<p>Estonian National Museum, Estonian Folklore Council, Institute of Estonian Language, Estonian Writers\u00b4 Union, Chamber Musicians, Estonian Traditional Music Center<\/p>\n\r\n        <\/div>\r\n    <\/div>\r\n<\/div>\n\n<div class=\"card border-bottom\">\r\n    <div class=\"card-header p-0\" id=\"accordion-heading-block_60897b47d50ab\">\r\n        <button class=\"btn d-flex align-items-center w-100 text-left collapsed border-0 p-0 item-title\" type=\"button\" data-toggle=\"collapse\" data-target=\"#accordion-item-block_60897b47d50ab\" aria-expanded=\"false\" aria-controls=\"accordion-item-block_60897b47d50ab\">\r\n            <span class=\"h3 my-4 ml-2 mr-4 d-inline-block text-body\">Background<\/span>\r\n        <\/button>\r\n    <\/div>\r\n    <div id=\"accordion-item-block_60897b47d50ab\" class=\"collapse\" aria-labelledby=\"accordion-heading-block_60897b47d50ab\">\r\n        <div class=\"card-body pt-0 pl-8 pr-4 pb-6 pb-md-10\">\r\n            \n<p>Finno-Ugrian Days, which have been celebrated since 1928, have developed into one of the most important series of events that acquaint the wider public with Finno-Ugric peoples and strengthens the ties between them.<\/p>\n\n<p>According to a decision made by the 4<sup>th<\/sup> Finno-Ugric Cultural Congress in Helsinki in 1931, Finno-Ugrian Days are held annually on the third weekend of October in Estonia, Finland, and Hungary. Over the last few years, Finno-Ugric events have also been organized at this time in Russia\u2019s Finno-Ugric regions.<\/p>\n\n<p>In February 2011, the Riigikogu (Estonian parliament) approved a bill that deemed Finno-Ugrian Day a national day to be marked on the third Saturday of October. The Estonian flag is to be flown on that day.<\/p>\n\n<p>In Estonia, one can attend concerts of Finno-Ugric music, films and literary events as part of the Finno-Ugrian Days organized by NGO Fenno-Ugria.&nbsp; Many musicians, writers, artists, and other guests from Russia\u2019s Finno-Ugric areas, as well as from Finland and Hungary visit these events.<\/p>\n\n<p>The main events of Finno-Ugrian Days are traditionally held in Tallinn and Tartu, but Finno-Ugric performers travel all across Estonia during this week of October, visiting schools and local cultural centers.<\/p>\n\r\n        <\/div>\r\n    <\/div>\r\n<\/div>\n\n<div class=\"card border-bottom\">\r\n    <div class=\"card-header p-0\" id=\"accordion-heading-block_60897c21d50ac\">\r\n        <button class=\"btn d-flex align-items-center w-100 text-left collapsed border-0 p-0 item-title\" type=\"button\" data-toggle=\"collapse\" data-target=\"#accordion-item-block_60897c21d50ac\" aria-expanded=\"false\" aria-controls=\"accordion-item-block_60897c21d50ac\">\r\n            <span class=\"h3 my-4 ml-2 mr-4 d-inline-block text-body\">Aims<\/span>\r\n        <\/button>\r\n    <\/div>\r\n    <div id=\"accordion-item-block_60897c21d50ac\" class=\"collapse\" aria-labelledby=\"accordion-heading-block_60897c21d50ac\">\r\n        <div class=\"card-body pt-0 pl-8 pr-4 pb-6 pb-md-10\">\r\n            \n<p>The aim of Finno-Ugrian Days is cultural and educational cooperation between Estonia, Finland, Hungary and Finno-Ugric peoples living in Russia. As well as to introduce kindred peoples of the wider audience to each other and to strengthen cultural self-awareness.<\/p>\n\n<p>The Finno-Ugric Days of the recent years have concentrated on morally supporting the Finno-Ugric peoples living on Russian territory, so that their languages and cultures do not disappear because of russification or globalization.<\/p>\n\n<p>We have invited all cultural organizations, schools and NGOs to think about how we can all devout one little action in our autumns for the introduction of kindred peoples. There are many opportunities for doing so: organizing concerts, exhibitions or meetings, introducing literature, or carrying out specific school lessons, etc.<\/p>\n\n<p>We hope that Finno-Ugric Days will be a memorable event that enlarges our understanding of other Finno-Ugric peoples and deepens people\u2019s interest towards the topic of cultural heritage.<\/p>\n\r\n        <\/div>\r\n    <\/div>\r\n<\/div>\n\r\n<\/div><\/div>\n\n<div class=\"wp-block-column is-layout-flow wp-block-column-is-layout-flow\" style=\"flex-basis:33.33%\"><figure class=\"wp-block-image size-large\"><img loading=\"lazy\" decoding=\"async\" width=\"509\" height=\"720\" src=\"https:\/\/fennougria.ee\/wp-content\/uploads\/2021\/10\/hoimupaevad-2021-a3-plakat-509x720.jpg\" alt=\"\" class=\"wp-image-46296\" srcset=\"https:\/\/fennougria.ee\/wp-content\/uploads\/2021\/10\/hoimupaevad-2021-a3-plakat-509x720.jpg 509w, https:\/\/fennougria.ee\/wp-content\/uploads\/2021\/10\/hoimupaevad-2021-a3-plakat-283x400.jpg 283w, https:\/\/fennougria.ee\/wp-content\/uploads\/2021\/10\/hoimupaevad-2021-a3-plakat-141x200.jpg 141w, https:\/\/fennougria.ee\/wp-content\/uploads\/2021\/10\/hoimupaevad-2021-a3-plakat-768x1086.jpg 768w, https:\/\/fennougria.ee\/wp-content\/uploads\/2021\/10\/hoimupaevad-2021-a3-plakat-1086x1536.jpg 1086w, https:\/\/fennougria.ee\/wp-content\/uploads\/2021\/10\/hoimupaevad-2021-a3-plakat-1448x2048.jpg 1448w, https:\/\/fennougria.ee\/wp-content\/uploads\/2021\/10\/hoimupaevad-2021-a3-plakat-1200x1697.jpg 1200w, https:\/\/fennougria.ee\/wp-content\/uploads\/2021\/10\/hoimupaevad-2021-a3-plakat-1980x2800.jpg 1980w, https:\/\/fennougria.ee\/wp-content\/uploads\/2021\/10\/hoimupaevad-2021-a3-plakat-scaled.jpg 1810w\" sizes=\"auto, (max-width: 509px) 100vw, 509px\" \/><\/figure><\/div><\/div>","protected":false},"excerpt":{"rendered":"<p>This year&#8217;s main theme is &#8220;Indigenous Peoples and Nature&#8221;<\/p>\n","protected":false},"author":15,"featured_media":42816,"parent":18245,"menu_order":3,"comment_status":"closed","ping_status":"closed","template":"","meta":{"_acf_changed":false,"footnotes":""},"tags":[3289,3242,3282,3294,3299],"class_list":["post-50972","page","type-page","status-publish","has-post-thumbnail","hentry","tag-conference-en","tag-fenno-ugria-en","tag-finno-ugric-days-en","tag-literature-en","tag-nature-en"],"acf":[],"yoast_head":"<!-- This site is optimized with the Yoast SEO plugin v26.8 - https:\/\/yoast.com\/product\/yoast-seo-wordpress\/ -->\n<title>Finno-Ugrian Days 2021 - Fenno-Ugria<\/title>\n<meta name=\"robots\" content=\"index, follow, max-snippet:-1, max-image-preview:large, max-video-preview:-1\" \/>\n<link rel=\"canonical\" href=\"https:\/\/fennougria.ee\/en\/events\/finno-ugrian-days\/finno-ugrian-days-background\/finno-ugrian-days-2021\/\" \/>\n<meta property=\"og:locale\" content=\"en_US\" \/>\n<meta property=\"og:type\" content=\"article\" \/>\n<meta property=\"og:title\" content=\"H\u00f5imukuu \u00fcleskutse: korralda ka ise h\u00f5imup\u00e4ev!\" \/>\n<meta property=\"og:description\" content=\"Kus ja mida juba oodata on, vaata l\u00e4hemalt festivali H\u00f5imup\u00e4evad 2021 \u00fcha t\u00e4ienevast programmis. Teeme koos \u00fche kireva kuu!\" \/>\n<meta property=\"og:url\" content=\"https:\/\/fennougria.ee\/en\/events\/finno-ugrian-days\/finno-ugrian-days-background\/finno-ugrian-days-2021\/\" \/>\n<meta property=\"og:site_name\" content=\"Fenno-Ugria\" \/>\n<meta property=\"article:publisher\" content=\"https:\/\/www.facebook.com\/fennougria\/\" \/>\n<meta property=\"article:modified_time\" content=\"2022-06-08T07:54:34+00:00\" \/>\n<meta property=\"og:image\" content=\"https:\/\/fennougria.ee\/wp-content\/uploads\/2021\/09\/sugis_pixabay.jpg\" \/>\n\t<meta property=\"og:image:width\" content=\"1920\" \/>\n\t<meta property=\"og:image:height\" content=\"1280\" \/>\n\t<meta property=\"og:image:type\" content=\"image\/jpeg\" \/>\n<meta name=\"twitter:card\" content=\"summary_large_image\" \/>\n<meta name=\"twitter:label1\" content=\"Est. reading time\" \/>\n\t<meta name=\"twitter:data1\" content=\"2 minutes\" \/>\n<script type=\"application\/ld+json\" class=\"yoast-schema-graph\">{\"@context\":\"https:\/\/schema.org\",\"@graph\":[{\"@type\":\"WebPage\",\"@id\":\"https:\/\/fennougria.ee\/en\/events\/finno-ugrian-days\/finno-ugrian-days-background\/finno-ugrian-days-2021\/\",\"url\":\"https:\/\/fennougria.ee\/en\/events\/finno-ugrian-days\/finno-ugrian-days-background\/finno-ugrian-days-2021\/\",\"name\":\"Finno-Ugrian Days 2021 - Fenno-Ugria\",\"isPartOf\":{\"@id\":\"https:\/\/fennougria.ee\/en\/#website\"},\"primaryImageOfPage\":{\"@id\":\"https:\/\/fennougria.ee\/en\/events\/finno-ugrian-days\/finno-ugrian-days-background\/finno-ugrian-days-2021\/#primaryimage\"},\"image\":{\"@id\":\"https:\/\/fennougria.ee\/en\/events\/finno-ugrian-days\/finno-ugrian-days-background\/finno-ugrian-days-2021\/#primaryimage\"},\"thumbnailUrl\":\"https:\/\/fennougria.ee\/wp-content\/uploads\/2021\/09\/ivanna_elu_05.jpg\",\"datePublished\":\"2021-09-21T15:26:30+00:00\",\"dateModified\":\"2022-06-08T07:54:34+00:00\",\"breadcrumb\":{\"@id\":\"https:\/\/fennougria.ee\/en\/events\/finno-ugrian-days\/finno-ugrian-days-background\/finno-ugrian-days-2021\/#breadcrumb\"},\"inLanguage\":\"en-US\",\"potentialAction\":[{\"@type\":\"ReadAction\",\"target\":[\"https:\/\/fennougria.ee\/en\/events\/finno-ugrian-days\/finno-ugrian-days-background\/finno-ugrian-days-2021\/\"]}]},{\"@type\":\"ImageObject\",\"inLanguage\":\"en-US\",\"@id\":\"https:\/\/fennougria.ee\/en\/events\/finno-ugrian-days\/finno-ugrian-days-background\/finno-ugrian-days-2021\/#primaryimage\",\"url\":\"https:\/\/fennougria.ee\/wp-content\/uploads\/2021\/09\/ivanna_elu_05.jpg\",\"contentUrl\":\"https:\/\/fennougria.ee\/wp-content\/uploads\/2021\/09\/ivanna_elu_05.jpg\",\"width\":1280,\"height\":720,\"caption\":\"Kaader dokumentaalfilmist \\\"Life of Ivanna\\\"\"},{\"@type\":\"BreadcrumbList\",\"@id\":\"https:\/\/fennougria.ee\/en\/events\/finno-ugrian-days\/finno-ugrian-days-background\/finno-ugrian-days-2021\/#breadcrumb\",\"itemListElement\":[{\"@type\":\"ListItem\",\"position\":1,\"name\":\"Home\",\"item\":\"https:\/\/fennougria.ee\/en\/\"},{\"@type\":\"ListItem\",\"position\":2,\"name\":\"Events&#038;Projects\",\"item\":\"https:\/\/fennougria.ee\/en\/events\/\"},{\"@type\":\"ListItem\",\"position\":3,\"name\":\"Finno-Ugrian Days\",\"item\":\"https:\/\/fennougria.ee\/en\/events\/finno-ugrian-days\/\"},{\"@type\":\"ListItem\",\"position\":4,\"name\":\"General information\",\"item\":\"https:\/\/fennougria.ee\/en\/events\/finno-ugrian-days\/finno-ugrian-days-background\/\"},{\"@type\":\"ListItem\",\"position\":5,\"name\":\"Finno-Ugrian Days 2021\"}]},{\"@type\":\"WebSite\",\"@id\":\"https:\/\/fennougria.ee\/en\/#website\",\"url\":\"https:\/\/fennougria.ee\/en\/\",\"name\":\"Fenno-Ugria\",\"description\":\"Koost\u00f6\u00f6s soome-ugri rahvastega aastast 1927\",\"potentialAction\":[{\"@type\":\"SearchAction\",\"target\":{\"@type\":\"EntryPoint\",\"urlTemplate\":\"https:\/\/fennougria.ee\/en\/?s={search_term_string}\"},\"query-input\":{\"@type\":\"PropertyValueSpecification\",\"valueRequired\":true,\"valueName\":\"search_term_string\"}}],\"inLanguage\":\"en-US\"}]}<\/script>\n<!-- \/ Yoast SEO plugin. -->","yoast_head_json":{"title":"Finno-Ugrian Days 2021 - Fenno-Ugria","robots":{"index":"index","follow":"follow","max-snippet":"max-snippet:-1","max-image-preview":"max-image-preview:large","max-video-preview":"max-video-preview:-1"},"canonical":"https:\/\/fennougria.ee\/en\/events\/finno-ugrian-days\/finno-ugrian-days-background\/finno-ugrian-days-2021\/","og_locale":"en_US","og_type":"article","og_title":"H\u00f5imukuu \u00fcleskutse: korralda ka ise h\u00f5imup\u00e4ev!","og_description":"Kus ja mida juba oodata on, vaata l\u00e4hemalt festivali H\u00f5imup\u00e4evad 2021 \u00fcha t\u00e4ienevast programmis. Teeme koos \u00fche kireva kuu!","og_url":"https:\/\/fennougria.ee\/en\/events\/finno-ugrian-days\/finno-ugrian-days-background\/finno-ugrian-days-2021\/","og_site_name":"Fenno-Ugria","article_publisher":"https:\/\/www.facebook.com\/fennougria\/","article_modified_time":"2022-06-08T07:54:34+00:00","og_image":[{"width":1920,"height":1280,"url":"https:\/\/fennougria.ee\/wp-content\/uploads\/2021\/09\/sugis_pixabay.jpg","type":"image\/jpeg"}],"twitter_card":"summary_large_image","twitter_misc":{"Est. reading time":"2 minutes"},"schema":{"@context":"https:\/\/schema.org","@graph":[{"@type":"WebPage","@id":"https:\/\/fennougria.ee\/en\/events\/finno-ugrian-days\/finno-ugrian-days-background\/finno-ugrian-days-2021\/","url":"https:\/\/fennougria.ee\/en\/events\/finno-ugrian-days\/finno-ugrian-days-background\/finno-ugrian-days-2021\/","name":"Finno-Ugrian Days 2021 - Fenno-Ugria","isPartOf":{"@id":"https:\/\/fennougria.ee\/en\/#website"},"primaryImageOfPage":{"@id":"https:\/\/fennougria.ee\/en\/events\/finno-ugrian-days\/finno-ugrian-days-background\/finno-ugrian-days-2021\/#primaryimage"},"image":{"@id":"https:\/\/fennougria.ee\/en\/events\/finno-ugrian-days\/finno-ugrian-days-background\/finno-ugrian-days-2021\/#primaryimage"},"thumbnailUrl":"https:\/\/fennougria.ee\/wp-content\/uploads\/2021\/09\/ivanna_elu_05.jpg","datePublished":"2021-09-21T15:26:30+00:00","dateModified":"2022-06-08T07:54:34+00:00","breadcrumb":{"@id":"https:\/\/fennougria.ee\/en\/events\/finno-ugrian-days\/finno-ugrian-days-background\/finno-ugrian-days-2021\/#breadcrumb"},"inLanguage":"en-US","potentialAction":[{"@type":"ReadAction","target":["https:\/\/fennougria.ee\/en\/events\/finno-ugrian-days\/finno-ugrian-days-background\/finno-ugrian-days-2021\/"]}]},{"@type":"ImageObject","inLanguage":"en-US","@id":"https:\/\/fennougria.ee\/en\/events\/finno-ugrian-days\/finno-ugrian-days-background\/finno-ugrian-days-2021\/#primaryimage","url":"https:\/\/fennougria.ee\/wp-content\/uploads\/2021\/09\/ivanna_elu_05.jpg","contentUrl":"https:\/\/fennougria.ee\/wp-content\/uploads\/2021\/09\/ivanna_elu_05.jpg","width":1280,"height":720,"caption":"Kaader dokumentaalfilmist \"Life of Ivanna\""},{"@type":"BreadcrumbList","@id":"https:\/\/fennougria.ee\/en\/events\/finno-ugrian-days\/finno-ugrian-days-background\/finno-ugrian-days-2021\/#breadcrumb","itemListElement":[{"@type":"ListItem","position":1,"name":"Home","item":"https:\/\/fennougria.ee\/en\/"},{"@type":"ListItem","position":2,"name":"Events&#038;Projects","item":"https:\/\/fennougria.ee\/en\/events\/"},{"@type":"ListItem","position":3,"name":"Finno-Ugrian Days","item":"https:\/\/fennougria.ee\/en\/events\/finno-ugrian-days\/"},{"@type":"ListItem","position":4,"name":"General information","item":"https:\/\/fennougria.ee\/en\/events\/finno-ugrian-days\/finno-ugrian-days-background\/"},{"@type":"ListItem","position":5,"name":"Finno-Ugrian Days 2021"}]},{"@type":"WebSite","@id":"https:\/\/fennougria.ee\/en\/#website","url":"https:\/\/fennougria.ee\/en\/","name":"Fenno-Ugria","description":"Koost\u00f6\u00f6s soome-ugri rahvastega aastast 1927","potentialAction":[{"@type":"SearchAction","target":{"@type":"EntryPoint","urlTemplate":"https:\/\/fennougria.ee\/en\/?s={search_term_string}"},"query-input":{"@type":"PropertyValueSpecification","valueRequired":true,"valueName":"search_term_string"}}],"inLanguage":"en-US"}]}},"_links":{"self":[{"href":"https:\/\/fennougria.ee\/en\/wp-json\/wp\/v2\/pages\/50972","targetHints":{"allow":["GET"]}}],"collection":[{"href":"https:\/\/fennougria.ee\/en\/wp-json\/wp\/v2\/pages"}],"about":[{"href":"https:\/\/fennougria.ee\/en\/wp-json\/wp\/v2\/types\/page"}],"author":[{"embeddable":true,"href":"https:\/\/fennougria.ee\/en\/wp-json\/wp\/v2\/users\/15"}],"replies":[{"embeddable":true,"href":"https:\/\/fennougria.ee\/en\/wp-json\/wp\/v2\/comments?post=50972"}],"version-history":[{"count":4,"href":"https:\/\/fennougria.ee\/en\/wp-json\/wp\/v2\/pages\/50972\/revisions"}],"predecessor-version":[{"id":56178,"href":"https:\/\/fennougria.ee\/en\/wp-json\/wp\/v2\/pages\/50972\/revisions\/56178"}],"up":[{"embeddable":true,"href":"https:\/\/fennougria.ee\/en\/wp-json\/wp\/v2\/pages\/18245"}],"wp:featuredmedia":[{"embeddable":true,"href":"https:\/\/fennougria.ee\/en\/wp-json\/wp\/v2\/media\/42816"}],"wp:attachment":[{"href":"https:\/\/fennougria.ee\/en\/wp-json\/wp\/v2\/media?parent=50972"}],"wp:term":[{"taxonomy":"post_tag","embeddable":true,"href":"https:\/\/fennougria.ee\/en\/wp-json\/wp\/v2\/tags?post=50972"}],"curies":[{"name":"wp","href":"https:\/\/api.w.org\/{rel}","templated":true}]}}