{"id":33289,"date":"2021-04-18T11:40:56","date_gmt":"2021-04-18T08:40:56","guid":{"rendered":"https:\/\/fennougria.ee\/?page_id=33289"},"modified":"2021-04-18T11:48:56","modified_gmt":"2021-04-18T08:48:56","slug":"hoimuloimed","status":"publish","type":"page","link":"https:\/\/fennougria.ee\/en\/discover\/hoimuloimed\/","title":{"rendered":"H\u00f5imul\u00f5imed"},"content":{"rendered":"<p>Fenno-Ugria Noored (FUN, meaning Fenno-Ugria Youth) was re-established in 2013. Since then we have participated in different Finno-Ugric events both as visitors and organizers. Our members are young people from different backgrounds who are interested in various Finno-Ugric topics. In order to support our activity we founded an NGO called H\u00f5imul\u00f5imed in the autumn of 2019.<\/p><p>So far our greatest accomplishments involve <\/p><ul class=\"wp-block-list\"><li>organizing the <a href=\"http:\/\/uralistica.com\/m\/group\/discussion?id=2161342%3ATopic%3A242067\" target=\"_blank\" rel=\"noreferrer noopener\">congress of MAFUN<\/a> in 2015 and participating in the organization of the <a href=\"https:\/\/ifusco.ut.ee\" target=\"_blank\" rel=\"noreferrer noopener\">IFUSCO conference <\/a>in 2018 (both in Tartu, Estonia). <\/li><li>We have also distributed the Finno-Ugric Comics\u2019 exhibition in Estonia and are <a href=\"https:\/\/www.youtube.com\/watch?v=cQeahzPhwUw\" target=\"_blank\" rel=\"noreferrer noopener\">playing in a music group<\/a> called <strong>K\u00e4nnu Peal K\u00e4bi<\/strong> (meaning Cone On A Stump). <\/li><li>We also contribute in the preparations of the <a href=\"https:\/\/fennougria.ee\/en\/representative-bodies\/worldcongresses\/\">VIII World Congress of Finno-Ugric Peoples<\/a>.<\/li><\/ul><p>FUN is a member of the International Finno-Ugric Youth Organization MAFUN and actively co-operates with other Finno-Ugric organizations.<\/p><p>Find us on our <a href=\"https:\/\/h6imul6imed.wordpress.com\/blogi\/\" target=\"_blank\" rel=\"noreferrer noopener\">webpage<\/a>, <a href=\"http:\/\/www.facebook.com\/funoored\" target=\"_blank\" rel=\"noreferrer noopener\">Facebook<\/a> and <a href=\"https:\/\/www.instagram.com\/fennourg\/\" target=\"_blank\" rel=\"noreferrer noopener\">Instagram<\/a>.<\/p><figure class=\"wp-block-embed is-type-video is-provider-youtube wp-block-embed-youtube wp-embed-aspect-16-9 wp-has-aspect-ratio\"><div class=\"wp-block-embed__wrapper\">\n<iframe loading=\"lazy\" title=\"K\u00e4nnu Peal K\u00e4bi \u2013 Tulkaa, t\u00fctt\u00e4red, tul\u00f5ll\u00f5 (vadja rahvalaul)\" width=\"500\" height=\"281\" src=\"https:\/\/www.youtube.com\/embed\/cQeahzPhwUw?feature=oembed\" frameborder=\"0\" allow=\"accelerometer; autoplay; clipboard-write; encrypted-media; gyroscope; picture-in-picture; web-share\" referrerpolicy=\"strict-origin-when-cross-origin\" allowfullscreen><\/iframe>\n<\/div><\/figure>","protected":false},"excerpt":{"rendered":"<p>Our members are young people from different backgrounds who are interested in various Finno-Ugric topics<\/p>\n","protected":false},"author":17,"featured_media":20106,"parent":18237,"menu_order":10,"comment_status":"closed","ping_status":"closed","template":"","meta":{"_acf_changed":false,"footnotes":""},"tags":[3291,3246,3295,3465],"class_list":["post-33289","page","type-page","status-publish","has-post-thumbnail","hentry","tag-music-en","tag-world-congress-en","tag-youth-association-en","tag-molodezh-ru-en"],"acf":[],"yoast_head":"<!-- This site is optimized with the Yoast SEO plugin v27.3 - https:\/\/yoast.com\/product\/yoast-seo-wordpress\/ -->\n<title>H\u00f5imul\u00f5imed - Fenno-Ugria<\/title>\n<meta name=\"robots\" content=\"index, follow, max-snippet:-1, max-image-preview:large, max-video-preview:-1\" \/>\n<link rel=\"canonical\" href=\"https:\/\/fennougria.ee\/en\/discover\/hoimuloimed\/\" \/>\n<meta property=\"og:locale\" content=\"en_US\" \/>\n<meta property=\"og:type\" content=\"article\" \/>\n<meta property=\"og:title\" content=\"H\u00f5imul\u00f5imed - Fenno-Ugria\" \/>\n<meta property=\"og:description\" content=\"Our members are young people from different backgrounds who are interested in various Finno-Ugric topics\" \/>\n<meta property=\"og:url\" content=\"https:\/\/fennougria.ee\/en\/discover\/hoimuloimed\/\" \/>\n<meta property=\"og:site_name\" content=\"Fenno-Ugria\" \/>\n<meta property=\"article:publisher\" content=\"https:\/\/www.facebook.com\/fennougria\/\" \/>\n<meta property=\"article:modified_time\" content=\"2021-04-18T08:48:56+00:00\" \/>\n<meta property=\"og:image\" content=\"https:\/\/fennougria.ee\/wp-content\/uploads\/2021\/03\/travel-karelia-scaled.jpg\" \/>\n\t<meta property=\"og:image:width\" content=\"2560\" \/>\n\t<meta property=\"og:image:height\" content=\"1707\" \/>\n\t<meta property=\"og:image:type\" content=\"image\/jpeg\" \/>\n<meta name=\"twitter:card\" content=\"summary_large_image\" \/>\n<meta name=\"twitter:label1\" content=\"Est. reading time\" \/>\n\t<meta name=\"twitter:data1\" content=\"1 minute\" \/>\n<script type=\"application\/ld+json\" class=\"yoast-schema-graph\">{\"@context\":\"https:\\\/\\\/schema.org\",\"@graph\":[{\"@type\":\"WebPage\",\"@id\":\"https:\\\/\\\/fennougria.ee\\\/en\\\/discover\\\/hoimuloimed\\\/\",\"url\":\"https:\\\/\\\/fennougria.ee\\\/en\\\/discover\\\/hoimuloimed\\\/\",\"name\":\"H\u00f5imul\u00f5imed - Fenno-Ugria\",\"isPartOf\":{\"@id\":\"https:\\\/\\\/fennougria.ee\\\/en\\\/#website\"},\"primaryImageOfPage\":{\"@id\":\"https:\\\/\\\/fennougria.ee\\\/en\\\/discover\\\/hoimuloimed\\\/#primaryimage\"},\"image\":{\"@id\":\"https:\\\/\\\/fennougria.ee\\\/en\\\/discover\\\/hoimuloimed\\\/#primaryimage\"},\"thumbnailUrl\":\"https:\\\/\\\/fennougria.ee\\\/wp-content\\\/uploads\\\/2021\\\/03\\\/travel-karelia-scaled.jpg\",\"datePublished\":\"2021-04-18T08:40:56+00:00\",\"dateModified\":\"2021-04-18T08:48:56+00:00\",\"breadcrumb\":{\"@id\":\"https:\\\/\\\/fennougria.ee\\\/en\\\/discover\\\/hoimuloimed\\\/#breadcrumb\"},\"inLanguage\":\"en-US\",\"potentialAction\":[{\"@type\":\"ReadAction\",\"target\":[\"https:\\\/\\\/fennougria.ee\\\/en\\\/discover\\\/hoimuloimed\\\/\"]}]},{\"@type\":\"ImageObject\",\"inLanguage\":\"en-US\",\"@id\":\"https:\\\/\\\/fennougria.ee\\\/en\\\/discover\\\/hoimuloimed\\\/#primaryimage\",\"url\":\"https:\\\/\\\/fennougria.ee\\\/wp-content\\\/uploads\\\/2021\\\/03\\\/travel-karelia-scaled.jpg\",\"contentUrl\":\"https:\\\/\\\/fennougria.ee\\\/wp-content\\\/uploads\\\/2021\\\/03\\\/travel-karelia-scaled.jpg\",\"width\":2560,\"height\":1707},{\"@type\":\"BreadcrumbList\",\"@id\":\"https:\\\/\\\/fennougria.ee\\\/en\\\/discover\\\/hoimuloimed\\\/#breadcrumb\",\"itemListElement\":[{\"@type\":\"ListItem\",\"position\":1,\"name\":\"Home\",\"item\":\"https:\\\/\\\/fennougria.ee\\\/en\\\/\"},{\"@type\":\"ListItem\",\"position\":2,\"name\":\"Discover\",\"item\":\"https:\\\/\\\/fennougria.ee\\\/en\\\/discover\\\/\"},{\"@type\":\"ListItem\",\"position\":3,\"name\":\"H\u00f5imul\u00f5imed\"}]},{\"@type\":\"WebSite\",\"@id\":\"https:\\\/\\\/fennougria.ee\\\/en\\\/#website\",\"url\":\"https:\\\/\\\/fennougria.ee\\\/en\\\/\",\"name\":\"Fenno-Ugria\",\"description\":\"Koost\u00f6\u00f6s soome-ugri rahvastega aastast 1927\",\"potentialAction\":[{\"@type\":\"SearchAction\",\"target\":{\"@type\":\"EntryPoint\",\"urlTemplate\":\"https:\\\/\\\/fennougria.ee\\\/en\\\/?s={search_term_string}\"},\"query-input\":{\"@type\":\"PropertyValueSpecification\",\"valueRequired\":true,\"valueName\":\"search_term_string\"}}],\"inLanguage\":\"en-US\"}]}<\/script>\n<!-- \/ Yoast SEO plugin. -->","yoast_head_json":{"title":"H\u00f5imul\u00f5imed - Fenno-Ugria","robots":{"index":"index","follow":"follow","max-snippet":"max-snippet:-1","max-image-preview":"max-image-preview:large","max-video-preview":"max-video-preview:-1"},"canonical":"https:\/\/fennougria.ee\/en\/discover\/hoimuloimed\/","og_locale":"en_US","og_type":"article","og_title":"H\u00f5imul\u00f5imed - Fenno-Ugria","og_description":"Our members are young people from different backgrounds who are interested in various Finno-Ugric topics","og_url":"https:\/\/fennougria.ee\/en\/discover\/hoimuloimed\/","og_site_name":"Fenno-Ugria","article_publisher":"https:\/\/www.facebook.com\/fennougria\/","article_modified_time":"2021-04-18T08:48:56+00:00","og_image":[{"width":2560,"height":1707,"url":"https:\/\/fennougria.ee\/wp-content\/uploads\/2021\/03\/travel-karelia-scaled.jpg","type":"image\/jpeg"}],"twitter_card":"summary_large_image","twitter_misc":{"Est. reading time":"1 minute"},"schema":{"@context":"https:\/\/schema.org","@graph":[{"@type":"WebPage","@id":"https:\/\/fennougria.ee\/en\/discover\/hoimuloimed\/","url":"https:\/\/fennougria.ee\/en\/discover\/hoimuloimed\/","name":"H\u00f5imul\u00f5imed - Fenno-Ugria","isPartOf":{"@id":"https:\/\/fennougria.ee\/en\/#website"},"primaryImageOfPage":{"@id":"https:\/\/fennougria.ee\/en\/discover\/hoimuloimed\/#primaryimage"},"image":{"@id":"https:\/\/fennougria.ee\/en\/discover\/hoimuloimed\/#primaryimage"},"thumbnailUrl":"https:\/\/fennougria.ee\/wp-content\/uploads\/2021\/03\/travel-karelia-scaled.jpg","datePublished":"2021-04-18T08:40:56+00:00","dateModified":"2021-04-18T08:48:56+00:00","breadcrumb":{"@id":"https:\/\/fennougria.ee\/en\/discover\/hoimuloimed\/#breadcrumb"},"inLanguage":"en-US","potentialAction":[{"@type":"ReadAction","target":["https:\/\/fennougria.ee\/en\/discover\/hoimuloimed\/"]}]},{"@type":"ImageObject","inLanguage":"en-US","@id":"https:\/\/fennougria.ee\/en\/discover\/hoimuloimed\/#primaryimage","url":"https:\/\/fennougria.ee\/wp-content\/uploads\/2021\/03\/travel-karelia-scaled.jpg","contentUrl":"https:\/\/fennougria.ee\/wp-content\/uploads\/2021\/03\/travel-karelia-scaled.jpg","width":2560,"height":1707},{"@type":"BreadcrumbList","@id":"https:\/\/fennougria.ee\/en\/discover\/hoimuloimed\/#breadcrumb","itemListElement":[{"@type":"ListItem","position":1,"name":"Home","item":"https:\/\/fennougria.ee\/en\/"},{"@type":"ListItem","position":2,"name":"Discover","item":"https:\/\/fennougria.ee\/en\/discover\/"},{"@type":"ListItem","position":3,"name":"H\u00f5imul\u00f5imed"}]},{"@type":"WebSite","@id":"https:\/\/fennougria.ee\/en\/#website","url":"https:\/\/fennougria.ee\/en\/","name":"Fenno-Ugria","description":"Koost\u00f6\u00f6s soome-ugri rahvastega aastast 1927","potentialAction":[{"@type":"SearchAction","target":{"@type":"EntryPoint","urlTemplate":"https:\/\/fennougria.ee\/en\/?s={search_term_string}"},"query-input":{"@type":"PropertyValueSpecification","valueRequired":true,"valueName":"search_term_string"}}],"inLanguage":"en-US"}]}},"_links":{"self":[{"href":"https:\/\/fennougria.ee\/en\/wp-json\/wp\/v2\/pages\/33289","targetHints":{"allow":["GET"]}}],"collection":[{"href":"https:\/\/fennougria.ee\/en\/wp-json\/wp\/v2\/pages"}],"about":[{"href":"https:\/\/fennougria.ee\/en\/wp-json\/wp\/v2\/types\/page"}],"author":[{"embeddable":true,"href":"https:\/\/fennougria.ee\/en\/wp-json\/wp\/v2\/users\/17"}],"replies":[{"embeddable":true,"href":"https:\/\/fennougria.ee\/en\/wp-json\/wp\/v2\/comments?post=33289"}],"version-history":[{"count":3,"href":"https:\/\/fennougria.ee\/en\/wp-json\/wp\/v2\/pages\/33289\/revisions"}],"predecessor-version":[{"id":33294,"href":"https:\/\/fennougria.ee\/en\/wp-json\/wp\/v2\/pages\/33289\/revisions\/33294"}],"up":[{"embeddable":true,"href":"https:\/\/fennougria.ee\/en\/wp-json\/wp\/v2\/pages\/18237"}],"wp:featuredmedia":[{"embeddable":true,"href":"https:\/\/fennougria.ee\/en\/wp-json\/wp\/v2\/media\/20106"}],"wp:attachment":[{"href":"https:\/\/fennougria.ee\/en\/wp-json\/wp\/v2\/media?parent=33289"}],"wp:term":[{"taxonomy":"post_tag","embeddable":true,"href":"https:\/\/fennougria.ee\/en\/wp-json\/wp\/v2\/tags?post=33289"}],"curies":[{"name":"wp","href":"https:\/\/api.w.org\/{rel}","templated":true}]}}