{"id":18271,"date":"2016-05-18T12:06:58","date_gmt":"2016-05-18T12:06:58","guid":{"rendered":"http:\/\/fennougria.ee\/?page_id=636"},"modified":"2026-03-11T12:37:21","modified_gmt":"2026-03-11T10:37:21","slug":"board","status":"publish","type":"page","link":"https:\/\/fennougria.ee\/en\/organisation\/board\/","title":{"rendered":"Board"},"content":{"rendered":"<p>The board of Fenno-Ugria is elected for two years. Further specifications are stipulated in the  <a href=\"https:\/\/fennougria.ee\/en\/organisation\/statute\/\">statute<\/a>.  <\/p><div class=\"accordion my-10 border-top\" id=\"accordion-block_cb10a8f51dd2c99967c20e3666af04e0\">\r\n    \n<div class=\"card border-bottom\">\r\n    <div class=\"card-header p-0\" id=\"accordion-heading-block_e0fa7c65311f73dbd0124bcd519b55f3\">\r\n        <button class=\"btn d-flex align-items-center w-100 text-left collapsed border-0 p-0 item-title\" type=\"button\" data-toggle=\"collapse\" data-target=\"#accordion-item-block_e0fa7c65311f73dbd0124bcd519b55f3\" aria-expanded=\"false\" aria-controls=\"accordion-item-block_e0fa7c65311f73dbd0124bcd519b55f3\">\r\n            <span class=\"h3 my-4 ml-2 mr-4 d-inline-block text-body\">Board staff 2024\u20132026<\/span>\r\n        <\/button>\r\n    <\/div>\r\n    <div id=\"accordion-item-block_e0fa7c65311f73dbd0124bcd519b55f3\" class=\"collapse\" aria-labelledby=\"accordion-heading-block_e0fa7c65311f73dbd0124bcd519b55f3\">\r\n        <div class=\"card-body pt-0 pl-8 pr-4 pb-6 pb-md-10\">\r\n            \n<p>The general meeting of Fenno-Ugria that took place on 20 February 2024 chose the following board members.<\/p>\n\n<div class=\"accordion my-10 border-top\" id=\"accordion-block_cb10a8f51dd2c99967c20e3666af04e0\">\r\n    \n<div class=\"card border-bottom\">\r\n    <div class=\"card-header p-0\" id=\"accordion-heading-block_9184022758ee22ddc4f17f69a31ff4b7\">\r\n        <button class=\"btn d-flex align-items-center w-100 text-left collapsed border-0 p-0 item-title\" type=\"button\" data-toggle=\"collapse\" data-target=\"#accordion-item-block_9184022758ee22ddc4f17f69a31ff4b7\" aria-expanded=\"false\" aria-controls=\"accordion-item-block_9184022758ee22ddc4f17f69a31ff4b7\">\r\n            <span class=\"h3 my-4 ml-2 mr-4 d-inline-block text-body\">Madis Arukask \u2013 chair<\/span>\r\n        <\/button>\r\n    <\/div>\r\n    <div id=\"accordion-item-block_9184022758ee22ddc4f17f69a31ff4b7\" class=\"collapse\" aria-labelledby=\"accordion-heading-block_9184022758ee22ddc4f17f69a31ff4b7\">\r\n        <div class=\"card-body pt-0 pl-8 pr-4 pb-6 pb-md-10\">\r\n            \n<p><a href=\"mailto:madis.arukask@ut.ee\" target=\"_blank\" rel=\"noreferrer noopener\">madis.arukask@ut.ee<\/a><\/p>\n\n<p>Board chair of Fenno-Ugria since 2015, board member since 2005. He works as an associate professor of humanities at the University of Tartu, researching the religion and folklore of Finnic peoples. For fifteen years, he has organised expeditions to the Veps and other Finnic peoples. President of the Estonian Society for the Study of Religions and member of many scientific organisations.  <\/p>\n\r\n        <\/div>\r\n    <\/div>\r\n<\/div>\n\r\n<\/div>\n\n<div class=\"accordion my-10 border-top\" id=\"accordion-block_cb10a8f51dd2c99967c20e3666af04e0\">\r\n    \n<div class=\"card border-bottom\">\r\n    <div class=\"card-header p-0\" id=\"accordion-heading-block_345c7df8c2861bf997d72a4d1fb3d68c\">\r\n        <button class=\"btn d-flex align-items-center w-100 text-left collapsed border-0 p-0 item-title\" type=\"button\" data-toggle=\"collapse\" data-target=\"#accordion-item-block_345c7df8c2861bf997d72a4d1fb3d68c\" aria-expanded=\"false\" aria-controls=\"accordion-item-block_345c7df8c2861bf997d72a4d1fb3d68c\">\r\n            <span class=\"h3 my-4 ml-2 mr-4 d-inline-block text-body\">Sven-Erik Soosaar \u2013 deputy chair<\/span>\r\n        <\/button>\r\n    <\/div>\r\n    <div id=\"accordion-item-block_345c7df8c2861bf997d72a4d1fb3d68c\" class=\"collapse\" aria-labelledby=\"accordion-heading-block_345c7df8c2861bf997d72a4d1fb3d68c\">\r\n        <div class=\"card-body pt-0 pl-8 pr-4 pb-6 pb-md-10\">\r\n            \n<p><a href=\"mailto:svenerik.soosaar@eki.ee\" target=\"_blank\" rel=\"noreferrer noopener\">svenerik.soosaar@eki.ee<\/a><\/p>\n\n<p>Etymologist, scholar of Estonian, Nenets and Mari languages. Board member of the Estonian Hungary Society. At the moment, he is working as a senior research fellow at the Institute of the Estonian Language. Expert member of the UN Permanent Forum on Indigenous Issues in 2020\u20132022. &#8220;I have been interested in foreign languages and nations ever since my childhood. To know that some nations aren&#8217;t so foreign and on closer inspection are even rather close and similar warms my heart. At the same it is sad that many of these nations and languages are in danger of extinction. I have strived to contribute to the preservation of these nations and languages. My everyday work is the study of Finno-Ugric languages, but I also contribute to the development of the Estonian-language Wikipedia.&#8221;<\/p>\n\r\n        <\/div>\r\n    <\/div>\r\n<\/div>\n\r\n<\/div>\n\n<div class=\"accordion my-10 border-top\" id=\"accordion-block_cb10a8f51dd2c99967c20e3666af04e0\">\r\n    \n<div class=\"card border-bottom\">\r\n    <div class=\"card-header p-0\" id=\"accordion-heading-block_18c06c99fad00dbe5053b98ac905badd\">\r\n        <button class=\"btn d-flex align-items-center w-100 text-left collapsed border-0 p-0 item-title\" type=\"button\" data-toggle=\"collapse\" data-target=\"#accordion-item-block_18c06c99fad00dbe5053b98ac905badd\" aria-expanded=\"false\" aria-controls=\"accordion-item-block_18c06c99fad00dbe5053b98ac905badd\">\r\n            <span class=\"h3 my-4 ml-2 mr-4 d-inline-block text-body\">Anti Lillak<\/span>\r\n        <\/button>\r\n    <\/div>\r\n    <div id=\"accordion-item-block_18c06c99fad00dbe5053b98ac905badd\" class=\"collapse\" aria-labelledby=\"accordion-heading-block_18c06c99fad00dbe5053b98ac905badd\">\r\n        <div class=\"card-body pt-0 pl-8 pr-4 pb-6 pb-md-10\">\r\n            \n<p><a href=\"mailto:anti.lillak@erm.ee\" target=\"_blank\" rel=\"noreferrer noopener\">anti.lillak@erm.ee<\/a>&nbsp;<\/p>\n\n<p>Anti is a museum teacher at the Estonian National Museum and one of the leading figures of the Finno-Ugric youth organisation H\u00f5imul\u00f5imed. Although, in addition to all this, he is also a dedicated musician. <\/p>\n\r\n        <\/div>\r\n    <\/div>\r\n<\/div>\n\r\n<\/div>\n\n<div class=\"accordion my-10 border-top\" id=\"accordion-block_cb10a8f51dd2c99967c20e3666af04e0\">\r\n    \n<div class=\"card border-bottom\">\r\n    <div class=\"card-header p-0\" id=\"accordion-heading-block_d5cee88b0ce35d938f83795c1f11125f\">\r\n        <button class=\"btn d-flex align-items-center w-100 text-left collapsed border-0 p-0 item-title\" type=\"button\" data-toggle=\"collapse\" data-target=\"#accordion-item-block_d5cee88b0ce35d938f83795c1f11125f\" aria-expanded=\"false\" aria-controls=\"accordion-item-block_d5cee88b0ce35d938f83795c1f11125f\">\r\n            <span class=\"h3 my-4 ml-2 mr-4 d-inline-block text-body\">Aivar Ruukel<\/span>\r\n        <\/button>\r\n    <\/div>\r\n    <div id=\"accordion-item-block_d5cee88b0ce35d938f83795c1f11125f\" class=\"collapse\" aria-labelledby=\"accordion-heading-block_d5cee88b0ce35d938f83795c1f11125f\">\r\n        <div class=\"card-body pt-0 pl-8 pr-4 pb-6 pb-md-10\">\r\n            \n<p><a href=\"mailto:aivar@soomaa.com\" target=\"_blank\" rel=\"noreferrer noopener\">aivar@soomaa.com<\/a><\/p>\n\n<p>Working as a nature tourism entrepreneur are the Soomaa National Park, Aivar has graduated from the department of nature tourism at the Estonian University of Life Sciences, where he defended his master&#8217;s thesis in 2011.<\/p>\n\n<p>He has participated in many Finno-Ugric World Congresses and he has been involved in the Finno-Ugric Capitals of Culture initiative, introducing sustainable tourism to kindred peoples. In cooperation with Fenno-Ugria, he published a calendar introducing Finno-Ugric national dishes in 2016. <\/p>\n\n<p>&#8220;Of all my connections with kindred peoples, I regard the strongest to be the fact that for over a dozen years of my life I have spent time daily in the Udmurt language sphere, because my Udmurt wife Lyudmila speaks in her native language with our daughters. My interest towards dugout canoes has taken me on travels to the Veps and Mari, where the construction and use of dugouts is a living cultural phenomenon up to this day. I would gladly organise more trips to Finno-Ugric villages. I see, how such kindred tourism is enriching to both the guests and hosts.&#8221; <\/p>\n\r\n        <\/div>\r\n    <\/div>\r\n<\/div>\n\r\n<\/div>\n\n<div class=\"accordion my-10 border-top\" id=\"accordion-block_cb10a8f51dd2c99967c20e3666af04e0\">\r\n    \n<div class=\"card border-bottom\">\r\n    <div class=\"card-header p-0\" id=\"accordion-heading-block_d573d3ddaee9130d72305eabdbab3bdf\">\r\n        <button class=\"btn d-flex align-items-center w-100 text-left collapsed border-0 p-0 item-title\" type=\"button\" data-toggle=\"collapse\" data-target=\"#accordion-item-block_d573d3ddaee9130d72305eabdbab3bdf\" aria-expanded=\"false\" aria-controls=\"accordion-item-block_d573d3ddaee9130d72305eabdbab3bdf\">\r\n            <span class=\"h3 my-4 ml-2 mr-4 d-inline-block text-body\">T\u00f5nu Seilenthal<\/span>\r\n        <\/button>\r\n    <\/div>\r\n    <div id=\"accordion-item-block_d573d3ddaee9130d72305eabdbab3bdf\" class=\"collapse\" aria-labelledby=\"accordion-heading-block_d573d3ddaee9130d72305eabdbab3bdf\">\r\n        <div class=\"card-body pt-0 pl-8 pr-4 pb-6 pb-md-10\">\r\n            \n<p><a href=\"mailto:seilu@ut.ee\" target=\"_blank\" rel=\"noreferrer noopener\">seilu@ut.ee<\/a><\/p>\n\n<p>Docent emeritus of the University of Tartu. Having previously worked as a lecturer of Estonian at the Universities of Jyv\u00e4skyl\u00e4 and Helsinki, director of the Institute of Language and Literature at the Estonian Academy of Sciences, and docent of Uralic languages and Hungarology in the department of Uralic languages at the University of Tartu. Main research interests are the historical morphology of Uralic languages, Khanty, Hungarian, Hungarology and the contrastive study of Estonian and Hungarian. <\/p>\n\r\n        <\/div>\r\n    <\/div>\r\n<\/div>\n\r\n<\/div>\n\r\n        <\/div>\r\n    <\/div>\r\n<\/div>\n\r\n<\/div><div class=\"accordion my-10 border-top\" id=\"accordion-block_cb10a8f51dd2c99967c20e3666af04e0\">\r\n    \n<div class=\"card border-bottom\">\r\n    <div class=\"card-header p-0\" id=\"accordion-heading-block_57ab2b8c3a37ff9a5f4b5f364b7ea160\">\r\n        <button class=\"btn d-flex align-items-center w-100 text-left collapsed border-0 p-0 item-title\" type=\"button\" data-toggle=\"collapse\" data-target=\"#accordion-item-block_57ab2b8c3a37ff9a5f4b5f364b7ea160\" aria-expanded=\"false\" aria-controls=\"accordion-item-block_57ab2b8c3a37ff9a5f4b5f364b7ea160\">\r\n            <span class=\"h3 my-4 ml-2 mr-4 d-inline-block text-body\">Board members 1991\u20132024<\/span>\r\n        <\/button>\r\n    <\/div>\r\n    <div id=\"accordion-item-block_57ab2b8c3a37ff9a5f4b5f364b7ea160\" class=\"collapse\" aria-labelledby=\"accordion-heading-block_57ab2b8c3a37ff9a5f4b5f364b7ea160\">\r\n        <div class=\"card-body pt-0 pl-8 pr-4 pb-6 pb-md-10\">\r\n            \n<div class=\"wp-block-columns is-layout-flex wp-container-core-columns-is-layout-9d6595d7 wp-block-columns-is-layout-flex\"><div class=\"wp-block-column is-layout-flow wp-block-column-is-layout-flow\" style=\"flex-basis:50%\"><p>Marika Arendi Elita von Wolsky (Ritso)<br>Madis Arukask<br>Natalia Ermakov<br>Anu-Reet Hausenberg<br>Andres Heinapuu<br>Madis J\u00e4rv<br>Indrek J\u00e4\u00e4ts<br>Aivar J\u00fcrgenson<br>Kaido Kama<br>Elena Kirt<br>V\u00e4ino Klaus<br>Anna Kuznetsova<br>Ago K\u00fcnnap<br>Anti Lillak<br>Ado Lintrop<br>Oliver Loode<br>Mai Luht (V\u00f5su)<br>T\u00f5nis Lukas<br>Aet Maatee<br>Mart Meri<br>Ingrid R\u00fc\u00fctel<\/p><\/div>\n\n<div class=\"wp-block-column is-layout-flow wp-block-column-is-layout-flow\" style=\"flex-basis:50%\"><p>Jaak Prozes<br>Kadi Raudalainen<br>Kristiina Ross<br>Kirsti Ruul<br>Heigo Sahk<br>T\u00f5nu Seilenthal<br>Rein Sikk<br>Toivo Sikka (1962\u20132015)<br>Sven-Erik Soosaar<br>Piret Suurv\u00e4li<br>Eda-Riin Tuuling (Leego)<br>Igor T\u00f5nurist (1947\u20132021)<br>Halliki Uibu<br>Arvo Valton<br>Raul Veede<br>Mihkel Veiderma (1929\u20132018)<br>Kadri Viires<\/p><\/div><\/div>\n\r\n        <\/div>\r\n    <\/div>\r\n<\/div>\n\r\n<\/div><figure class=\"wp-block-gallery has-nested-images columns-default is-cropped wp-block-gallery-1 is-layout-flex wp-block-gallery-is-layout-flex\"><figure class=\"wp-block-image size-large\"><img loading=\"lazy\" decoding=\"async\" width=\"1080\" height=\"720\" data-id=\"56771\" src=\"https:\/\/fennougria.ee\/wp-content\/uploads\/2022\/06\/lk-6-7_tonu-seilenthal_foto_arp-karm-1080x720.jpg\" alt=\"\" class=\"wp-image-56771\" srcset=\"https:\/\/fennougria.ee\/wp-content\/uploads\/2022\/06\/lk-6-7_tonu-seilenthal_foto_arp-karm-1080x720.jpg 1080w, https:\/\/fennougria.ee\/wp-content\/uploads\/2022\/06\/lk-6-7_tonu-seilenthal_foto_arp-karm-600x400.jpg 600w, https:\/\/fennougria.ee\/wp-content\/uploads\/2022\/06\/lk-6-7_tonu-seilenthal_foto_arp-karm-300x200.jpg 300w, https:\/\/fennougria.ee\/wp-content\/uploads\/2022\/06\/lk-6-7_tonu-seilenthal_foto_arp-karm-768x512.jpg 768w, https:\/\/fennougria.ee\/wp-content\/uploads\/2022\/06\/lk-6-7_tonu-seilenthal_foto_arp-karm-1536x1024.jpg 1536w, https:\/\/fennougria.ee\/wp-content\/uploads\/2022\/06\/lk-6-7_tonu-seilenthal_foto_arp-karm-1200x800.jpg 1200w, https:\/\/fennougria.ee\/wp-content\/uploads\/2022\/06\/lk-6-7_tonu-seilenthal_foto_arp-karm.jpg 1600w\" sizes=\"auto, (max-width: 1080px) 100vw, 1080px\" \/><figcaption class=\"wp-element-caption\">T\u00f5nu Seilenthal<\/figcaption><\/figure>\n\n<figure class=\"wp-block-image size-large\"><img loading=\"lazy\" decoding=\"async\" width=\"518\" height=\"720\" data-id=\"51903\" src=\"https:\/\/fennougria.ee\/wp-content\/uploads\/2022\/02\/aivar-ruukel-518x720.png\" alt=\"\" class=\"wp-image-51903\" srcset=\"https:\/\/fennougria.ee\/wp-content\/uploads\/2022\/02\/aivar-ruukel-518x720.png 518w, https:\/\/fennougria.ee\/wp-content\/uploads\/2022\/02\/aivar-ruukel-288x400.png 288w, https:\/\/fennougria.ee\/wp-content\/uploads\/2022\/02\/aivar-ruukel-144x200.png 144w, https:\/\/fennougria.ee\/wp-content\/uploads\/2022\/02\/aivar-ruukel-768x1068.png 768w, https:\/\/fennougria.ee\/wp-content\/uploads\/2022\/02\/aivar-ruukel.png 870w\" sizes=\"auto, (max-width: 518px) 100vw, 518px\" \/><figcaption class=\"wp-element-caption\">Aivar Ruukel<\/figcaption><\/figure>\n\n<figure class=\"wp-block-image size-large\"><img loading=\"lazy\" decoding=\"async\" width=\"480\" height=\"720\" data-id=\"63087\" src=\"https:\/\/fennougria.ee\/wp-content\/uploads\/2023\/02\/jake_farra_0020_eki1.jpg1_-480x720.jpg\" alt=\"\" class=\"wp-image-63087\" srcset=\"https:\/\/fennougria.ee\/wp-content\/uploads\/2023\/02\/jake_farra_0020_eki1.jpg1_-480x720.jpg 480w, https:\/\/fennougria.ee\/wp-content\/uploads\/2023\/02\/jake_farra_0020_eki1.jpg1_-267x400.jpg 267w, https:\/\/fennougria.ee\/wp-content\/uploads\/2023\/02\/jake_farra_0020_eki1.jpg1_-133x200.jpg 133w, https:\/\/fennougria.ee\/wp-content\/uploads\/2023\/02\/jake_farra_0020_eki1.jpg1_-768x1152.jpg 768w, https:\/\/fennougria.ee\/wp-content\/uploads\/2023\/02\/jake_farra_0020_eki1.jpg1_-1024x1536.jpg 1024w, https:\/\/fennougria.ee\/wp-content\/uploads\/2023\/02\/jake_farra_0020_eki1.jpg1_-1200x1800.jpg 1200w, https:\/\/fennougria.ee\/wp-content\/uploads\/2023\/02\/jake_farra_0020_eki1.jpg1_.jpg 1365w\" sizes=\"auto, (max-width: 480px) 100vw, 480px\" \/><figcaption class=\"wp-element-caption\">Sven-Erik Soosaar<\/figcaption><\/figure>\n\n<figure class=\"wp-block-image size-large\"><img loading=\"lazy\" decoding=\"async\" width=\"540\" height=\"720\" data-id=\"51906\" src=\"https:\/\/fennougria.ee\/wp-content\/uploads\/2022\/02\/anti-lillak-540x720.jpg\" alt=\"\" class=\"wp-image-51906\" srcset=\"https:\/\/fennougria.ee\/wp-content\/uploads\/2022\/02\/anti-lillak-540x720.jpg 540w, https:\/\/fennougria.ee\/wp-content\/uploads\/2022\/02\/anti-lillak-300x400.jpg 300w, https:\/\/fennougria.ee\/wp-content\/uploads\/2022\/02\/anti-lillak-150x200.jpg 150w, https:\/\/fennougria.ee\/wp-content\/uploads\/2022\/02\/anti-lillak-768x1025.jpg 768w, https:\/\/fennougria.ee\/wp-content\/uploads\/2022\/02\/anti-lillak-1151x1536.jpg 1151w, https:\/\/fennougria.ee\/wp-content\/uploads\/2022\/02\/anti-lillak-1200x1601.jpg 1200w, https:\/\/fennougria.ee\/wp-content\/uploads\/2022\/02\/anti-lillak.jpg 1299w\" sizes=\"auto, (max-width: 540px) 100vw, 540px\" \/><figcaption class=\"wp-element-caption\">Anti Lillak<\/figcaption><\/figure>\n\n<figure class=\"wp-block-image size-large\"><img loading=\"lazy\" decoding=\"async\" width=\"1152\" height=\"720\" data-id=\"48200\" src=\"https:\/\/fennougria.ee\/wp-content\/uploads\/2021\/11\/madis-arukask-1152x720.png\" alt=\"Madis Arukask\" class=\"wp-image-48200\" srcset=\"https:\/\/fennougria.ee\/wp-content\/uploads\/2021\/11\/madis-arukask-1152x720.png 1152w, https:\/\/fennougria.ee\/wp-content\/uploads\/2021\/11\/madis-arukask-600x375.png 600w, https:\/\/fennougria.ee\/wp-content\/uploads\/2021\/11\/madis-arukask-300x188.png 300w, https:\/\/fennougria.ee\/wp-content\/uploads\/2021\/11\/madis-arukask-768x480.png 768w, https:\/\/fennougria.ee\/wp-content\/uploads\/2021\/11\/madis-arukask-1536x960.png 1536w, https:\/\/fennougria.ee\/wp-content\/uploads\/2021\/11\/madis-arukask-2048x1280.png 2048w, https:\/\/fennougria.ee\/wp-content\/uploads\/2021\/11\/madis-arukask-1200x750.png 1200w, https:\/\/fennougria.ee\/wp-content\/uploads\/2021\/11\/madis-arukask-1980x1238.png 1980w\" sizes=\"auto, (max-width: 1152px) 100vw, 1152px\" \/><figcaption class=\"wp-element-caption\">Madis Arukask<\/figcaption><\/figure><\/figure>","protected":false},"excerpt":{"rendered":"<p>The new board of Fenno-Ugria was chosen at the general meeting on 28 January 2022. The board consists of six members, three of whom are new. <\/p>\n","protected":false},"author":17,"featured_media":24496,"parent":18236,"menu_order":2,"comment_status":"closed","ping_status":"closed","template":"","meta":{"_acf_changed":false,"footnotes":""},"tags":[3242],"class_list":["post-18271","page","type-page","status-publish","has-post-thumbnail","hentry","tag-fenno-ugria-en"],"acf":[],"yoast_head":"<!-- This site is optimized with the Yoast SEO plugin v26.8 - https:\/\/yoast.com\/product\/yoast-seo-wordpress\/ -->\n<title>Board - Fenno-Ugria<\/title>\n<meta name=\"robots\" content=\"index, follow, max-snippet:-1, max-image-preview:large, max-video-preview:-1\" \/>\n<link rel=\"canonical\" href=\"https:\/\/fennougria.ee\/en\/organisation\/board\/\" \/>\n<meta property=\"og:locale\" content=\"en_US\" \/>\n<meta property=\"og:type\" content=\"article\" \/>\n<meta property=\"og:title\" content=\"Board - Fenno-Ugria\" \/>\n<meta property=\"og:description\" content=\"The new board of Fenno-Ugria was chosen at the general meeting on 28 January 2022. The board consists of six members, three of whom are new.\" \/>\n<meta property=\"og:url\" content=\"https:\/\/fennougria.ee\/en\/organisation\/board\/\" \/>\n<meta property=\"og:site_name\" content=\"Fenno-Ugria\" \/>\n<meta property=\"article:publisher\" content=\"https:\/\/www.facebook.com\/fennougria\/\" \/>\n<meta property=\"article:modified_time\" content=\"2026-03-11T10:37:21+00:00\" \/>\n<meta property=\"og:image\" content=\"https:\/\/fennougria.ee\/wp-content\/uploads\/2016\/11\/fenno-ugrialogohall-scaled-e1643806499407.jpg\" \/>\n\t<meta property=\"og:image:width\" content=\"2499\" \/>\n\t<meta property=\"og:image:height\" content=\"2560\" \/>\n\t<meta property=\"og:image:type\" content=\"image\/jpeg\" \/>\n<meta name=\"twitter:card\" content=\"summary_large_image\" \/>\n<meta name=\"twitter:label1\" content=\"Est. reading time\" \/>\n\t<meta name=\"twitter:data1\" content=\"5 minutes\" \/>\n<script type=\"application\/ld+json\" class=\"yoast-schema-graph\">{\"@context\":\"https:\/\/schema.org\",\"@graph\":[{\"@type\":\"WebPage\",\"@id\":\"https:\/\/fennougria.ee\/en\/organisation\/board\/\",\"url\":\"https:\/\/fennougria.ee\/en\/organisation\/board\/\",\"name\":\"Board - Fenno-Ugria\",\"isPartOf\":{\"@id\":\"https:\/\/fennougria.ee\/en\/#website\"},\"primaryImageOfPage\":{\"@id\":\"https:\/\/fennougria.ee\/en\/organisation\/board\/#primaryimage\"},\"image\":{\"@id\":\"https:\/\/fennougria.ee\/en\/organisation\/board\/#primaryimage\"},\"thumbnailUrl\":\"https:\/\/fennougria.ee\/wp-content\/uploads\/2016\/11\/fenno-ugrialogohall-scaled-e1643806499407.jpg\",\"datePublished\":\"2016-05-18T12:06:58+00:00\",\"dateModified\":\"2026-03-11T10:37:21+00:00\",\"breadcrumb\":{\"@id\":\"https:\/\/fennougria.ee\/en\/organisation\/board\/#breadcrumb\"},\"inLanguage\":\"en-US\",\"potentialAction\":[{\"@type\":\"ReadAction\",\"target\":[\"https:\/\/fennougria.ee\/en\/organisation\/board\/\"]}]},{\"@type\":\"ImageObject\",\"inLanguage\":\"en-US\",\"@id\":\"https:\/\/fennougria.ee\/en\/organisation\/board\/#primaryimage\",\"url\":\"https:\/\/fennougria.ee\/wp-content\/uploads\/2016\/11\/fenno-ugrialogohall-scaled-e1643806499407.jpg\",\"contentUrl\":\"https:\/\/fennougria.ee\/wp-content\/uploads\/2016\/11\/fenno-ugrialogohall-scaled-e1643806499407.jpg\",\"width\":2499,\"height\":2560,\"caption\":\"Kunstnikud Urmo ja T\u00fc\u00fcne-Kristin Vaikla: Veelind \/ fragment Fenno-Ugria logost\"},{\"@type\":\"BreadcrumbList\",\"@id\":\"https:\/\/fennougria.ee\/en\/organisation\/board\/#breadcrumb\",\"itemListElement\":[{\"@type\":\"ListItem\",\"position\":1,\"name\":\"Home\",\"item\":\"https:\/\/fennougria.ee\/en\/\"},{\"@type\":\"ListItem\",\"position\":2,\"name\":\"Organisation\",\"item\":\"https:\/\/fennougria.ee\/en\/organisation\/\"},{\"@type\":\"ListItem\",\"position\":3,\"name\":\"Board\"}]},{\"@type\":\"WebSite\",\"@id\":\"https:\/\/fennougria.ee\/en\/#website\",\"url\":\"https:\/\/fennougria.ee\/en\/\",\"name\":\"Fenno-Ugria\",\"description\":\"Koost\u00f6\u00f6s soome-ugri rahvastega aastast 1927\",\"potentialAction\":[{\"@type\":\"SearchAction\",\"target\":{\"@type\":\"EntryPoint\",\"urlTemplate\":\"https:\/\/fennougria.ee\/en\/?s={search_term_string}\"},\"query-input\":{\"@type\":\"PropertyValueSpecification\",\"valueRequired\":true,\"valueName\":\"search_term_string\"}}],\"inLanguage\":\"en-US\"}]}<\/script>\n<!-- \/ Yoast SEO plugin. -->","yoast_head_json":{"title":"Board - Fenno-Ugria","robots":{"index":"index","follow":"follow","max-snippet":"max-snippet:-1","max-image-preview":"max-image-preview:large","max-video-preview":"max-video-preview:-1"},"canonical":"https:\/\/fennougria.ee\/en\/organisation\/board\/","og_locale":"en_US","og_type":"article","og_title":"Board - Fenno-Ugria","og_description":"The new board of Fenno-Ugria was chosen at the general meeting on 28 January 2022. The board consists of six members, three of whom are new.","og_url":"https:\/\/fennougria.ee\/en\/organisation\/board\/","og_site_name":"Fenno-Ugria","article_publisher":"https:\/\/www.facebook.com\/fennougria\/","article_modified_time":"2026-03-11T10:37:21+00:00","og_image":[{"width":2499,"height":2560,"url":"https:\/\/fennougria.ee\/wp-content\/uploads\/2016\/11\/fenno-ugrialogohall-scaled-e1643806499407.jpg","type":"image\/jpeg"}],"twitter_card":"summary_large_image","twitter_misc":{"Est. reading time":"5 minutes"},"schema":{"@context":"https:\/\/schema.org","@graph":[{"@type":"WebPage","@id":"https:\/\/fennougria.ee\/en\/organisation\/board\/","url":"https:\/\/fennougria.ee\/en\/organisation\/board\/","name":"Board - Fenno-Ugria","isPartOf":{"@id":"https:\/\/fennougria.ee\/en\/#website"},"primaryImageOfPage":{"@id":"https:\/\/fennougria.ee\/en\/organisation\/board\/#primaryimage"},"image":{"@id":"https:\/\/fennougria.ee\/en\/organisation\/board\/#primaryimage"},"thumbnailUrl":"https:\/\/fennougria.ee\/wp-content\/uploads\/2016\/11\/fenno-ugrialogohall-scaled-e1643806499407.jpg","datePublished":"2016-05-18T12:06:58+00:00","dateModified":"2026-03-11T10:37:21+00:00","breadcrumb":{"@id":"https:\/\/fennougria.ee\/en\/organisation\/board\/#breadcrumb"},"inLanguage":"en-US","potentialAction":[{"@type":"ReadAction","target":["https:\/\/fennougria.ee\/en\/organisation\/board\/"]}]},{"@type":"ImageObject","inLanguage":"en-US","@id":"https:\/\/fennougria.ee\/en\/organisation\/board\/#primaryimage","url":"https:\/\/fennougria.ee\/wp-content\/uploads\/2016\/11\/fenno-ugrialogohall-scaled-e1643806499407.jpg","contentUrl":"https:\/\/fennougria.ee\/wp-content\/uploads\/2016\/11\/fenno-ugrialogohall-scaled-e1643806499407.jpg","width":2499,"height":2560,"caption":"Kunstnikud Urmo ja T\u00fc\u00fcne-Kristin Vaikla: Veelind \/ fragment Fenno-Ugria logost"},{"@type":"BreadcrumbList","@id":"https:\/\/fennougria.ee\/en\/organisation\/board\/#breadcrumb","itemListElement":[{"@type":"ListItem","position":1,"name":"Home","item":"https:\/\/fennougria.ee\/en\/"},{"@type":"ListItem","position":2,"name":"Organisation","item":"https:\/\/fennougria.ee\/en\/organisation\/"},{"@type":"ListItem","position":3,"name":"Board"}]},{"@type":"WebSite","@id":"https:\/\/fennougria.ee\/en\/#website","url":"https:\/\/fennougria.ee\/en\/","name":"Fenno-Ugria","description":"Koost\u00f6\u00f6s soome-ugri rahvastega aastast 1927","potentialAction":[{"@type":"SearchAction","target":{"@type":"EntryPoint","urlTemplate":"https:\/\/fennougria.ee\/en\/?s={search_term_string}"},"query-input":{"@type":"PropertyValueSpecification","valueRequired":true,"valueName":"search_term_string"}}],"inLanguage":"en-US"}]}},"_links":{"self":[{"href":"https:\/\/fennougria.ee\/en\/wp-json\/wp\/v2\/pages\/18271","targetHints":{"allow":["GET"]}}],"collection":[{"href":"https:\/\/fennougria.ee\/en\/wp-json\/wp\/v2\/pages"}],"about":[{"href":"https:\/\/fennougria.ee\/en\/wp-json\/wp\/v2\/types\/page"}],"author":[{"embeddable":true,"href":"https:\/\/fennougria.ee\/en\/wp-json\/wp\/v2\/users\/17"}],"replies":[{"embeddable":true,"href":"https:\/\/fennougria.ee\/en\/wp-json\/wp\/v2\/comments?post=18271"}],"version-history":[{"count":5,"href":"https:\/\/fennougria.ee\/en\/wp-json\/wp\/v2\/pages\/18271\/revisions"}],"predecessor-version":[{"id":72339,"href":"https:\/\/fennougria.ee\/en\/wp-json\/wp\/v2\/pages\/18271\/revisions\/72339"}],"up":[{"embeddable":true,"href":"https:\/\/fennougria.ee\/en\/wp-json\/wp\/v2\/pages\/18236"}],"wp:featuredmedia":[{"embeddable":true,"href":"https:\/\/fennougria.ee\/en\/wp-json\/wp\/v2\/media\/24496"}],"wp:attachment":[{"href":"https:\/\/fennougria.ee\/en\/wp-json\/wp\/v2\/media?parent=18271"}],"wp:term":[{"taxonomy":"post_tag","embeddable":true,"href":"https:\/\/fennougria.ee\/en\/wp-json\/wp\/v2\/tags?post=18271"}],"curies":[{"name":"wp","href":"https:\/\/api.w.org\/{rel}","templated":true}]}}