{"id":18265,"date":"2016-05-18T09:27:15","date_gmt":"2016-05-18T09:27:15","guid":{"rendered":"http:\/\/fennougria.ee\/?page_id=588"},"modified":"2023-06-20T16:59:45","modified_gmt":"2023-06-20T13:59:45","slug":"selkups","status":"publish","type":"page","link":"https:\/\/fennougria.ee\/en\/peoples\/samoyedic-peoples\/selkups\/","title":{"rendered":"Selkups"},"content":{"rendered":"<h3 id=\"heading-dbdc56f5\"><strong>Names<\/strong><\/h3><p>Selkup autonyms are &#8216;<em>s\u00f6lkup,<\/em>&nbsp;<em>sh\u00f6lkup, sh\u00f6shqum, \u010dum\u00f5l qup, s\u00fcss\u00fc qum&#8217;&nbsp;<\/em>which mean &#8220;taiga or forest person&#8221;. In the Russian language Selkups have also been called Ostyak Samoyeds. Selkups are the last tribe of the ancient and once widespread Southern Samoyeds.<\/p><figure class=\"wp-block-gallery has-nested-images columns-default is-cropped wp-block-gallery-1 is-layout-flex wp-block-gallery-is-layout-flex\"><figure class=\"wp-block-image size-large\"><img loading=\"lazy\" decoding=\"async\" width=\"1080\" height=\"720\" data-id=\"36304\" src=\"https:\/\/fennougria.ee\/wp-content\/uploads\/2021\/05\/flag_of_selkup_people-1080x720.png\" alt=\"\" class=\"wp-image-36304\" srcset=\"https:\/\/fennougria.ee\/wp-content\/uploads\/2021\/05\/flag_of_selkup_people-1080x720.png 1080w, https:\/\/fennougria.ee\/wp-content\/uploads\/2021\/05\/flag_of_selkup_people-600x400.png 600w, https:\/\/fennougria.ee\/wp-content\/uploads\/2021\/05\/flag_of_selkup_people-300x200.png 300w, https:\/\/fennougria.ee\/wp-content\/uploads\/2021\/05\/flag_of_selkup_people-768x512.png 768w, https:\/\/fennougria.ee\/wp-content\/uploads\/2021\/05\/flag_of_selkup_people.png 1200w\" sizes=\"auto, (max-width: 1080px) 100vw, 1080px\" \/><figcaption class=\"wp-element-caption\"><a href=\"https:\/\/en.wikipedia.org\/wiki\/Selkup_people\" target=\"_blank\" rel=\"noreferrer noopener\">wikipedia.org<\/a><\/figcaption><\/figure>\n\n<figure class=\"wp-block-image size-large\"><img loading=\"lazy\" decoding=\"async\" width=\"949\" height=\"720\" data-id=\"36349\" src=\"https:\/\/fennougria.ee\/wp-content\/uploads\/2021\/05\/uralic_map-1-949x720.png\" alt=\"\" class=\"wp-image-36349\" srcset=\"https:\/\/fennougria.ee\/wp-content\/uploads\/2021\/05\/uralic_map-1-949x720.png 949w, https:\/\/fennougria.ee\/wp-content\/uploads\/2021\/05\/uralic_map-1-527x400.png 527w, https:\/\/fennougria.ee\/wp-content\/uploads\/2021\/05\/uralic_map-1-264x200.png 264w, https:\/\/fennougria.ee\/wp-content\/uploads\/2021\/05\/uralic_map-1-768x583.png 768w, https:\/\/fennougria.ee\/wp-content\/uploads\/2021\/05\/uralic_map-1-1536x1165.png 1536w, https:\/\/fennougria.ee\/wp-content\/uploads\/2021\/05\/uralic_map-1-1200x910.png 1200w, https:\/\/fennougria.ee\/wp-content\/uploads\/2021\/05\/uralic_map-1.png 1798w\" sizes=\"auto, (max-width: 949px) 100vw, 949px\" \/><\/figure>\n\n<figure class=\"wp-block-image size-large\"><img loading=\"lazy\" decoding=\"async\" width=\"1085\" height=\"720\" data-id=\"36371\" src=\"https:\/\/fennougria.ee\/wp-content\/uploads\/2021\/05\/solkupid-1085x720.png\" alt=\"\" class=\"wp-image-36371\" srcset=\"https:\/\/fennougria.ee\/wp-content\/uploads\/2021\/05\/solkupid-1085x720.png 1085w, https:\/\/fennougria.ee\/wp-content\/uploads\/2021\/05\/solkupid-600x398.png 600w, https:\/\/fennougria.ee\/wp-content\/uploads\/2021\/05\/solkupid-300x200.png 300w, https:\/\/fennougria.ee\/wp-content\/uploads\/2021\/05\/solkupid-768x509.png 768w, https:\/\/fennougria.ee\/wp-content\/uploads\/2021\/05\/solkupid-1536x1019.png 1536w, https:\/\/fennougria.ee\/wp-content\/uploads\/2021\/05\/solkupid-1200x796.png 1200w, https:\/\/fennougria.ee\/wp-content\/uploads\/2021\/05\/solkupid-1980x1314.png 1980w, https:\/\/fennougria.ee\/wp-content\/uploads\/2021\/05\/solkupid.png 2032w\" sizes=\"auto, (max-width: 1085px) 100vw, 1085px\" \/><figcaption class=\"wp-element-caption\"><a href=\"https:\/\/travelask.ru\/articles\/selkupy-unikalnyy-narod-sibiri\" target=\"_blank\" rel=\"noreferrer noopener\">\u041d\u0430\u0442\u0430\u043b\u0438\u044f \u041a\u043e\u0442\u043e\u043c\u0430\u043d <\/a><\/figcaption><\/figure><\/figure><h3 id=\"heading-47f68de6\"><strong>Territory<\/strong><\/h3><p>Selkups live in Siberia around the Taz river and in the area between central streams of the Ob and Yenisey rivers, extending to Tomsk Oblast, Krasnoyarsk Krai and Yamal-Nenets Autonomous District (of Tyumen Oblast). They are the titular people in the Krasnoselkup region of Yamal-Nenets Autonomous District, but even there the share of Selkups is just 24%.<\/p><h3 id=\"heading-439c12ad\"><strong>Population and language<br><\/strong><\/h3><p>According to Russia&#8217;s 2010 census there were 3649 Selkups, a decline from 4249 in 2002. Selkup language was spoken in 2010 in Russia by 1023 persons. Missionaries used the Latin alphabet for documenting Selkup language (1879) and the written language that was developed in 1931 was originally Latin-based, however changed into Cyrillics at the end of the 1930s as part of the Russification policy. Written language is based on Northen Selkup or Taz dialect which is spoken by approximately 90 of all Selkup speakers. Other dialects (Central Selkup, Southern Selkup and Ket dialect) are either disappearing or extinct.<\/p><figure class=\"wp-block-embed is-type-video is-provider-youtube wp-block-embed-youtube wp-embed-aspect-16-9 wp-has-aspect-ratio\"><div class=\"wp-block-embed__wrapper\">\n<iframe loading=\"lazy\" title=\"SELKUP LANGUAGE, PEOPLE, &amp; CULTURE\" width=\"500\" height=\"281\" src=\"https:\/\/www.youtube.com\/embed\/l_3rZfjL_LU?feature=oembed\" frameborder=\"0\" allow=\"accelerometer; autoplay; clipboard-write; encrypted-media; gyroscope; picture-in-picture; web-share\" referrerpolicy=\"strict-origin-when-cross-origin\" allowfullscreen><\/iframe>\n<\/div><figcaption class=\"wp-element-caption\">Selkup language, people &amp; culture (Numbers, Greetings &amp; Sample Text) \/ YT@<a href=\"https:\/\/www.youtube.com\/channel\/UCpJtpB6phQSmGYqXwHMoW3g\">ILoveLanguages!<\/a><\/figcaption><\/figure><h3 id=\"heading-f0bc5c7a\"><strong>History<\/strong><\/h3><p>In the 13<sup>th<\/sup> century Selkups came under the influence and taxation of Turkic tribes. The Krasnoyarsk fort settlement (<em>ostrog<\/em>) established in 1628 brought Selkups under Russian rule. Mass forced conversions to the Orthodox church began in the 18<sup>th<\/sup> century. In the 1930s, collectivisation, forced sedentism and a militant atheism gave a terminal blow to Selkup lifestyle and traditions. In the 1960s, sedentary Selkups adopted Russian lifestyle and mass culture.<\/p><h3 id=\"heading-18c3ff92\"><strong>Modern Times<\/strong><\/h3><p>Selkups&#8217; traditional livelihoods are hunting, fishing and selling of fur. The destruction of this way of life combined with a new living environment has caused serious adaptation challenges for Selkups. Insufficient adaptation has led to high unemployment and mass alcoholism. Young people who have grown up in residential schools have been alienated from their traditional environment and their faster assimilation is only prevented by anthropological factors.<\/p>","protected":false},"excerpt":{"rendered":"<p>Selkups are the last tribe of the ancient and once widespread Southern Samoyeds.<\/p>\n","protected":false},"author":17,"featured_media":36371,"parent":18261,"menu_order":0,"comment_status":"closed","ping_status":"closed","template":"","meta":{"_acf_changed":false,"footnotes":""},"tags":[3276],"class_list":["post-18265","page","type-page","status-publish","has-post-thumbnail","hentry","tag-selkups-en"],"acf":[],"yoast_head":"<!-- This site is optimized with the Yoast SEO plugin v27.3 - https:\/\/yoast.com\/product\/yoast-seo-wordpress\/ -->\n<title>Selkups - Fenno-Ugria<\/title>\n<meta name=\"robots\" content=\"index, follow, max-snippet:-1, max-image-preview:large, max-video-preview:-1\" \/>\n<link rel=\"canonical\" href=\"https:\/\/fennougria.ee\/en\/peoples\/samoyedic-peoples\/selkups\/\" \/>\n<meta property=\"og:locale\" content=\"en_US\" \/>\n<meta property=\"og:type\" content=\"article\" \/>\n<meta property=\"og:title\" content=\"Selkups - Fenno-Ugria\" \/>\n<meta property=\"og:description\" content=\"Selkups are the last tribe of the ancient and once widespread Southern Samoyeds.\" \/>\n<meta property=\"og:url\" content=\"https:\/\/fennougria.ee\/en\/peoples\/samoyedic-peoples\/selkups\/\" \/>\n<meta property=\"og:site_name\" content=\"Fenno-Ugria\" \/>\n<meta property=\"article:publisher\" content=\"https:\/\/www.facebook.com\/fennougria\/\" \/>\n<meta property=\"article:modified_time\" content=\"2023-06-20T13:59:45+00:00\" \/>\n<meta property=\"og:image\" content=\"https:\/\/fennougria.ee\/wp-content\/uploads\/2021\/05\/solkupid-1085x720.png\" \/>\n\t<meta property=\"og:image:width\" content=\"1085\" \/>\n\t<meta property=\"og:image:height\" content=\"720\" \/>\n\t<meta property=\"og:image:type\" content=\"image\/png\" \/>\n<meta name=\"twitter:card\" content=\"summary_large_image\" \/>\n<meta name=\"twitter:label1\" content=\"Est. reading time\" \/>\n\t<meta name=\"twitter:data1\" content=\"3 minutes\" \/>\n<script type=\"application\/ld+json\" class=\"yoast-schema-graph\">{\"@context\":\"https:\\\/\\\/schema.org\",\"@graph\":[{\"@type\":\"WebPage\",\"@id\":\"https:\\\/\\\/fennougria.ee\\\/en\\\/peoples\\\/samoyedic-peoples\\\/selkups\\\/\",\"url\":\"https:\\\/\\\/fennougria.ee\\\/en\\\/peoples\\\/samoyedic-peoples\\\/selkups\\\/\",\"name\":\"Selkups - Fenno-Ugria\",\"isPartOf\":{\"@id\":\"https:\\\/\\\/fennougria.ee\\\/en\\\/#website\"},\"primaryImageOfPage\":{\"@id\":\"https:\\\/\\\/fennougria.ee\\\/en\\\/peoples\\\/samoyedic-peoples\\\/selkups\\\/#primaryimage\"},\"image\":{\"@id\":\"https:\\\/\\\/fennougria.ee\\\/en\\\/peoples\\\/samoyedic-peoples\\\/selkups\\\/#primaryimage\"},\"thumbnailUrl\":\"https:\\\/\\\/fennougria.ee\\\/wp-content\\\/uploads\\\/2021\\\/05\\\/solkupid.png\",\"datePublished\":\"2016-05-18T09:27:15+00:00\",\"dateModified\":\"2023-06-20T13:59:45+00:00\",\"breadcrumb\":{\"@id\":\"https:\\\/\\\/fennougria.ee\\\/en\\\/peoples\\\/samoyedic-peoples\\\/selkups\\\/#breadcrumb\"},\"inLanguage\":\"en-US\",\"potentialAction\":[{\"@type\":\"ReadAction\",\"target\":[\"https:\\\/\\\/fennougria.ee\\\/en\\\/peoples\\\/samoyedic-peoples\\\/selkups\\\/\"]}]},{\"@type\":\"ImageObject\",\"inLanguage\":\"en-US\",\"@id\":\"https:\\\/\\\/fennougria.ee\\\/en\\\/peoples\\\/samoyedic-peoples\\\/selkups\\\/#primaryimage\",\"url\":\"https:\\\/\\\/fennougria.ee\\\/wp-content\\\/uploads\\\/2021\\\/05\\\/solkupid.png\",\"contentUrl\":\"https:\\\/\\\/fennougria.ee\\\/wp-content\\\/uploads\\\/2021\\\/05\\\/solkupid.png\",\"width\":2032,\"height\":1348,\"caption\":\"\u041d\u0430\u0442\u0430\u043b\u0438\u044f \u041a\u043e\u0442\u043e\u043c\u0430\u043d\"},{\"@type\":\"BreadcrumbList\",\"@id\":\"https:\\\/\\\/fennougria.ee\\\/en\\\/peoples\\\/samoyedic-peoples\\\/selkups\\\/#breadcrumb\",\"itemListElement\":[{\"@type\":\"ListItem\",\"position\":1,\"name\":\"Home\",\"item\":\"https:\\\/\\\/fennougria.ee\\\/en\\\/\"},{\"@type\":\"ListItem\",\"position\":2,\"name\":\"Finno-Ugric Peoples\",\"item\":\"https:\\\/\\\/fennougria.ee\\\/en\\\/peoples\\\/\"},{\"@type\":\"ListItem\",\"position\":3,\"name\":\"Samoyedic peoples\",\"item\":\"https:\\\/\\\/fennougria.ee\\\/en\\\/peoples\\\/samoyedic-peoples\\\/\"},{\"@type\":\"ListItem\",\"position\":4,\"name\":\"Selkups\"}]},{\"@type\":\"WebSite\",\"@id\":\"https:\\\/\\\/fennougria.ee\\\/en\\\/#website\",\"url\":\"https:\\\/\\\/fennougria.ee\\\/en\\\/\",\"name\":\"Fenno-Ugria\",\"description\":\"Koost\u00f6\u00f6s soome-ugri rahvastega aastast 1927\",\"potentialAction\":[{\"@type\":\"SearchAction\",\"target\":{\"@type\":\"EntryPoint\",\"urlTemplate\":\"https:\\\/\\\/fennougria.ee\\\/en\\\/?s={search_term_string}\"},\"query-input\":{\"@type\":\"PropertyValueSpecification\",\"valueRequired\":true,\"valueName\":\"search_term_string\"}}],\"inLanguage\":\"en-US\"}]}<\/script>\n<!-- \/ Yoast SEO plugin. -->","yoast_head_json":{"title":"Selkups - Fenno-Ugria","robots":{"index":"index","follow":"follow","max-snippet":"max-snippet:-1","max-image-preview":"max-image-preview:large","max-video-preview":"max-video-preview:-1"},"canonical":"https:\/\/fennougria.ee\/en\/peoples\/samoyedic-peoples\/selkups\/","og_locale":"en_US","og_type":"article","og_title":"Selkups - Fenno-Ugria","og_description":"Selkups are the last tribe of the ancient and once widespread Southern Samoyeds.","og_url":"https:\/\/fennougria.ee\/en\/peoples\/samoyedic-peoples\/selkups\/","og_site_name":"Fenno-Ugria","article_publisher":"https:\/\/www.facebook.com\/fennougria\/","article_modified_time":"2023-06-20T13:59:45+00:00","og_image":[{"width":1085,"height":720,"url":"https:\/\/fennougria.ee\/wp-content\/uploads\/2021\/05\/solkupid-1085x720.png","type":"image\/png"}],"twitter_card":"summary_large_image","twitter_misc":{"Est. reading time":"3 minutes"},"schema":{"@context":"https:\/\/schema.org","@graph":[{"@type":"WebPage","@id":"https:\/\/fennougria.ee\/en\/peoples\/samoyedic-peoples\/selkups\/","url":"https:\/\/fennougria.ee\/en\/peoples\/samoyedic-peoples\/selkups\/","name":"Selkups - Fenno-Ugria","isPartOf":{"@id":"https:\/\/fennougria.ee\/en\/#website"},"primaryImageOfPage":{"@id":"https:\/\/fennougria.ee\/en\/peoples\/samoyedic-peoples\/selkups\/#primaryimage"},"image":{"@id":"https:\/\/fennougria.ee\/en\/peoples\/samoyedic-peoples\/selkups\/#primaryimage"},"thumbnailUrl":"https:\/\/fennougria.ee\/wp-content\/uploads\/2021\/05\/solkupid.png","datePublished":"2016-05-18T09:27:15+00:00","dateModified":"2023-06-20T13:59:45+00:00","breadcrumb":{"@id":"https:\/\/fennougria.ee\/en\/peoples\/samoyedic-peoples\/selkups\/#breadcrumb"},"inLanguage":"en-US","potentialAction":[{"@type":"ReadAction","target":["https:\/\/fennougria.ee\/en\/peoples\/samoyedic-peoples\/selkups\/"]}]},{"@type":"ImageObject","inLanguage":"en-US","@id":"https:\/\/fennougria.ee\/en\/peoples\/samoyedic-peoples\/selkups\/#primaryimage","url":"https:\/\/fennougria.ee\/wp-content\/uploads\/2021\/05\/solkupid.png","contentUrl":"https:\/\/fennougria.ee\/wp-content\/uploads\/2021\/05\/solkupid.png","width":2032,"height":1348,"caption":"\u041d\u0430\u0442\u0430\u043b\u0438\u044f \u041a\u043e\u0442\u043e\u043c\u0430\u043d"},{"@type":"BreadcrumbList","@id":"https:\/\/fennougria.ee\/en\/peoples\/samoyedic-peoples\/selkups\/#breadcrumb","itemListElement":[{"@type":"ListItem","position":1,"name":"Home","item":"https:\/\/fennougria.ee\/en\/"},{"@type":"ListItem","position":2,"name":"Finno-Ugric Peoples","item":"https:\/\/fennougria.ee\/en\/peoples\/"},{"@type":"ListItem","position":3,"name":"Samoyedic peoples","item":"https:\/\/fennougria.ee\/en\/peoples\/samoyedic-peoples\/"},{"@type":"ListItem","position":4,"name":"Selkups"}]},{"@type":"WebSite","@id":"https:\/\/fennougria.ee\/en\/#website","url":"https:\/\/fennougria.ee\/en\/","name":"Fenno-Ugria","description":"Koost\u00f6\u00f6s soome-ugri rahvastega aastast 1927","potentialAction":[{"@type":"SearchAction","target":{"@type":"EntryPoint","urlTemplate":"https:\/\/fennougria.ee\/en\/?s={search_term_string}"},"query-input":{"@type":"PropertyValueSpecification","valueRequired":true,"valueName":"search_term_string"}}],"inLanguage":"en-US"}]}},"_links":{"self":[{"href":"https:\/\/fennougria.ee\/en\/wp-json\/wp\/v2\/pages\/18265","targetHints":{"allow":["GET"]}}],"collection":[{"href":"https:\/\/fennougria.ee\/en\/wp-json\/wp\/v2\/pages"}],"about":[{"href":"https:\/\/fennougria.ee\/en\/wp-json\/wp\/v2\/types\/page"}],"author":[{"embeddable":true,"href":"https:\/\/fennougria.ee\/en\/wp-json\/wp\/v2\/users\/17"}],"replies":[{"embeddable":true,"href":"https:\/\/fennougria.ee\/en\/wp-json\/wp\/v2\/comments?post=18265"}],"version-history":[{"count":5,"href":"https:\/\/fennougria.ee\/en\/wp-json\/wp\/v2\/pages\/18265\/revisions"}],"predecessor-version":[{"id":64474,"href":"https:\/\/fennougria.ee\/en\/wp-json\/wp\/v2\/pages\/18265\/revisions\/64474"}],"up":[{"embeddable":true,"href":"https:\/\/fennougria.ee\/en\/wp-json\/wp\/v2\/pages\/18261"}],"wp:featuredmedia":[{"embeddable":true,"href":"https:\/\/fennougria.ee\/en\/wp-json\/wp\/v2\/media\/36371"}],"wp:attachment":[{"href":"https:\/\/fennougria.ee\/en\/wp-json\/wp\/v2\/media?parent=18265"}],"wp:term":[{"taxonomy":"post_tag","embeddable":true,"href":"https:\/\/fennougria.ee\/en\/wp-json\/wp\/v2\/tags?post=18265"}],"curies":[{"name":"wp","href":"https:\/\/api.w.org\/{rel}","templated":true}]}}