{"id":18259,"date":"2016-05-18T08:26:41","date_gmt":"2016-05-18T08:26:41","guid":{"rendered":"http:\/\/fennougria.ee\/?page_id=557"},"modified":"2023-06-14T10:09:22","modified_gmt":"2023-06-14T07:09:22","slug":"mansis","status":"publish","type":"page","link":"https:\/\/fennougria.ee\/en\/peoples\/mansis\/","title":{"rendered":"Mansi"},"content":{"rendered":"<h3 id=\"heading-dbdc56f5\"><strong>Names<\/strong><\/h3><p>Autonyms of the Mansi are &#8216;<em>maa\u0144\u015bi&#8217;<\/em>, &#8216;<em>maa\u0144\u015bi&#8217;, &#8216;maahum&#8217;<\/em>, &#8216;<em>m\u00e4\u0144\u015b&#8217;. <\/em>Their neighbours the Khanty and Komi-Zyrians call them &#8220;Voguls&#8221; which through the Russian language has spread more widely. The ethnonym &#8220;Mansi&#8221; can be found in Russian sources since 1785 and it has become commonplace since the 1920s . The first mention of the Mansi as &#8220;Voguls&#8221; was in Russian chronicles in 1396.<\/p><figure class=\"wp-block-gallery has-nested-images columns-default is-cropped wp-block-gallery-1 is-layout-flex wp-block-gallery-is-layout-flex\"><figure class=\"wp-block-image size-large\"><img loading=\"lazy\" decoding=\"async\" width=\"679\" height=\"512\" data-id=\"25724\" src=\"https:\/\/fennougria.ee\/wp-content\/uploads\/2019\/08\/handimansimaa.png\" alt=\"\" class=\"wp-image-25724\" srcset=\"https:\/\/fennougria.ee\/wp-content\/uploads\/2019\/08\/handimansimaa.png 679w, https:\/\/fennougria.ee\/wp-content\/uploads\/2019\/08\/handimansimaa-530x400.png 530w, https:\/\/fennougria.ee\/wp-content\/uploads\/2019\/08\/handimansimaa-265x200.png 265w\" sizes=\"auto, (max-width: 679px) 100vw, 679px\" \/><figcaption class=\"wp-element-caption\">Traditional homeland of the Khanty and Mansi<\/figcaption><\/figure>\n\n<figure class=\"wp-block-image size-large\"><img loading=\"lazy\" decoding=\"async\" width=\"1280\" height=\"640\" data-id=\"25723\" src=\"https:\/\/fennougria.ee\/wp-content\/uploads\/2019\/08\/1280px-Flag_of_Yugra.svg_.png\" alt=\"\" class=\"wp-image-25723\" srcset=\"https:\/\/fennougria.ee\/wp-content\/uploads\/2019\/08\/1280px-Flag_of_Yugra.svg_.png 1280w, https:\/\/fennougria.ee\/wp-content\/uploads\/2019\/08\/1280px-Flag_of_Yugra.svg_-600x300.png 600w, https:\/\/fennougria.ee\/wp-content\/uploads\/2019\/08\/1280px-Flag_of_Yugra.svg_-300x150.png 300w, https:\/\/fennougria.ee\/wp-content\/uploads\/2019\/08\/1280px-Flag_of_Yugra.svg_-768x384.png 768w\" sizes=\"auto, (max-width: 1280px) 100vw, 1280px\" \/><figcaption class=\"wp-element-caption\">Flag of Khanty-Mansi Autonomous Region <\/figcaption><\/figure>\n\n<figure class=\"wp-block-image size-large\"><img loading=\"lazy\" decoding=\"async\" width=\"949\" height=\"720\" data-id=\"36152\" src=\"https:\/\/fennougria.ee\/wp-content\/uploads\/2021\/05\/uralic_map-949x720.png\" alt=\"\" class=\"wp-image-36152\" srcset=\"https:\/\/fennougria.ee\/wp-content\/uploads\/2021\/05\/uralic_map-949x720.png 949w, https:\/\/fennougria.ee\/wp-content\/uploads\/2021\/05\/uralic_map-527x400.png 527w, https:\/\/fennougria.ee\/wp-content\/uploads\/2021\/05\/uralic_map-264x200.png 264w, https:\/\/fennougria.ee\/wp-content\/uploads\/2021\/05\/uralic_map-768x583.png 768w, https:\/\/fennougria.ee\/wp-content\/uploads\/2021\/05\/uralic_map-1536x1165.png 1536w, https:\/\/fennougria.ee\/wp-content\/uploads\/2021\/05\/uralic_map-1200x910.png 1200w, https:\/\/fennougria.ee\/wp-content\/uploads\/2021\/05\/uralic_map.png 1798w\" sizes=\"auto, (max-width: 949px) 100vw, 949px\" \/><\/figure><\/figure><h3 id=\"heading-47f68de6\"><strong>Territory<\/strong><\/h3><p>The Mansi live sparsely in a massive territory (523 100 km2) in northwestern Siberia between the Ural mountains and downstream of the Ob River, mostly in the Khanty-Mansi Autonomous Region of the Russian Federation, as well as partially in Yekaterinburg Oblast. According to Russia&#8217;s 2010 census, there were 12,269 Mansi, compared to 11,432 in 2002 (7.3% growth). Their mother tongue is spoken by a small proportion of them &#8211; in 2010, there were 938 speakers of the Mansi language.<br>The reason behind the population growth is the increase in state subsidies for persons living in, for instance, Khanty-Mansi Autonomous Region and who practise traditional livelihoods.&nbsp; These subsidies&nbsp;currently amount to 3,750 euros per person.<br>Due to the establishment of oil and gas fields on traditional Mansi lands, there has been an explosive growth in inward migration. Between 1938 and 1989, the population increased by 12 times. With the increase of new arrivals, the Mansi have become a tiny minority in their land: while in 1938 they made up 6.2% of the population, in 2010, their share was just 0.7%.<\/p><h3 id=\"heading-18c3ff92\"><strong>Modern Times<\/strong><\/h3><p>Aggressive industrial development has led the Mansi living environment to the brink of a catastrophe: millions of hectars of reindeer grazing areas have been destroyed and fishing waters have been polluted. Less than half of the Mansi are engaged in traditional livelihoods. The expansion of oil and gas fields often leads to forced evacuation of the Mansi to cities where they have major adaptation difficulties. The dominant attitude towards the Mansi is discrimination: they cannot find suitable jobs and they are being insulted. Alcoholism has reached mass proportions. The average life expectancy of a Mansi is 40-45 years and suicides are commonplace.<\/p><h3 id=\"heading-10819b10\"><strong>Language and Culture&nbsp;<\/strong><\/h3><p>The usage of the Mansi written language has remained very modest. As a language of education it has not established itself. Mansi children who mostly study in residential schools have been removed from their natural cultural and language environment and tend to become linguistically Russified. The national intelligentsia is usually not a carrier of its own culture. On the positive side, there is the law from 1992 that allows Siberian indigenous people to restore ownership of historical tribal lands. According to this law, industrial development on Mansi lands should require treaties and compensation payments.<\/p><h3 id=\"heading-6cec2b1e\">Further references<\/h3><p>Article from <a href=\"http:\/\/www.eki.ee\/books\/redbook\/mansis.shtml\">The Red Book of the Peoples of the Russian Empire<\/a><\/p>","protected":false},"excerpt":{"rendered":"<p>Names Autonyms of the Mansi are &#8216;maa\u0144\u015bi&#8217;, &#8216;maa\u0144\u015bi&#8217;, &#8216;maahum&#8217;, &#8216;m\u00e4\u0144\u015b&#8217;. Their neighbours the Khanty and Komi-Zyrians call them &#8220;Voguls&#8221; which through the Russian language has &hellip;<\/p>\n","protected":false},"author":17,"featured_media":24813,"parent":18227,"menu_order":8,"comment_status":"closed","ping_status":"closed","template":"","meta":{"_acf_changed":false,"footnotes":""},"tags":[3258],"class_list":["post-18259","page","type-page","status-publish","has-post-thumbnail","hentry","tag-mansi-en"],"acf":[],"yoast_head":"<!-- This site is optimized with the Yoast SEO plugin v27.3 - https:\/\/yoast.com\/product\/yoast-seo-wordpress\/ -->\n<title>Mansi - Fenno-Ugria<\/title>\n<meta name=\"robots\" content=\"index, follow, max-snippet:-1, max-image-preview:large, max-video-preview:-1\" \/>\n<link rel=\"canonical\" href=\"https:\/\/fennougria.ee\/en\/peoples\/mansis\/\" \/>\n<meta property=\"og:locale\" content=\"en_US\" \/>\n<meta property=\"og:type\" content=\"article\" \/>\n<meta property=\"og:title\" content=\"Mansi - Fenno-Ugria\" \/>\n<meta property=\"og:description\" content=\"Names Autonyms of the Mansi are &#8216;maa\u0144\u015bi&#8217;, &#8216;maa\u0144\u015bi&#8217;, &#8216;maahum&#8217;, &#8216;m\u00e4\u0144\u015b&#8217;. Their neighbours the Khanty and Komi-Zyrians call them &#8220;Voguls&#8221; which through the Russian language has &hellip;\" \/>\n<meta property=\"og:url\" content=\"https:\/\/fennougria.ee\/en\/peoples\/mansis\/\" \/>\n<meta property=\"og:site_name\" content=\"Fenno-Ugria\" \/>\n<meta property=\"article:publisher\" content=\"https:\/\/www.facebook.com\/fennougria\/\" \/>\n<meta property=\"article:modified_time\" content=\"2023-06-14T07:09:22+00:00\" \/>\n<meta property=\"og:image\" content=\"https:\/\/fennougria.ee\/wp-content\/uploads\/2017\/08\/handid-mansid-seaduse-muudatus-fennougria-uudised.jpg\" \/>\n\t<meta property=\"og:image:width\" content=\"480\" \/>\n\t<meta property=\"og:image:height\" content=\"320\" \/>\n\t<meta property=\"og:image:type\" content=\"image\/jpeg\" \/>\n<meta name=\"twitter:card\" content=\"summary_large_image\" \/>\n<meta name=\"twitter:label1\" content=\"Est. reading time\" \/>\n\t<meta name=\"twitter:data1\" content=\"4 minutes\" \/>\n<script type=\"application\/ld+json\" class=\"yoast-schema-graph\">{\"@context\":\"https:\\\/\\\/schema.org\",\"@graph\":[{\"@type\":\"WebPage\",\"@id\":\"https:\\\/\\\/fennougria.ee\\\/en\\\/peoples\\\/mansis\\\/\",\"url\":\"https:\\\/\\\/fennougria.ee\\\/en\\\/peoples\\\/mansis\\\/\",\"name\":\"Mansi - Fenno-Ugria\",\"isPartOf\":{\"@id\":\"https:\\\/\\\/fennougria.ee\\\/en\\\/#website\"},\"primaryImageOfPage\":{\"@id\":\"https:\\\/\\\/fennougria.ee\\\/en\\\/peoples\\\/mansis\\\/#primaryimage\"},\"image\":{\"@id\":\"https:\\\/\\\/fennougria.ee\\\/en\\\/peoples\\\/mansis\\\/#primaryimage\"},\"thumbnailUrl\":\"https:\\\/\\\/fennougria.ee\\\/wp-content\\\/uploads\\\/2017\\\/08\\\/handid-mansid-seaduse-muudatus-fennougria-uudised.jpg\",\"datePublished\":\"2016-05-18T08:26:41+00:00\",\"dateModified\":\"2023-06-14T07:09:22+00:00\",\"breadcrumb\":{\"@id\":\"https:\\\/\\\/fennougria.ee\\\/en\\\/peoples\\\/mansis\\\/#breadcrumb\"},\"inLanguage\":\"en-US\",\"potentialAction\":[{\"@type\":\"ReadAction\",\"target\":[\"https:\\\/\\\/fennougria.ee\\\/en\\\/peoples\\\/mansis\\\/\"]}]},{\"@type\":\"ImageObject\",\"inLanguage\":\"en-US\",\"@id\":\"https:\\\/\\\/fennougria.ee\\\/en\\\/peoples\\\/mansis\\\/#primaryimage\",\"url\":\"https:\\\/\\\/fennougria.ee\\\/wp-content\\\/uploads\\\/2017\\\/08\\\/handid-mansid-seaduse-muudatus-fennougria-uudised.jpg\",\"contentUrl\":\"https:\\\/\\\/fennougria.ee\\\/wp-content\\\/uploads\\\/2017\\\/08\\\/handid-mansid-seaduse-muudatus-fennougria-uudised.jpg\",\"width\":480,\"height\":320},{\"@type\":\"BreadcrumbList\",\"@id\":\"https:\\\/\\\/fennougria.ee\\\/en\\\/peoples\\\/mansis\\\/#breadcrumb\",\"itemListElement\":[{\"@type\":\"ListItem\",\"position\":1,\"name\":\"Home\",\"item\":\"https:\\\/\\\/fennougria.ee\\\/en\\\/\"},{\"@type\":\"ListItem\",\"position\":2,\"name\":\"Finno-Ugric Peoples\",\"item\":\"https:\\\/\\\/fennougria.ee\\\/en\\\/peoples\\\/\"},{\"@type\":\"ListItem\",\"position\":3,\"name\":\"Mansi\"}]},{\"@type\":\"WebSite\",\"@id\":\"https:\\\/\\\/fennougria.ee\\\/en\\\/#website\",\"url\":\"https:\\\/\\\/fennougria.ee\\\/en\\\/\",\"name\":\"Fenno-Ugria\",\"description\":\"Koost\u00f6\u00f6s soome-ugri rahvastega aastast 1927\",\"potentialAction\":[{\"@type\":\"SearchAction\",\"target\":{\"@type\":\"EntryPoint\",\"urlTemplate\":\"https:\\\/\\\/fennougria.ee\\\/en\\\/?s={search_term_string}\"},\"query-input\":{\"@type\":\"PropertyValueSpecification\",\"valueRequired\":true,\"valueName\":\"search_term_string\"}}],\"inLanguage\":\"en-US\"}]}<\/script>\n<!-- \/ Yoast SEO plugin. -->","yoast_head_json":{"title":"Mansi - Fenno-Ugria","robots":{"index":"index","follow":"follow","max-snippet":"max-snippet:-1","max-image-preview":"max-image-preview:large","max-video-preview":"max-video-preview:-1"},"canonical":"https:\/\/fennougria.ee\/en\/peoples\/mansis\/","og_locale":"en_US","og_type":"article","og_title":"Mansi - Fenno-Ugria","og_description":"Names Autonyms of the Mansi are &#8216;maa\u0144\u015bi&#8217;, &#8216;maa\u0144\u015bi&#8217;, &#8216;maahum&#8217;, &#8216;m\u00e4\u0144\u015b&#8217;. Their neighbours the Khanty and Komi-Zyrians call them &#8220;Voguls&#8221; which through the Russian language has &hellip;","og_url":"https:\/\/fennougria.ee\/en\/peoples\/mansis\/","og_site_name":"Fenno-Ugria","article_publisher":"https:\/\/www.facebook.com\/fennougria\/","article_modified_time":"2023-06-14T07:09:22+00:00","og_image":[{"width":480,"height":320,"url":"https:\/\/fennougria.ee\/wp-content\/uploads\/2017\/08\/handid-mansid-seaduse-muudatus-fennougria-uudised.jpg","type":"image\/jpeg"}],"twitter_card":"summary_large_image","twitter_misc":{"Est. reading time":"4 minutes"},"schema":{"@context":"https:\/\/schema.org","@graph":[{"@type":"WebPage","@id":"https:\/\/fennougria.ee\/en\/peoples\/mansis\/","url":"https:\/\/fennougria.ee\/en\/peoples\/mansis\/","name":"Mansi - Fenno-Ugria","isPartOf":{"@id":"https:\/\/fennougria.ee\/en\/#website"},"primaryImageOfPage":{"@id":"https:\/\/fennougria.ee\/en\/peoples\/mansis\/#primaryimage"},"image":{"@id":"https:\/\/fennougria.ee\/en\/peoples\/mansis\/#primaryimage"},"thumbnailUrl":"https:\/\/fennougria.ee\/wp-content\/uploads\/2017\/08\/handid-mansid-seaduse-muudatus-fennougria-uudised.jpg","datePublished":"2016-05-18T08:26:41+00:00","dateModified":"2023-06-14T07:09:22+00:00","breadcrumb":{"@id":"https:\/\/fennougria.ee\/en\/peoples\/mansis\/#breadcrumb"},"inLanguage":"en-US","potentialAction":[{"@type":"ReadAction","target":["https:\/\/fennougria.ee\/en\/peoples\/mansis\/"]}]},{"@type":"ImageObject","inLanguage":"en-US","@id":"https:\/\/fennougria.ee\/en\/peoples\/mansis\/#primaryimage","url":"https:\/\/fennougria.ee\/wp-content\/uploads\/2017\/08\/handid-mansid-seaduse-muudatus-fennougria-uudised.jpg","contentUrl":"https:\/\/fennougria.ee\/wp-content\/uploads\/2017\/08\/handid-mansid-seaduse-muudatus-fennougria-uudised.jpg","width":480,"height":320},{"@type":"BreadcrumbList","@id":"https:\/\/fennougria.ee\/en\/peoples\/mansis\/#breadcrumb","itemListElement":[{"@type":"ListItem","position":1,"name":"Home","item":"https:\/\/fennougria.ee\/en\/"},{"@type":"ListItem","position":2,"name":"Finno-Ugric Peoples","item":"https:\/\/fennougria.ee\/en\/peoples\/"},{"@type":"ListItem","position":3,"name":"Mansi"}]},{"@type":"WebSite","@id":"https:\/\/fennougria.ee\/en\/#website","url":"https:\/\/fennougria.ee\/en\/","name":"Fenno-Ugria","description":"Koost\u00f6\u00f6s soome-ugri rahvastega aastast 1927","potentialAction":[{"@type":"SearchAction","target":{"@type":"EntryPoint","urlTemplate":"https:\/\/fennougria.ee\/en\/?s={search_term_string}"},"query-input":{"@type":"PropertyValueSpecification","valueRequired":true,"valueName":"search_term_string"}}],"inLanguage":"en-US"}]}},"_links":{"self":[{"href":"https:\/\/fennougria.ee\/en\/wp-json\/wp\/v2\/pages\/18259","targetHints":{"allow":["GET"]}}],"collection":[{"href":"https:\/\/fennougria.ee\/en\/wp-json\/wp\/v2\/pages"}],"about":[{"href":"https:\/\/fennougria.ee\/en\/wp-json\/wp\/v2\/types\/page"}],"author":[{"embeddable":true,"href":"https:\/\/fennougria.ee\/en\/wp-json\/wp\/v2\/users\/17"}],"replies":[{"embeddable":true,"href":"https:\/\/fennougria.ee\/en\/wp-json\/wp\/v2\/comments?post=18259"}],"version-history":[{"count":3,"href":"https:\/\/fennougria.ee\/en\/wp-json\/wp\/v2\/pages\/18259\/revisions"}],"predecessor-version":[{"id":64442,"href":"https:\/\/fennougria.ee\/en\/wp-json\/wp\/v2\/pages\/18259\/revisions\/64442"}],"up":[{"embeddable":true,"href":"https:\/\/fennougria.ee\/en\/wp-json\/wp\/v2\/pages\/18227"}],"wp:featuredmedia":[{"embeddable":true,"href":"https:\/\/fennougria.ee\/en\/wp-json\/wp\/v2\/media\/24813"}],"wp:attachment":[{"href":"https:\/\/fennougria.ee\/en\/wp-json\/wp\/v2\/media?parent=18259"}],"wp:term":[{"taxonomy":"post_tag","embeddable":true,"href":"https:\/\/fennougria.ee\/en\/wp-json\/wp\/v2\/tags?post=18259"}],"curies":[{"name":"wp","href":"https:\/\/api.w.org\/{rel}","templated":true}]}}