{"id":18247,"date":"2016-03-29T15:22:08","date_gmt":"2016-03-29T15:22:08","guid":{"rendered":"http:\/\/fennougria.ee\/?page_id=126"},"modified":"2021-05-02T19:57:13","modified_gmt":"2021-05-02T16:57:13","slug":"films","status":"publish","type":"page","link":"https:\/\/fennougria.ee\/en\/discover\/library\/films\/","title":{"rendered":"Film Collection"},"content":{"rendered":"<p>The following Finno-Ugric documentary films can be borrowed from Fenno-Ugria:<\/p><div class=\"accordion my-10 border-top\" id=\"accordion-block_608e8583707bc\">\r\n    \n<div class=\"card border-bottom\">\r\n    <div class=\"card-header p-0\" id=\"accordion-heading-block_608ed66f8f189\">\r\n        <button class=\"btn d-flex align-items-center w-100 text-left collapsed border-0 p-0 item-title\" type=\"button\" data-toggle=\"collapse\" data-target=\"#accordion-item-block_608ed66f8f189\" aria-expanded=\"false\" aria-controls=\"accordion-item-block_608ed66f8f189\">\r\n            <span class=\"h3 my-4 ml-2 mr-4 d-inline-block text-body\">The Waterfowl People (Veelinnurahvas) \ud83c\udfa5<\/span>\r\n        <\/button>\r\n    <\/div>\r\n    <div id=\"accordion-item-block_608ed66f8f189\" class=\"collapse\" aria-labelledby=\"accordion-heading-block_608ed66f8f189\">\r\n        <div class=\"card-body pt-0 pl-8 pr-4 pb-6 pb-md-10\">\r\n            \n<div class=\"wp-block-columns is-layout-flex wp-container-core-columns-is-layout-9d6595d7 wp-block-columns-is-layout-flex\"><div class=\"wp-block-column is-layout-flow wp-block-column-is-layout-flow\"><ul class=\"wp-block-list\"><li>Director: <a href=\"https:\/\/www.imdb.com\/name\/nm0580736\/?ref_=tt_ov_dr\" target=\"_blank\" rel=\"noreferrer noopener\">Lennart Meri<\/a><\/li><li>Writer: <a href=\"https:\/\/www.imdb.com\/name\/nm0580736\/?ref_=tt_ov_wr\" target=\"_blank\" rel=\"noreferrer noopener\">Lennart Meri<\/a><\/li><\/ul>\n\n<p><em>Veelinnurahvas<\/em>&nbsp;or &#8220;The Waterfowl People&#8221; is a documentary by Estonian Lennart Meri (1929-2006) released in 1970. It depicts the contemporary life of several Finno-Ugric and Samoyedic people in Northern Europe and Siberia.&nbsp;<\/p>\n\n<p>Meri later produced six other documentaries about these people. These films area available on DVD with English subtitles under the title&nbsp;<em>Lennart Meri soome-ugri rahvaste filmients\u00fcklopeedia DVD<\/em>&nbsp;(&#8220;Lennart Meri\u2019s Finno-Ugric Peoples Film Encyclopedia DVD&#8221;).&nbsp;<\/p>\n\n<ul class=\"wp-block-list\"><li>7:30 &#8211; 8:00. <a href=\"https:\/\/fennougria.ee\/en\/peoples\/samoyedic-peoples\/nenets\/\">Nenets<\/a> woman cutting decorative patterns from reindeer hide.<\/li><li>9.00 &#8211; 10:05. <a href=\"https:\/\/fennougria.ee\/en\/peoples\/khanty\/\">Khanty<\/a> man checking fish traps.<\/li><li>10:05 &#8211; 13:10. Khanty man hewing and sewing a boat.<\/li><\/ul><\/div>\n\n<div class=\"wp-block-column is-layout-flow wp-block-column-is-layout-flow\"><figure class=\"wp-block-embed is-type-video is-provider-youtube wp-block-embed-youtube wp-embed-aspect-4-3 wp-has-aspect-ratio\"><div class=\"wp-block-embed__wrapper\">\n<iframe loading=\"lazy\" title=\"Veelinnurahvas 1970; The people of the water bird\" width=\"500\" height=\"375\" src=\"https:\/\/www.youtube.com\/embed\/2Wqd54MwUto?start=1&#038;feature=oembed\" frameborder=\"0\" allow=\"accelerometer; autoplay; clipboard-write; encrypted-media; gyroscope; picture-in-picture; web-share\" referrerpolicy=\"strict-origin-when-cross-origin\" allowfullscreen><\/iframe>\n<\/div><\/figure>\n\n<ul class=\"wp-block-list\" id=\"block-f64f3c50-26b0-47e0-ba7d-b31b00a6abcf\"><li>18:35 &#8211; 27:40. <a href=\"https:\/\/fennougria.ee\/en\/peoples\/komis\/\">Komi<\/a> hunter skiing with traditional skis, setting and checking traps &amp; making a fire during the winter.<\/li><li>27:40 &#8211; 32:45. <a href=\"https:\/\/fennougria.ee\/en\/peoples\/maris\/\">Mari<\/a> people processing hemp fibres, making bast shoes.<\/li><li>43:10- 50:00. <a href=\"https:\/\/fennougria.ee\/en\/peoples\/baltic-finnic-peoples\/karelians\/\">Karelian<\/a> woman making bread. Karelian wood architecture.<\/li><\/ul>\n\n<hr class=\"wp-block-separator\"\/>\n\n<ul class=\"is-style-links wp-block-list\"><li><a href=\"https:\/\/areena.yle.fi\/1-1710692\" target=\"_blank\" rel=\"noreferrer noopener\"><em>Veelinnurahvas<\/em>&nbsp;with a Finnish dub, Part I<\/a><\/li><li><a href=\"https:\/\/areena.yle.fi\/1-1710693\" target=\"_blank\" rel=\"noreferrer noopener\"><em>Veelinnurahvas<\/em>&nbsp;with a Finnish dub, Part II<\/a><\/li><\/ul><\/div><\/div>\n\r\n        <\/div>\r\n    <\/div>\r\n<\/div>\n\n<div class=\"card border-bottom\">\r\n    <div class=\"card-header p-0\" id=\"accordion-heading-block_608e8584707bd\">\r\n        <button class=\"btn d-flex align-items-center w-100 text-left collapsed border-0 p-0 item-title\" type=\"button\" data-toggle=\"collapse\" data-target=\"#accordion-item-block_608e8584707bd\" aria-expanded=\"false\" aria-controls=\"accordion-item-block_608e8584707bd\">\r\n            <span class=\"h3 my-4 ml-2 mr-4 d-inline-block text-body\">Juri Vella&#8217;s  World (Juri Vella maailm) \ud83c\udfa5<\/span>\r\n        <\/button>\r\n    <\/div>\r\n    <div id=\"accordion-item-block_608e8584707bd\" class=\"collapse\" aria-labelledby=\"accordion-heading-block_608e8584707bd\">\r\n        <div class=\"card-body pt-0 pl-8 pr-4 pb-6 pb-md-10\">\r\n            \n<p>This documentary is about a Forest Nenets social activist and writer Yuri Vella who left his village for the taiga to become a reindeer herder.<\/p>\n\n<div class=\"wp-block-columns is-layout-flex wp-container-core-columns-is-layout-9d6595d7 wp-block-columns-is-layout-flex\"><div class=\"wp-block-column is-layout-flow wp-block-column-is-layout-flow\"><p>Scriptwriter, director, camera and producer: Liivo Niglas<br>Produced in 2003<br>Duration: 58 min<br>In Russian and Nenets languages<br>Copies available with English, Russian, French and Estonian subtitles<br>DVD<\/p><\/div>\n\n<div class=\"wp-block-column is-layout-flow wp-block-column-is-layout-flow\"><figure class=\"wp-block-embed is-type-video is-provider-youtube wp-block-embed-youtube wp-embed-aspect-4-3 wp-has-aspect-ratio\"><div class=\"wp-block-embed__wrapper\">\n<iframe loading=\"lazy\" title=\"Yuri Vella&#039;s World- PREVIEW\" width=\"500\" height=\"375\" src=\"https:\/\/www.youtube.com\/embed\/qBNv3Ks7ovs?feature=oembed\" frameborder=\"0\" allow=\"accelerometer; autoplay; clipboard-write; encrypted-media; gyroscope; picture-in-picture; web-share\" referrerpolicy=\"strict-origin-when-cross-origin\" allowfullscreen><\/iframe>\n<\/div><\/figure><\/div><\/div>\n\r\n        <\/div>\r\n    <\/div>\r\n<\/div>\n\n<div class=\"card border-bottom\">\r\n    <div class=\"card-header p-0\" id=\"accordion-heading-block_608e85a4707be\">\r\n        <button class=\"btn d-flex align-items-center w-100 text-left collapsed border-0 p-0 item-title\" type=\"button\" data-toggle=\"collapse\" data-target=\"#accordion-item-block_608e85a4707be\" aria-expanded=\"false\" aria-controls=\"accordion-item-block_608e85a4707be\">\r\n            <span class=\"h3 my-4 ml-2 mr-4 d-inline-block text-body\">Buried Alive (Elavana maetud)<\/span>\r\n        <\/button>\r\n    <\/div>\r\n    <div id=\"accordion-item-block_608e85a4707be\" class=\"collapse\" aria-labelledby=\"accordion-heading-block_608e85a4707be\">\r\n        <div class=\"card-body pt-0 pl-8 pr-4 pb-6 pb-md-10\">\r\n            \n<p>Authors:Madis Arukask and Taisto Kalevi Raudalainen<br>Director: Maarika Lauri<br>ETV 2006<br>DVD<\/p>\n\r\n        <\/div>\r\n    <\/div>\r\n<\/div>\n\n<div class=\"card border-bottom\">\r\n    <div class=\"card-header p-0\" id=\"accordion-heading-block_608e85c2707bf\">\r\n        <button class=\"btn d-flex align-items-center w-100 text-left collapsed border-0 p-0 item-title\" type=\"button\" data-toggle=\"collapse\" data-target=\"#accordion-item-block_608e85c2707bf\" aria-expanded=\"false\" aria-controls=\"accordion-item-block_608e85c2707bf\">\r\n            <span class=\"h3 my-4 ml-2 mr-4 d-inline-block text-body\">Children of the Sun (P\u00e4ikeselapsed)<\/span>\r\n        <\/button>\r\n    <\/div>\r\n    <div id=\"accordion-item-block_608e85c2707bf\" class=\"collapse\" aria-labelledby=\"accordion-heading-block_608e85c2707bf\">\r\n        <div class=\"card-body pt-0 pl-8 pr-4 pb-6 pb-md-10\">\r\n            \n<p>A study on Udmurt identity, or an audiovisually documented socio-cultural portrait of Udmurts.<\/p>\n\n<p>Nikodemus Film 2002<br>Authors: Liis Ruussaar, Kristel Kaljund<br>In Udmurt language with Estonian subtitles<br>DVD 34 min<\/p>\n\r\n        <\/div>\r\n    <\/div>\r\n<\/div>\n\n<div class=\"card border-bottom\">\r\n    <div class=\"card-header p-0\" id=\"accordion-heading-block_608e85ea707c0\">\r\n        <button class=\"btn d-flex align-items-center w-100 text-left collapsed border-0 p-0 item-title\" type=\"button\" data-toggle=\"collapse\" data-target=\"#accordion-item-block_608e85ea707c0\" aria-expanded=\"false\" aria-controls=\"accordion-item-block_608e85ea707c0\">\r\n            <span class=\"h3 my-4 ml-2 mr-4 d-inline-block text-body\">Komi-Permian Autumn (Permikomi s\u00fcgis)<\/span>\r\n        <\/button>\r\n    <\/div>\r\n    <div id=\"accordion-item-block_608e85ea707c0\" class=\"collapse\" aria-labelledby=\"accordion-heading-block_608e85ea707c0\">\r\n        <div class=\"card-body pt-0 pl-8 pr-4 pb-6 pb-md-10\">\r\n            \n<p>Documentary about ethnic identity, assimilation and ethnic politics in contemporary Russia on the example of one Finno-Ugric people &#8211; Komi-Permyaks.<br>Author: Indrek J\u00e4\u00e4ts<br>Director and Camera: Maido Selgm\u00e4e<br>Producer: Pille Runnel \/ Estonian National Museum<br>Supporters: Eesti Kultuurkapital, H\u00f5imurahvaste Programm<br>Languages: Estonian, Russian, English<br>Duration: 57 min<br>DVD<\/p>\n\r\n        <\/div>\r\n    <\/div>\r\n<\/div>\n\n<div class=\"card border-bottom\">\r\n    <div class=\"card-header p-0\" id=\"accordion-heading-block_608e861d707c1\">\r\n        <button class=\"btn d-flex align-items-center w-100 text-left collapsed border-0 p-0 item-title\" type=\"button\" data-toggle=\"collapse\" data-target=\"#accordion-item-block_608e861d707c1\" aria-expanded=\"false\" aria-controls=\"accordion-item-block_608e861d707c1\">\r\n            <span class=\"h3 my-4 ml-2 mr-4 d-inline-block text-body\">Vahts\u00f5 ilma veere p\u00e4\u00e4l \ud83c\udfa5<\/span>\r\n        <\/button>\r\n    <\/div>\r\n    <div id=\"accordion-item-block_608e861d707c1\" class=\"collapse\" aria-labelledby=\"accordion-heading-block_608e861d707c1\">\r\n        <div class=\"card-body pt-0 pl-8 pr-4 pb-6 pb-md-10\">\r\n            \n<p>Documentary about Seto people who live across the Estonian-Russian border and their culture.<br>Script: Silvia Karro, Peeter Brambat<br>Director: Peeter Brambat<br>DVD 55 min<\/p>\n\n<div class=\"wp-block-columns is-layout-flex wp-container-core-columns-is-layout-9d6595d7 wp-block-columns-is-layout-flex\"><div class=\"wp-block-column is-layout-flow wp-block-column-is-layout-flow\"><figure class=\"wp-block-embed is-type-video is-provider-youtube wp-block-embed-youtube wp-embed-aspect-4-3 wp-has-aspect-ratio\"><div class=\"wp-block-embed__wrapper\">\n<iframe loading=\"lazy\" title=\"Vahts\u00f5 Ilma Veere P\u00e4\u00e4l 2\/4\" width=\"500\" height=\"375\" src=\"https:\/\/www.youtube.com\/embed\/HO4dWqgh6Ok?start=59&#038;feature=oembed\" frameborder=\"0\" allow=\"accelerometer; autoplay; clipboard-write; encrypted-media; gyroscope; picture-in-picture; web-share\" referrerpolicy=\"strict-origin-when-cross-origin\" allowfullscreen><\/iframe>\n<\/div><\/figure><\/div>\n\n<div class=\"wp-block-column is-layout-flow wp-block-column-is-layout-flow\"><figure class=\"wp-block-embed is-type-video is-provider-youtube wp-block-embed-youtube wp-embed-aspect-4-3 wp-has-aspect-ratio\"><div class=\"wp-block-embed__wrapper\">\n<iframe loading=\"lazy\" title=\"Vahts\u00f5 Ilma Veere P\u00e4\u00e4l 1\/4\" width=\"500\" height=\"375\" src=\"https:\/\/www.youtube.com\/embed\/BQZ1QfoZ2gc?feature=oembed\" frameborder=\"0\" allow=\"accelerometer; autoplay; clipboard-write; encrypted-media; gyroscope; picture-in-picture; web-share\" referrerpolicy=\"strict-origin-when-cross-origin\" allowfullscreen><\/iframe>\n<\/div><\/figure><\/div><\/div>\n\r\n        <\/div>\r\n    <\/div>\r\n<\/div>\n\n<div class=\"card border-bottom\">\r\n    <div class=\"card-header p-0\" id=\"accordion-heading-block_608e8657707c2\">\r\n        <button class=\"btn d-flex align-items-center w-100 text-left collapsed border-0 p-0 item-title\" type=\"button\" data-toggle=\"collapse\" data-target=\"#accordion-item-block_608e8657707c2\" aria-expanded=\"false\" aria-controls=\"accordion-item-block_608e8657707c2\">\r\n            <span class=\"h3 my-4 ml-2 mr-4 d-inline-block text-body\">Dynasty ( Suguv\u00f5sa) \ud83c\udfa5<\/span>\r\n        <\/button>\r\n    <\/div>\r\n    <div id=\"accordion-item-block_608e8657707c2\" class=\"collapse\" aria-labelledby=\"accordion-heading-block_608e8657707c2\">\r\n        <div class=\"card-body pt-0 pl-8 pr-4 pb-6 pb-md-10\">\r\n            \n<div class=\"wp-block-columns is-layout-flex wp-container-core-columns-is-layout-9d6595d7 wp-block-columns-is-layout-flex\"><div class=\"wp-block-column is-layout-flow wp-block-column-is-layout-flow\"><ul class=\"wp-block-list\"><li>Documentary about the situation and problems of Finno-Ugric languages<\/li><li>Script: Mart Meri, Mart Rannut<\/li><li>Director: Mart Taevere<\/li><li>DVD 28 min<\/li><li>Polarfilm 2009<\/li><\/ul><\/div>\n\n<div class=\"wp-block-column is-layout-flow wp-block-column-is-layout-flow\"><figure class=\"wp-block-embed is-type-video is-provider-youtube wp-block-embed-youtube wp-embed-aspect-4-3 wp-has-aspect-ratio\"><div class=\"wp-block-embed__wrapper\">\n<iframe loading=\"lazy\" title=\"Dokumentaalfilm &quot;SUGUV\u00d5SA&quot; (2009)\" width=\"500\" height=\"375\" src=\"https:\/\/www.youtube.com\/embed\/ycN7c3DP9bI?start=16&#038;feature=oembed\" frameborder=\"0\" allow=\"accelerometer; autoplay; clipboard-write; encrypted-media; gyroscope; picture-in-picture; web-share\" referrerpolicy=\"strict-origin-when-cross-origin\" allowfullscreen><\/iframe>\n<\/div><\/figure><\/div><\/div>\n\r\n        <\/div>\r\n    <\/div>\r\n<\/div>\n\r\n<\/div>","protected":false},"excerpt":{"rendered":"<p>The following Finno-Ugric documentary films can be borrowed from Fenno-Ugria:<\/p>\n","protected":false},"author":1,"featured_media":25767,"parent":60456,"menu_order":4,"comment_status":"closed","ping_status":"closed","template":"","meta":{"_acf_changed":false,"footnotes":""},"tags":[3249,3250,3299,3214],"class_list":["post-18247","page","type-page","status-publish","has-post-thumbnail","hentry","tag-documentary-films-en","tag-films-en","tag-nature-en","tag-tradition-en"],"acf":[],"yoast_head":"<!-- This site is optimized with the Yoast SEO plugin v26.8 - https:\/\/yoast.com\/product\/yoast-seo-wordpress\/ -->\n<title>Film Collection - Fenno-Ugria<\/title>\n<meta name=\"robots\" content=\"index, follow, max-snippet:-1, max-image-preview:large, max-video-preview:-1\" \/>\n<link rel=\"canonical\" href=\"https:\/\/fennougria.ee\/en\/discover\/library\/films\/\" \/>\n<meta property=\"og:locale\" content=\"en_US\" \/>\n<meta property=\"og:type\" content=\"article\" \/>\n<meta property=\"og:title\" content=\"Film Collection - Fenno-Ugria\" \/>\n<meta property=\"og:description\" content=\"The following Finno-Ugric documentary films can be borrowed from Fenno-Ugria:\" \/>\n<meta property=\"og:url\" content=\"https:\/\/fennougria.ee\/en\/discover\/library\/films\/\" \/>\n<meta property=\"og:site_name\" content=\"Fenno-Ugria\" \/>\n<meta property=\"article:publisher\" content=\"https:\/\/www.facebook.com\/fennougria\/\" \/>\n<meta property=\"article:modified_time\" content=\"2021-05-02T16:57:13+00:00\" \/>\n<meta property=\"og:image\" content=\"https:\/\/fennougria.ee\/wp-content\/uploads\/2019\/09\/Film_Enn-Sade-kinomajas_2.jpg\" \/>\n\t<meta property=\"og:image:width\" content=\"1632\" \/>\n\t<meta property=\"og:image:height\" content=\"918\" \/>\n\t<meta property=\"og:image:type\" content=\"image\/jpeg\" \/>\n<meta name=\"twitter:card\" content=\"summary_large_image\" \/>\n<meta name=\"twitter:label1\" content=\"Est. reading time\" \/>\n\t<meta name=\"twitter:data1\" content=\"2 minutes\" \/>\n<script type=\"application\/ld+json\" class=\"yoast-schema-graph\">{\"@context\":\"https:\/\/schema.org\",\"@graph\":[{\"@type\":\"WebPage\",\"@id\":\"https:\/\/fennougria.ee\/en\/discover\/library\/films\/\",\"url\":\"https:\/\/fennougria.ee\/en\/discover\/library\/films\/\",\"name\":\"Film Collection - Fenno-Ugria\",\"isPartOf\":{\"@id\":\"https:\/\/fennougria.ee\/en\/#website\"},\"primaryImageOfPage\":{\"@id\":\"https:\/\/fennougria.ee\/en\/discover\/library\/films\/#primaryimage\"},\"image\":{\"@id\":\"https:\/\/fennougria.ee\/en\/discover\/library\/films\/#primaryimage\"},\"thumbnailUrl\":\"https:\/\/fennougria.ee\/wp-content\/uploads\/2019\/09\/Film_Enn-Sade-kinomajas_2.jpg\",\"datePublished\":\"2016-03-29T15:22:08+00:00\",\"dateModified\":\"2021-05-02T16:57:13+00:00\",\"breadcrumb\":{\"@id\":\"https:\/\/fennougria.ee\/en\/discover\/library\/films\/#breadcrumb\"},\"inLanguage\":\"en-US\",\"potentialAction\":[{\"@type\":\"ReadAction\",\"target\":[\"https:\/\/fennougria.ee\/en\/discover\/library\/films\/\"]}]},{\"@type\":\"ImageObject\",\"inLanguage\":\"en-US\",\"@id\":\"https:\/\/fennougria.ee\/en\/discover\/library\/films\/#primaryimage\",\"url\":\"https:\/\/fennougria.ee\/wp-content\/uploads\/2019\/09\/Film_Enn-Sade-kinomajas_2.jpg\",\"contentUrl\":\"https:\/\/fennougria.ee\/wp-content\/uploads\/2019\/09\/Film_Enn-Sade-kinomajas_2.jpg\",\"width\":1632,\"height\":918,\"caption\":\"publik kinosaalis\"},{\"@type\":\"BreadcrumbList\",\"@id\":\"https:\/\/fennougria.ee\/en\/discover\/library\/films\/#breadcrumb\",\"itemListElement\":[{\"@type\":\"ListItem\",\"position\":1,\"name\":\"Home\",\"item\":\"https:\/\/fennougria.ee\/en\/\"},{\"@type\":\"ListItem\",\"position\":2,\"name\":\"Discover\",\"item\":\"https:\/\/fennougria.ee\/en\/discover\/\"},{\"@type\":\"ListItem\",\"position\":3,\"name\":\"Film Collection\"}]},{\"@type\":\"WebSite\",\"@id\":\"https:\/\/fennougria.ee\/en\/#website\",\"url\":\"https:\/\/fennougria.ee\/en\/\",\"name\":\"Fenno-Ugria\",\"description\":\"Koost\u00f6\u00f6s soome-ugri rahvastega aastast 1927\",\"potentialAction\":[{\"@type\":\"SearchAction\",\"target\":{\"@type\":\"EntryPoint\",\"urlTemplate\":\"https:\/\/fennougria.ee\/en\/?s={search_term_string}\"},\"query-input\":{\"@type\":\"PropertyValueSpecification\",\"valueRequired\":true,\"valueName\":\"search_term_string\"}}],\"inLanguage\":\"en-US\"}]}<\/script>\n<!-- \/ Yoast SEO plugin. -->","yoast_head_json":{"title":"Film Collection - Fenno-Ugria","robots":{"index":"index","follow":"follow","max-snippet":"max-snippet:-1","max-image-preview":"max-image-preview:large","max-video-preview":"max-video-preview:-1"},"canonical":"https:\/\/fennougria.ee\/en\/discover\/library\/films\/","og_locale":"en_US","og_type":"article","og_title":"Film Collection - Fenno-Ugria","og_description":"The following Finno-Ugric documentary films can be borrowed from Fenno-Ugria:","og_url":"https:\/\/fennougria.ee\/en\/discover\/library\/films\/","og_site_name":"Fenno-Ugria","article_publisher":"https:\/\/www.facebook.com\/fennougria\/","article_modified_time":"2021-05-02T16:57:13+00:00","og_image":[{"width":1632,"height":918,"url":"https:\/\/fennougria.ee\/wp-content\/uploads\/2019\/09\/Film_Enn-Sade-kinomajas_2.jpg","type":"image\/jpeg"}],"twitter_card":"summary_large_image","twitter_misc":{"Est. reading time":"2 minutes"},"schema":{"@context":"https:\/\/schema.org","@graph":[{"@type":"WebPage","@id":"https:\/\/fennougria.ee\/en\/discover\/library\/films\/","url":"https:\/\/fennougria.ee\/en\/discover\/library\/films\/","name":"Film Collection - Fenno-Ugria","isPartOf":{"@id":"https:\/\/fennougria.ee\/en\/#website"},"primaryImageOfPage":{"@id":"https:\/\/fennougria.ee\/en\/discover\/library\/films\/#primaryimage"},"image":{"@id":"https:\/\/fennougria.ee\/en\/discover\/library\/films\/#primaryimage"},"thumbnailUrl":"https:\/\/fennougria.ee\/wp-content\/uploads\/2019\/09\/Film_Enn-Sade-kinomajas_2.jpg","datePublished":"2016-03-29T15:22:08+00:00","dateModified":"2021-05-02T16:57:13+00:00","breadcrumb":{"@id":"https:\/\/fennougria.ee\/en\/discover\/library\/films\/#breadcrumb"},"inLanguage":"en-US","potentialAction":[{"@type":"ReadAction","target":["https:\/\/fennougria.ee\/en\/discover\/library\/films\/"]}]},{"@type":"ImageObject","inLanguage":"en-US","@id":"https:\/\/fennougria.ee\/en\/discover\/library\/films\/#primaryimage","url":"https:\/\/fennougria.ee\/wp-content\/uploads\/2019\/09\/Film_Enn-Sade-kinomajas_2.jpg","contentUrl":"https:\/\/fennougria.ee\/wp-content\/uploads\/2019\/09\/Film_Enn-Sade-kinomajas_2.jpg","width":1632,"height":918,"caption":"publik kinosaalis"},{"@type":"BreadcrumbList","@id":"https:\/\/fennougria.ee\/en\/discover\/library\/films\/#breadcrumb","itemListElement":[{"@type":"ListItem","position":1,"name":"Home","item":"https:\/\/fennougria.ee\/en\/"},{"@type":"ListItem","position":2,"name":"Discover","item":"https:\/\/fennougria.ee\/en\/discover\/"},{"@type":"ListItem","position":3,"name":"Film Collection"}]},{"@type":"WebSite","@id":"https:\/\/fennougria.ee\/en\/#website","url":"https:\/\/fennougria.ee\/en\/","name":"Fenno-Ugria","description":"Koost\u00f6\u00f6s soome-ugri rahvastega aastast 1927","potentialAction":[{"@type":"SearchAction","target":{"@type":"EntryPoint","urlTemplate":"https:\/\/fennougria.ee\/en\/?s={search_term_string}"},"query-input":{"@type":"PropertyValueSpecification","valueRequired":true,"valueName":"search_term_string"}}],"inLanguage":"en-US"}]}},"_links":{"self":[{"href":"https:\/\/fennougria.ee\/en\/wp-json\/wp\/v2\/pages\/18247","targetHints":{"allow":["GET"]}}],"collection":[{"href":"https:\/\/fennougria.ee\/en\/wp-json\/wp\/v2\/pages"}],"about":[{"href":"https:\/\/fennougria.ee\/en\/wp-json\/wp\/v2\/types\/page"}],"author":[{"embeddable":true,"href":"https:\/\/fennougria.ee\/en\/wp-json\/wp\/v2\/users\/1"}],"replies":[{"embeddable":true,"href":"https:\/\/fennougria.ee\/en\/wp-json\/wp\/v2\/comments?post=18247"}],"version-history":[{"count":4,"href":"https:\/\/fennougria.ee\/en\/wp-json\/wp\/v2\/pages\/18247\/revisions"}],"predecessor-version":[{"id":35517,"href":"https:\/\/fennougria.ee\/en\/wp-json\/wp\/v2\/pages\/18247\/revisions\/35517"}],"up":[{"embeddable":true,"href":"https:\/\/fennougria.ee\/en\/wp-json\/wp\/v2\/pages\/60456"}],"wp:featuredmedia":[{"embeddable":true,"href":"https:\/\/fennougria.ee\/en\/wp-json\/wp\/v2\/media\/25767"}],"wp:attachment":[{"href":"https:\/\/fennougria.ee\/en\/wp-json\/wp\/v2\/media?parent=18247"}],"wp:term":[{"taxonomy":"post_tag","embeddable":true,"href":"https:\/\/fennougria.ee\/en\/wp-json\/wp\/v2\/tags?post=18247"}],"curies":[{"name":"wp","href":"https:\/\/api.w.org\/{rel}","templated":true}]}}